

{"id":18,"date":"2023-01-18T14:01:55","date_gmt":"2023-01-18T19:01:55","guid":{"rendered":"https:\/\/sites.temple.edu\/vietcapacity\/?page_id=18"},"modified":"2023-01-19T08:26:30","modified_gmt":"2023-01-19T13:26:30","slug":"importance-of-viet-capacity","status":"publish","type":"page","link":"https:\/\/sites.temple.edu\/vietcapacity\/importance-of-viet-capacity\/","title":{"rendered":"Importance of Viet-Capacity"},"content":{"rendered":"\n<div class=\"wp-block-columns is-layout-flex wp-container-core-columns-is-layout-9d6595d7 wp-block-columns-is-layout-flex\">\n<div class=\"wp-block-column is-layout-flow wp-block-column-is-layout-flow\">\n<p class=\"has-text-align-left\">Stroke is a leading cause of death and disability. Many Vietnamese community members do not know the signs and symptoms of stroke. We want to help educate the<br>Vietnamese community so they will be able to recognize the signs and symptoms of stroke and know to call 911 when a stroke happens.<\/p>\n\n\n\n<p><\/p>\n<\/div>\n\n\n\n<div class=\"wp-block-column is-layout-flow wp-block-column-is-layout-flow\">\n<p class=\"has-text-align-left\">\u0110\u1ed9t qu\u1ef5 hay tai bi\u1ebfn m\u1ea1ch m\u00e1u n\u00e3o l\u00e0 nguy\u00ean nh\u00e2n h\u00e0ng \u0111\u1ea7u g\u00e2y t\u1eed vong v\u00e0 t\u00e0n t\u1eadt. Nhi\u1ec1u ng\u01b0\u1eddi trong c\u1ed9ng \u0111\u1ed3ng ng\u01b0\u1eddi Vi\u1ec7t kh\u00f4ng bi\u1ebft c\u00e1c d\u1ea5u hi\u1ec7u v\u00e0 tri\u1ec7u ch\u1ee9ng c\u1ee7a \u0111\u1ed9t<br>qu\u1ef5. Mong mu\u1ed1n c\u1ee7a ch\u00fang t\u00f4i l\u00e0 h\u01b0\u1edbng d\u1eabn c\u1ed9ng \u0111\u1ed3ng ng\u01b0\u1eddi Vi\u1ec7t kh\u00f4ng ch\u1ec9 nh\u1eadn bi\u1ebft \u0111\u01b0\u1ee3c nh\u1eefng bi\u1ec3u hi\u1ec7n v\u00e0 tri\u1ec7u ch\u1ee9ng c\u1ee7a \u0111\u1ed9t qu\u1ef5 m\u00e0 c\u00f2n nh\u1eadn bi\u1ebft \u0111\u01b0\u1ee3c 911 l\u00e0 s\u1ed1<br>\u0111i\u00ean tho\u1ea1i c\u1ee7a \u0111\u01b0\u1eddng d\u00e2y n\u00f3ng \u0111\u1ec3 li\u00ean l\u1ea1c khi \u0111\u1ed9t qu\u1ef5 x\u1ea3y ra.<\/p>\n<\/div>\n<\/div>\n","protected":false},"excerpt":{"rendered":"<p>Stroke is a leading cause of death and disability. Many Vietnamese community members do not know the signs and symptoms of stroke. We want to help educate theVietnamese community so they will be able to recognize the signs and symptoms of stroke and know to call 911 when a stroke happens. \u0110\u1ed9t qu\u1ef5 hay tai &hellip; <a href=\"https:\/\/sites.temple.edu\/vietcapacity\/importance-of-viet-capacity\/\" class=\"more-link\">Continue reading <span class=\"screen-reader-text\">Importance of Viet-Capacity<\/span> <span class=\"meta-nav\">&rarr;<\/span><\/a><\/p>\n","protected":false},"author":35041,"featured_media":0,"parent":0,"menu_order":1,"comment_status":"closed","ping_status":"closed","template":"","meta":{"footnotes":""},"class_list":["post-18","page","type-page","status-publish","hentry"],"_links":{"self":[{"href":"https:\/\/sites.temple.edu\/vietcapacity\/wp-json\/wp\/v2\/pages\/18","targetHints":{"allow":["GET"]}}],"collection":[{"href":"https:\/\/sites.temple.edu\/vietcapacity\/wp-json\/wp\/v2\/pages"}],"about":[{"href":"https:\/\/sites.temple.edu\/vietcapacity\/wp-json\/wp\/v2\/types\/page"}],"author":[{"embeddable":true,"href":"https:\/\/sites.temple.edu\/vietcapacity\/wp-json\/wp\/v2\/users\/35041"}],"replies":[{"embeddable":true,"href":"https:\/\/sites.temple.edu\/vietcapacity\/wp-json\/wp\/v2\/comments?post=18"}],"version-history":[{"count":0,"href":"https:\/\/sites.temple.edu\/vietcapacity\/wp-json\/wp\/v2\/pages\/18\/revisions"}],"wp:attachment":[{"href":"https:\/\/sites.temple.edu\/vietcapacity\/wp-json\/wp\/v2\/media?parent=18"}],"curies":[{"name":"wp","href":"https:\/\/api.w.org\/{rel}","templated":true}]}}