

{"id":496,"date":"2023-07-22T17:12:56","date_gmt":"2023-07-22T21:12:56","guid":{"rendered":"https:\/\/sites.temple.edu\/tupa\/?page_id=496"},"modified":"2023-11-08T16:25:09","modified_gmt":"2023-11-08T21:25:09","slug":"leadership","status":"publish","type":"page","link":"https:\/\/sites.temple.edu\/tupa\/leadership\/","title":{"rendered":"Leadership"},"content":{"rendered":"\n<div class=\"wp-block-media-text alignwide is-stacked-on-mobile\" style=\"grid-template-columns:24% auto\"><figure class=\"wp-block-media-text__media\"><img decoding=\"async\" width=\"216\" height=\"183\" src=\"https:\/\/sites.temple.edu\/tupa\/files\/2021\/04\/AnnaMariya.jpg\" alt=\"\" class=\"wp-image-1093 size-full\" srcset=\"https:\/\/sites.temple.edu\/tupa\/files\/2021\/04\/AnnaMariya.jpg 216w, https:\/\/sites.temple.edu\/tupa\/files\/2021\/04\/AnnaMariya-100x85.jpg 100w\" sizes=\"(max-width: 216px) 100vw, 216px\" \/><\/figure><div class=\"wp-block-media-text__content\">\n<h2 class=\"wp-block-heading\" id=\"advocacy-and-outreach-coordinator-anna-mariya-kukuyan\">Anna-Mariya Kukuyan<br><em>President<\/em><\/h2>\n\n\n\n<p>Anna-Mariya joined Dr. Tomasz Skorski&#8217;s laboratory at Fels Institute of Personalized Medicine in the Spring of 2020 where she studies DNA damage in cancer cells. She worked on her PhD research in mesothelioma in Dr. Joseph Testa&#8217;s laboratory at Fox Chase Cancer Center.<\/p>\n\n\n\n<p>Anna-Mariya is passionate about bettering postdoc life at Temple. She is a huge admirer of Temple Hospital Cafeteria, loves animals, and hopes to become a vegetarian one day.<\/p>\n\n\n\n<hr class=\"wp-block-separator has-alpha-channel-opacity\" \/>\n\n\n\n<div style=\"height:100px\" aria-hidden=\"true\" class=\"wp-block-spacer\"><\/div>\n<\/div><\/div>\n\n\n\n<div class=\"wp-block-media-text alignwide is-stacked-on-mobile is-vertically-aligned-center\" style=\"grid-template-columns:24% auto\"><figure class=\"wp-block-media-text__media\"><img fetchpriority=\"high\" decoding=\"async\" width=\"1110\" height=\"1117\" src=\"https:\/\/sites.temple.edu\/tupa\/files\/2023\/07\/Abhinav_Ayyadevara.jpg\" alt=\"\" class=\"wp-image-1411 size-full\" srcset=\"https:\/\/sites.temple.edu\/tupa\/files\/2023\/07\/Abhinav_Ayyadevara.jpg 1110w, https:\/\/sites.temple.edu\/tupa\/files\/2023\/07\/Abhinav_Ayyadevara-768x773.jpg 768w\" sizes=\"(max-width: 1110px) 100vw, 1110px\" \/><\/figure><div class=\"wp-block-media-text__content\">\n<h2 class=\"wp-block-heading\" id=\"advocacy-and-outreach-coordinator-antonia-chroni\">Abhinav Ayyadevara<br><em>Vice President<\/em><\/h2>\n\n\n\n<p>Abhinav received a Master\u2019s in biological sciences (2017) and a Ph.D. in biotechnology, science &amp; engineering (2021) degree from the University of Alabama in Huntsville (UAH). During his Ph.D., Abhinav specialized in T-cell engineering, biomolecular &amp; nanoparticle engineering, and drug delivery systems.&nbsp;<\/p>\n\n\n\n<p>Abhinav is currently working in the field of pediatric leukemia at the Lewis Katz School of Medicine (LKSOM). He aims to combine his knowledge and expertise in the understanding of the mechanisms of leukemogenesis, novel drug target identification, bioengineering &amp; drug delivery systems for the treatment of pediatric cancers in his current and future work.<\/p>\n\n\n\n<p>Abhinav joined TUPA in 2022 as a social events coordinator and is the current Vice-president of TUPA. He aims to serve the postdoc community by organizing social events, welcoming and helping incoming postdocs, and participating in activities conducted for the welfare of postdocs at Temple University.<\/p>\n\n\n\n<hr class=\"wp-block-separator has-alpha-channel-opacity\" \/>\n\n\n\n<div style=\"height:100px\" aria-hidden=\"true\" class=\"wp-block-spacer\"><\/div>\n<\/div><\/div>\n\n\n\n<div class=\"wp-block-media-text alignwide is-stacked-on-mobile is-vertically-aligned-center\" style=\"grid-template-columns:24% auto\"><figure class=\"wp-block-media-text__media\"><img decoding=\"async\" width=\"1920\" height=\"1776\" src=\"https:\/\/sites.temple.edu\/tupa\/files\/2023\/07\/Hasan-R-Kazmi-1.jpg\" alt=\"\" class=\"wp-image-1413 size-full\" srcset=\"https:\/\/sites.temple.edu\/tupa\/files\/2023\/07\/Hasan-R-Kazmi-1.jpg 1920w, https:\/\/sites.temple.edu\/tupa\/files\/2023\/07\/Hasan-R-Kazmi-1-1800x1665.jpg 1800w, https:\/\/sites.temple.edu\/tupa\/files\/2023\/07\/Hasan-R-Kazmi-1-768x710.jpg 768w, https:\/\/sites.temple.edu\/tupa\/files\/2023\/07\/Hasan-R-Kazmi-1-1536x1421.jpg 1536w, https:\/\/sites.temple.edu\/tupa\/files\/2023\/07\/Hasan-R-Kazmi-1-1568x1450.jpg 1568w\" sizes=\"(max-width: 1920px) 100vw, 1920px\" \/><\/figure><div class=\"wp-block-media-text__content\">\n<h2 class=\"wp-block-heading\" id=\"advocacy-and-outreach-coordinator-antonia-chroni\">Hasan Raza Kazmi<br><em>Secretary<\/em><\/h2>\n\n\n\n<p>Hasan earned his Ph.D. in India and is presently working at the Fels Cancer Institute in melanoma biology. He has a strong interest in cancer biology and developing tools for early diagnosis and therapeutics. Besides research work, Hasan loves to travel, spend time with family, meet new people, and play cricket and tennis.<\/p>\n\n\n\n<hr class=\"wp-block-separator has-alpha-channel-opacity\" \/>\n\n\n\n<div style=\"height:100px\" aria-hidden=\"true\" class=\"wp-block-spacer\"><\/div>\n<\/div><\/div>\n\n\n\n<div class=\"wp-block-media-text alignwide is-stacked-on-mobile\" style=\"grid-template-columns:24% auto\"><figure class=\"wp-block-media-text__media\"><img loading=\"lazy\" decoding=\"async\" width=\"498\" height=\"678\" src=\"https:\/\/sites.temple.edu\/tupa\/files\/2023\/07\/MT.png\" alt=\"\" class=\"wp-image-1638 size-full\" \/><\/figure><div class=\"wp-block-media-text__content\">\n<h2 class=\"wp-block-heading\" id=\"treasurer-wei-song\">Monika Toma<br><em>Treasurer<\/em><\/h2>\n\n\n\n<p>Monika earned her Ph.D. in \u0141\u00f3d\u017a, Poland, where she worked on a synthetic lethality approach in the treatment of melanoma and glioblastoma. She joined Dr. Skorski&#8217;s lab (Fels Cancer Institute for Personalized Medicine) in 2020, and her current research is focused on the clonal response of acute myeloid leukemia and myeloproliferative neoplasm to the treatment with DNA damage inhibitors and\/or standard treatment regimens. She is extremely passionate about her work. Monika loves outdoor activities like hiking or swimming but she will also appreciate a good nap and a lazy day at home.<\/p>\n\n\n\n<hr class=\"wp-block-separator has-alpha-channel-opacity\" \/>\n\n\n\n<div style=\"height:100px\" aria-hidden=\"true\" class=\"wp-block-spacer\"><\/div>\n<\/div><\/div>\n\n\n\n<div class=\"wp-block-media-text alignwide is-stacked-on-mobile\" style=\"grid-template-columns:24% auto\"><figure class=\"wp-block-media-text__media\"><img loading=\"lazy\" decoding=\"async\" width=\"362\" height=\"416\" src=\"https:\/\/sites.temple.edu\/tupa\/files\/2023\/11\/Coronel.jpg\" alt=\"\" class=\"wp-image-1647 size-full\" \/><\/figure><div class=\"wp-block-media-text__content\">\n<h2 class=\"wp-block-heading\" id=\"advocacy-and-outreach-coordinator-antonia-chroni\">Lucia Coronel<br><em>Social<\/em> <em>Events Coordinator<\/em><\/h2>\n\n\n\n<p>Lucia is a postdoc in the Lab of Professor Vincenzo Carnevale at the Institute for Computational Molecular Science (ICMS) at Temple University.<\/p>\n\n\n\n<p>She did her Ph.D. in biophysics on DNA-entanglement at SISSA Trieste, Italy. Now, she studies the inhibition mechanism of ion channels, in the presence of compounds or proteins, or self-assembling metamaterials, such as DNA-origami.<\/p>\n\n\n\n<p>She is passionate about a wide range of outdoor activities, from biking and hiking to simply wandering around and exploring. She is also determined to challenge gravity through pole dancing and bouldering, although, so far, gravity seems to have the upper hand. Despite that, she will describe herself as a lazy person.<\/p>\n\n\n\n<hr class=\"wp-block-separator has-alpha-channel-opacity\" \/>\n\n\n\n<div style=\"height:100px\" aria-hidden=\"true\" class=\"wp-block-spacer\"><\/div>\n<\/div><\/div>\n\n\n\n<div class=\"wp-block-media-text alignwide is-stacked-on-mobile\" style=\"grid-template-columns:24% auto\"><figure class=\"wp-block-media-text__media\"><img loading=\"lazy\" decoding=\"async\" width=\"1230\" height=\"1640\" src=\"https:\/\/sites.temple.edu\/tupa\/files\/2023\/07\/Anke-picture-bio-072023.jpg\" alt=\"\" class=\"wp-image-1412 size-full\" srcset=\"https:\/\/sites.temple.edu\/tupa\/files\/2023\/07\/Anke-picture-bio-072023.jpg 1230w, https:\/\/sites.temple.edu\/tupa\/files\/2023\/07\/Anke-picture-bio-072023-768x1024.jpg 768w, https:\/\/sites.temple.edu\/tupa\/files\/2023\/07\/Anke-picture-bio-072023-1152x1536.jpg 1152w\" sizes=\"(max-width: 1230px) 100vw, 1230px\" \/><\/figure><div class=\"wp-block-media-text__content\">\n<h2 class=\"wp-block-heading\" id=\"advocacy-and-outreach-coordinator-antonia-chroni\">Enkhee Purev<br><em>Communications Officer<\/em><\/h2>\n\n\n\n<p>Dr. Anke studied in different countries in Europe and Asia. She is a postdoctoral fellow at the Center for Lung Research of the Lewis Katz School of Medicine. She did her Ph.D. in a tech hub in Nagoya City, Japan. She likes to think about science from different angles to create new knowledge using her previous interdisciplinary experiences.<\/p>\n\n\n\n<p>She loves cooking, reading rare books, and discovering hidden sites of unexplored world. Dr. Anke wants to say to all of you, whoever reads this bio, be cool and be the one who uses your beauty of brain.<\/p>\n\n\n\n<hr class=\"wp-block-separator has-alpha-channel-opacity\" \/>\n\n\n\n<div style=\"height:100px\" aria-hidden=\"true\" class=\"wp-block-spacer\"><\/div>\n<\/div><\/div>\n\n\n\n<div class=\"wp-block-media-text alignwide is-stacked-on-mobile\" style=\"grid-template-columns:24% auto\"><figure class=\"wp-block-media-text__media\"><img loading=\"lazy\" decoding=\"async\" width=\"2560\" height=\"2560\" src=\"https:\/\/sites.temple.edu\/tupa\/files\/2023\/07\/Murillo-Gelvez_Jimmy-scaled.jpg\" alt=\"\" class=\"wp-image-1362 size-full\" srcset=\"https:\/\/sites.temple.edu\/tupa\/files\/2023\/07\/Murillo-Gelvez_Jimmy-scaled.jpg 2560w, https:\/\/sites.temple.edu\/tupa\/files\/2023\/07\/Murillo-Gelvez_Jimmy-1800x1800.jpg 1800w, https:\/\/sites.temple.edu\/tupa\/files\/2023\/07\/Murillo-Gelvez_Jimmy-300x300.jpg 300w, https:\/\/sites.temple.edu\/tupa\/files\/2023\/07\/Murillo-Gelvez_Jimmy-768x768.jpg 768w, https:\/\/sites.temple.edu\/tupa\/files\/2023\/07\/Murillo-Gelvez_Jimmy-1536x1536.jpg 1536w, https:\/\/sites.temple.edu\/tupa\/files\/2023\/07\/Murillo-Gelvez_Jimmy-2048x2048.jpg 2048w, https:\/\/sites.temple.edu\/tupa\/files\/2023\/07\/Murillo-Gelvez_Jimmy-1200x1200.jpg 1200w, https:\/\/sites.temple.edu\/tupa\/files\/2023\/07\/Murillo-Gelvez_Jimmy-100x100.jpg 100w\" sizes=\"(max-width: 2560px) 100vw, 2560px\" \/><\/figure><div class=\"wp-block-media-text__content\">\n<h2 class=\"wp-block-heading has-text-align-left\" id=\"events-coordinator-jason-pattis\">Jimmy Murillo-Gelvez<br><em>Webmaster<\/em><\/h2>\n\n\n\n<p class=\"has-normal-font-size\">Broadly, Dr. Murillo-Gelvez investigates the fate of anthropogenic pollutants in the environment. His research focuses on understanding the factors that control the degradation of contaminants under natural and engineered conditions and modeling the rates at which these processes occur. In his current position at Temple University, he investigates the degradation of per- and polyfluoroalkyl substances (PFAS) via non-thermal plasma.<\/p>\n\n\n\n<p>If not in the lab or sleeping, Jimmy enjoys hiking, reading (mostly pop science and thrillers), playing video games, growing his side hustle with his fianc\u00e9 (all things plants), and listening to music (with a predilection for rock). He joined TUPA to &#8211; jointly with the other officers &#8211; improve the postdoc experience at Temple.<\/p>\n\n\n\n<hr class=\"wp-block-separator has-alpha-channel-opacity\" \/>\n\n\n\n<div style=\"height:100px\" aria-hidden=\"true\" class=\"wp-block-spacer\"><\/div>\n<\/div><\/div>\n\n\n\n<div class=\"wp-block-media-text alignwide is-stacked-on-mobile\" style=\"grid-template-columns:24% auto\"><figure class=\"wp-block-media-text__media\"><img loading=\"lazy\" decoding=\"async\" width=\"72\" height=\"73\" src=\"https:\/\/sites.temple.edu\/tupa\/files\/2020\/04\/TUPA_Banner_Square.jpg\" alt=\"\" class=\"wp-image-482 size-full\" \/><\/figure><div class=\"wp-block-media-text__content\">\n<h2 class=\"wp-block-heading has-text-align-left\" id=\"events-coordinator-jason-pattis\">Qianhao Xiao<br><em>Outreach and Advocacy Coordinator<\/em><\/h2>\n\n\n\n<hr class=\"wp-block-separator has-alpha-channel-opacity\" \/>\n\n\n\n<div style=\"height:100px\" aria-hidden=\"true\" class=\"wp-block-spacer\"><\/div>\n<\/div><\/div>\n\n\n\n<div class=\"wp-block-media-text alignwide is-stacked-on-mobile\" style=\"grid-template-columns:24% auto\"><figure class=\"wp-block-media-text__media\"><img loading=\"lazy\" decoding=\"async\" width=\"320\" height=\"430\" src=\"https:\/\/sites.temple.edu\/tupa\/files\/2020\/09\/whelan_kelly_profile.jpg\" alt=\"\" class=\"wp-image-822 size-full\" srcset=\"https:\/\/sites.temple.edu\/tupa\/files\/2020\/09\/whelan_kelly_profile.jpg 320w, https:\/\/sites.temple.edu\/tupa\/files\/2020\/09\/whelan_kelly_profile-223x300.jpg 223w, https:\/\/sites.temple.edu\/tupa\/files\/2020\/09\/whelan_kelly_profile-74x100.jpg 74w\" sizes=\"(max-width: 320px) 100vw, 320px\" \/><\/figure><div class=\"wp-block-media-text__content\">\n<h2 class=\"wp-block-heading\" id=\"faculty-liaison-kathy-keefe\">Kathy A. Whelan<br><em>Faculty Adviser<\/em><\/h2>\n\n\n\n<p>Dr. Kelly Whelan is an Assistant Professor at the Fels Institute. Her lab takes a multi-disciplinary approach to studying pathologies of the esophageal squamous epithelium. Kelly is a mom of 2 children and 3 giant breed dogs. She enjoys hot yoga, audiobooks, and tacos.<\/p>\n\n\n\n<hr class=\"wp-block-separator has-alpha-channel-opacity\" \/>\n\n\n\n<div style=\"height:100px\" aria-hidden=\"true\" class=\"wp-block-spacer\"><\/div>\n<\/div><\/div>\n\n\n\n<div class=\"wp-block-media-text alignwide is-stacked-on-mobile\" style=\"grid-template-columns:24% auto\"><figure class=\"wp-block-media-text__media\"><img loading=\"lazy\" decoding=\"async\" width=\"361\" height=\"506\" src=\"https:\/\/sites.temple.edu\/tupa\/files\/2021\/09\/kathy-keefe.jpg\" alt=\"\" class=\"wp-image-1253 size-full\" srcset=\"https:\/\/sites.temple.edu\/tupa\/files\/2021\/09\/kathy-keefe.jpg 361w, https:\/\/sites.temple.edu\/tupa\/files\/2021\/09\/kathy-keefe-214x300.jpg 214w, https:\/\/sites.temple.edu\/tupa\/files\/2021\/09\/kathy-keefe-71x100.jpg 71w\" sizes=\"(max-width: 361px) 100vw, 361px\" \/><\/figure><div class=\"wp-block-media-text__content\">\n<h2 class=\"wp-block-heading\" id=\"faculty-liaison-kathy-keefe\">Kathy Keefe<br><em>Faculty Liaison<\/em><\/h2>\n\n\n\n<p>Dr. Kathy Keefe is an Assistant Professor in the Department of Biomedical Education and Data Sciences who teaches Neuroanatomy and Histology to medical, dental, and podiatry students. She was once a Temple postdoc herself. She loves to sing and play board games.<\/p>\n<\/div><\/div>\n","protected":false},"excerpt":{"rendered":"<p>Kathy KeefeFaculty Liaison Dr. Kathy Keefe is an Assistant Professor in the Department of Biomedical Education and Data Sciences who teaches Neuroanatomy and Histology to medical, dental, and podiatry students. She was once a Temple postdoc herself. She loves to sing and play board games.<\/p>\n","protected":false},"author":27041,"featured_media":0,"parent":0,"menu_order":0,"comment_status":"closed","ping_status":"closed","template":"","meta":{"footnotes":""},"class_list":["post-496","page","type-page","status-publish","hentry","entry"],"_links":{"self":[{"href":"https:\/\/sites.temple.edu\/tupa\/wp-json\/wp\/v2\/pages\/496","targetHints":{"allow":["GET"]}}],"collection":[{"href":"https:\/\/sites.temple.edu\/tupa\/wp-json\/wp\/v2\/pages"}],"about":[{"href":"https:\/\/sites.temple.edu\/tupa\/wp-json\/wp\/v2\/types\/page"}],"author":[{"embeddable":true,"href":"https:\/\/sites.temple.edu\/tupa\/wp-json\/wp\/v2\/users\/27041"}],"replies":[{"embeddable":true,"href":"https:\/\/sites.temple.edu\/tupa\/wp-json\/wp\/v2\/comments?post=496"}],"version-history":[{"count":16,"href":"https:\/\/sites.temple.edu\/tupa\/wp-json\/wp\/v2\/pages\/496\/revisions"}],"predecessor-version":[{"id":1648,"href":"https:\/\/sites.temple.edu\/tupa\/wp-json\/wp\/v2\/pages\/496\/revisions\/1648"}],"wp:attachment":[{"href":"https:\/\/sites.temple.edu\/tupa\/wp-json\/wp\/v2\/media?parent=496"}],"curies":[{"name":"wp","href":"https:\/\/api.w.org\/{rel}","templated":true}]}}