

{"id":256,"date":"2013-03-15T21:02:49","date_gmt":"2013-03-16T01:02:49","guid":{"rendered":"https:\/\/sites.temple.edu\/tumena\/?page_id=256"},"modified":"2015-09-22T22:52:34","modified_gmt":"2015-09-23T02:52:34","slug":"past-events","status":"publish","type":"page","link":"https:\/\/sites.temple.edu\/tumena\/past-events\/","title":{"rendered":"Past Events"},"content":{"rendered":"<p><span style=\"color: #ff0000\"><strong><span style=\"text-decoration: underline\">Spring\u00a02015 [below]<\/span><\/strong><\/span><\/p>\n<h6><span style=\"color: #ffffff;text-decoration: underline\"><strong>Symposium: The Ottoman Empire in a Trans-Imperial World<\/strong><\/span><\/h6>\n<h6><span style=\"color: #ffffff;text-decoration: underline\"><strong>2:30PM, April 17 (Friday), in the Weigley Room (Gladfelter 914)<\/strong><\/span><br \/>\n<span style=\"color: #ffffff\"><span style=\"text-decoration: underline\"><strong>Organized and Moderated by Eileen Ryan (History)<\/strong><\/span><\/span><\/h6>\n<p><span style=\"color: #ffffff\"><strong><a style=\"color: #ffffff\" href=\"https:\/\/sites.temple.edu\/tumena\/files\/2015\/04\/1200px-Turkey_in_1890.jpg\"><img loading=\"lazy\" decoding=\"async\" class=\"alignright  wp-image-441\" src=\"https:\/\/sites.temple.edu\/tumena\/files\/2015\/04\/1200px-Turkey_in_1890-300x212.jpg\" alt=\"1200px-Turkey_in_1890\" width=\"300\" height=\"212\" srcset=\"https:\/\/sites.temple.edu\/tumena\/files\/2015\/04\/1200px-Turkey_in_1890-300x212.jpg 300w, https:\/\/sites.temple.edu\/tumena\/files\/2015\/04\/1200px-Turkey_in_1890-1024x724.jpg 1024w, https:\/\/sites.temple.edu\/tumena\/files\/2015\/04\/1200px-Turkey_in_1890-424x300.jpg 424w, https:\/\/sites.temple.edu\/tumena\/files\/2015\/04\/1200px-Turkey_in_1890-900x637.jpg 900w, https:\/\/sites.temple.edu\/tumena\/files\/2015\/04\/1200px-Turkey_in_1890.jpg 1200w\" sizes=\"auto, (max-width: 300px) 100vw, 300px\" \/><\/a><\/strong>Join a panel of historians as they discuss the Ottoman Empire in the nineteenth century within\u00a0the international context. How did the Ottoman Empire adapt to a context of inter-imperial competition in an era of European expansion? What can examining the late Ottoman Empire reveal about how small and weak states interpret international law? Bringing an methodologies for the broader realm of international, trans-national, and global historiography.\u00a0 The event is sponsored by the CHAT and Middle East North Africa Study Group, the Department of History, CENFAD, and the Global Studies Program.\u00a0The scholarly guests and panelists include Matthew Ellis (Sarah Lawrence), Aimee Genell (Yale), Michael Christopher Low (Columbia), Mostafa Minawi (Cornell), and Vanessa Ogle (UPenn).<\/span><\/p>\n<p><span style=\"color: #ffffff\"><strong>Click here for the <span style=\"text-decoration: underline\"><a style=\"color: #ffffff;text-decoration: underline\" href=\"https:\/\/sites.temple.edu\/tumena\/files\/2015\/04\/OttomanistsPoster3.pdf\">flyer<\/a>!<\/span><\/strong><\/span><\/p>\n<p><span style=\"color: #ffffff\">**********<\/span><\/p>\n<p><span style=\"color: #ffffff\"><strong><span style=\"text-decoration: underline\">Art in\/of the Street: A Public Conversation with Ganzeer and Josh MacPhee 11:00AM, April 8 (Wednesday), in CHAT Lounge (Top Floor, Gladfelter Hall)<\/span><\/strong><\/span><\/p>\n<p><span style=\"color: #ffffff\"><img loading=\"lazy\" decoding=\"async\" class=\"alignright size-medium wp-image-431\" src=\"https:\/\/sites.temple.edu\/tumena\/files\/2015\/04\/MacPhee2-197x300.jpg\" alt=\"MacPhee2\" width=\"197\" height=\"300\" srcset=\"https:\/\/sites.temple.edu\/tumena\/files\/2015\/04\/MacPhee2-197x300.jpg 197w, https:\/\/sites.temple.edu\/tumena\/files\/2015\/04\/MacPhee2.jpg 620w\" sizes=\"auto, (max-width: 197px) 100vw, 197px\" \/>This event is sponsored Visual Studies Producing Space Lecture Series at Tyler School of Art, Temple University General Activities Fund, Gthe lobal Studies Program, CHAT and Middle East North Africa Group, and the Dept. of Asian and Middle East Languages and Studies.<\/span><\/p>\n<p><span style=\"color: #ffffff\">Josh MacPhee is a designer, artist, and archivist. He is a member of\u00a0 the Justseeds Artists\u2019 Cooperative (Justseeds.org), the co-author of <em>Signs of Change: Social Movement Cultures 1960s to Now<\/em>, and co-editor of <em>Signal: A Journal of International Political Graphics and Culture<\/em>. He co-founded and helps run Interference Archive, a public collection of cultural materials produced by social movements (InterferenceArchive.org).\u00a0Ganzeer is the pseudonym of an Egyptian artist operating mainly between graphic design and contemporary art since 2007. While he regards Bidoun magazine\u2019s description of him as a \u201ccontingency artist\u201d as quite accurate, he refers to his own practice as Concept Pop. Al-Monitor.com has placed him on a list of &#8220;50 People Shaping the Culture of the Middle East&#8221; (2013), and he is also one of the protagonists in a critically acclaimed documentary \u201cArt War\u201d (2014) by German director Marco Wilms. Ganzeer is currently based in Brooklyn, New York. His website is at www.ganzeer.com.<\/span><\/p>\n<h1><span style=\"color: #ffffff\">**********<\/span><\/h1>\n<h1><\/h1>\n<h1><span style=\"color: #ffffff\"><strong><span style=\"text-decoration: underline\">Islamism and the Rise of ISIS: Is the Middle East Exceptional?<\/span><\/strong><\/span><br \/>\n<span style=\"color: #ffffff\"><strong><span style=\"text-decoration: underline\">2:00PM, April 6 (Monday), in Gladfelter 107<\/span><\/strong><\/span><br \/>\n<span style=\"color: #ffffff\"><strong><span style=\"text-decoration: underline\">Dr. Shadi Hamid of the Brookings Institution (Washington, D.C.)<\/span><\/strong><\/span><\/h1>\n<p><span style=\"color: #ffffff\"><a style=\"color: #ffffff\" href=\"https:\/\/sites.temple.edu\/tumena\/files\/2015\/04\/ISIL.jpg\"><img loading=\"lazy\" decoding=\"async\" class=\"alignright size-medium wp-image-422\" src=\"https:\/\/sites.temple.edu\/tumena\/files\/2015\/04\/ISIL-300x200.jpg\" alt=\"ISIL\" width=\"300\" height=\"200\" srcset=\"https:\/\/sites.temple.edu\/tumena\/files\/2015\/04\/ISIL-300x200.jpg 300w, https:\/\/sites.temple.edu\/tumena\/files\/2015\/04\/ISIL-451x300.jpg 451w, https:\/\/sites.temple.edu\/tumena\/files\/2015\/04\/ISIL-900x599.jpg 900w, https:\/\/sites.temple.edu\/tumena\/files\/2015\/04\/ISIL.jpg 960w\" sizes=\"auto, (max-width: 300px) 100vw, 300px\" \/><\/a><\/span><\/p>\n<p><span style=\"color: #ffffff\">This special talk on the Islamic State in the Arab world\u00a0is co-sponsored by the Global Studies Program, and is free and open to the public.\u00a0 After Dr. Hamid&#8217;s remarks, Dr. Sean Yom (political science) will deliver commentary, followed by Q&amp;A with the audience.\u00a0 Join us at Temple University\u00a0for an informative talk on a pressing topic of national importance!<\/span><\/p>\n<p><span style=\"color: #ffffff\">Shadi Hamid is a fellow with the Project on U.S. Relations with the Islamic World in the<a style=\"color: #ffffff\" href=\"https:\/\/sites.temple.edu\/tumena\/files\/2014\/01\/o6_hHOyr.jpg\"><img loading=\"lazy\" decoding=\"async\" class=\"alignright  wp-image-416\" src=\"https:\/\/sites.temple.edu\/tumena\/files\/2014\/01\/o6_hHOyr-300x300.jpg\" alt=\"Shadi Hamid\" width=\"126\" height=\"126\" srcset=\"https:\/\/sites.temple.edu\/tumena\/files\/2014\/01\/o6_hHOyr-300x300.jpg 300w, https:\/\/sites.temple.edu\/tumena\/files\/2014\/01\/o6_hHOyr-150x150.jpg 150w, https:\/\/sites.temple.edu\/tumena\/files\/2014\/01\/o6_hHOyr-144x144.jpg 144w, https:\/\/sites.temple.edu\/tumena\/files\/2014\/01\/o6_hHOyr.jpg 512w\" sizes=\"auto, (max-width: 126px) 100vw, 126px\" \/><\/a> Center for Middle East Policy, and the author of <em>Temptations of Power: Islamists and Illiberal Democracy in a New Middle East<\/em> (Oxford University Press, 2014). He served as director of research at the Brookings Doha Center until January 2014. Prior to joining Brookings, Hamid was director of research at the Project on Middle East Democracy (POMED) and a Hewlett Fellow at Stanford University&#8217;s Center on Democracy, Development, and the Rule of Law. Hamid is currently vice-chair of POMED&#8217;s board of directors, a member of the World Bank\u2019s MENA Advisory Panel and a contributing writer for <em>The Atlantic<\/em>.<\/span><\/p>\n<p><span style=\"color: #ffffff\"><strong>See <span style=\"text-decoration: underline\"><a style=\"color: #ffffff;text-decoration: underline\" href=\"https:\/\/sites.temple.edu\/tumena\/files\/2015\/04\/Map.jpg\">this map<\/a><\/span> for building location, and <a style=\"color: #ffffff\" href=\"http:\/\/campusoperations.temple.edu\/parking-transportation\/parking-rates\/visitor-parking-rates\"><span style=\"text-decoration: underline\">this link<\/span><\/a> for parking options.\u00a0 Also see <a style=\"color: #ffffff\" href=\"https:\/\/sites.temple.edu\/tumena\/files\/2014\/01\/Event.pdf\"><span style=\"text-decoration: underline\">our flyer<\/span><\/a>!<\/strong>\u00a0<\/span><\/p>\n<p>&nbsp;<\/p>\n<p><span style=\"color: #ff0000\"><strong><span style=\"text-decoration: underline\">Fall 2014 [below]<\/span><\/strong><\/span><\/p>\n<p><span style=\"color: #ffffff\"><strong><span style=\"text-decoration: underline\">Graffiti and the Current Arab Uprisings: Street Talk or Talk of the Street?<\/span><\/strong><\/span><br \/>\n<span style=\"color: #ffffff\"> <strong><span style=\"text-decoration: underline\">12:00pm, October 8, in 821 Anderson Hall (Women\u2019s Study Lounge)<\/span><\/strong><\/span><br \/>\n<span style=\"color: #ffffff\"> <strong><span style=\"text-decoration: underline\">Professor Alexa Firat, Temple University<\/span><\/strong><\/span><\/p>\n<p style=\"text-align: left\"><span style=\"color: #ffffff\">Professor Firat will discuss the phenomena of graffiti and street art as elements of public discourse in the current Middle East North Africa uprisings.<\/span><\/p>\n<p style=\"text-align: left\"><span style=\"color: #ffffff\"><a style=\"color: #ffffff\" href=\"https:\/\/sites.temple.edu\/tumena\/files\/2014\/12\/AMLS-Lecture-Series.pdf\"><strong>AMLS Lecture Series<\/strong><\/a><\/span><\/p>\n<p style=\"text-align: left\"><span style=\"color: #ffffff\">**********<\/span><\/p>\n<p style=\"text-align: left\"><span style=\"color: #ffffff\"><strong><span style=\"text-decoration: underline\">6pm, October 2 (Thursday), Temple Contemporary Gallery, Tyler School of Art<\/span><\/strong><\/span><br \/>\n<span style=\"color: #ffffff\"> <strong><span style=\"text-decoration: underline\">Artist Emily Jacir: a discussion with the acclaimed artist about her work.<\/span><\/strong><\/span><\/p>\n<p><span style=\"color: #ffffff\"><a style=\"color: #ffffff\" href=\"http:\/\/tyler.temple.edu\/events\/emily-jacir\">emily jacir flyer<\/a><\/span><\/p>\n<p><span style=\"color: #000000\">\u00a0<\/span><\/p>\n<p><span style=\"color: #000000\">\u00a0<\/span><\/p>\n<p><span style=\"color: #ff0000;text-decoration: underline\"><strong>Spring 2014 [below]<\/strong><\/span><\/p>\n<p><span style=\"color: #ffffff\"><span style=\"text-decoration: underline\"><strong>5:30PM, 24 April (Thursday), in Walk Auditorium (Ritter Hall) <\/strong><\/span><br \/>\n<span style=\"text-decoration: underline\"><strong>&#8220;In Between&#8221; \u2014 A Performance and Discussion <\/strong><\/span><br \/>\n<span style=\"text-decoration: underline\"><strong>Ibrahim Miari, Playwright and Lecturer, Philadelphia<\/strong><\/span><br \/>\n<\/span><\/p>\n<p><span style=\"color: #ffffff\">&#8220;In Between&#8221; is a semi-autobiographical performance about Ibrahim&#8217;s experience growing up in Israel in a mixed Jewish and Muslim family. Garnering numerous accolades, the play addresses issues of cultural identity, religious conflict, intermarriage, racial profiling, and political tensions between Jews and Arabs in Israel. Ibrahim has performed the play nationally, with recent shows at Michigan State University, Brandeis University, and Skidmore College, among others. He has also performed at international theater festivals.<\/span><\/p>\n<p><span style=\"color: #ffffff\"><a style=\"color: #ffffff\" href=\"https:\/\/sites.temple.edu\/tumena\/files\/2014\/04\/2014.04.24.Ibrahim-Miari-Flyer.pdf\">Ibrahim-Miari Flyer<\/a><\/span><\/p>\n<p><span style=\"color: #ffffff\">**********<\/span><\/p>\n<p><span style=\"color: #ffffff;text-decoration: underline\"><strong>1:00PM, 9 April (Wednesday), in CHAT Lounge (Gladfelter Hall, 10th Floor) <\/strong><\/span><br \/>\n<span style=\"color: #ffffff;text-decoration: underline\"> <strong>&#8220;A Day in a Woman\u2019s Life&#8221;\u2014A Reading and Discussion <\/strong><\/span><br \/>\n<span style=\"color: #ffffff;text-decoration: underline\"> <strong>Bina Sharif, Playwright and Actress, New York City<\/strong><\/span><\/p>\n<p><span style=\"color: #ffffff\">In celebration of Women\u2019s History Month, the MENA group has invited Bina Sharif to Temple University. Ms. Sharif is a ground-breaking playwright, poet, and actress whose work has dealt with Islam, gender, democracy, terrorism, and war. Her one-woman play, Afghan Women, has been continually performed for over 12 years in the US, Europe, and Pakistan. A winner of numerous playwriting awards, Ms. Sharif holds a medical degree from Pakistan and a Master in Public Health degree from The Johns Hopkins University. She will be reading from her latest work, A Day in a Woman\u2019s Life, followed by discussion.<\/span><\/p>\n<p><span style=\"color: #ffffff\"><a style=\"color: #ffffff\" href=\"https:\/\/sites.temple.edu\/tumena\/files\/2014\/03\/Bina-Sharif-Flyer.pdf\">Bina Sharif Flyer<\/a><\/span><\/p>\n<p><span style=\"color: #ffffff\">**********<\/span><\/p>\n<p><span style=\"color: #ffffff;text-decoration: underline\"><strong>12:00PM, 3 February (Mon.), in Anderson Hall 821 (Women&#8217;s Study Lounge)<\/strong><\/span><br \/>\n<span style=\"color: #ffffff;text-decoration: underline\"> <strong>&#8220;Beyond Gezi: Claiming Places, Voices and Values in Istanbul&#8221;<\/strong><\/span><br \/>\n<span style=\"color: #ffffff;text-decoration: underline\"> <strong>Dr. Meltem Turkoz (Dept. Humanities and Social Sciences, Isik University, Turkey)<\/strong><\/span><\/p>\n<p><span style=\"color: #ffffff\">This special talk will focus on discussions about value and values among urban initiatives and solidarity groups formed in Istanbul following last summer&#8217;s protests. Neighborhood park forums were launched immediately after Gezi Park was shut down and became venues for multivocal engagement. Additionally, groups of academics, activists and workers formed \u201csolidarity groups\u201d to protect heritage sites such as the Hali\u00e7 Shipyards, Yedikule Gardens and Haydarpa\u015fa Station from development. Other place-based initiatives have involved the creation of neighborhood squatter homes and alternative cafes as spaces for gift economies.<\/span><\/p>\n<p><span style=\"color: #ffffff\"><a style=\"color: #ffffff\" href=\"https:\/\/sites.temple.edu\/tumena\/files\/2011\/11\/turkoz-talk-flyer.pdf\">Turkoz Flyer<\/a><\/span><\/p>\n<p><span style=\"color: #000000\">\u00a0<\/span><\/p>\n<p>&nbsp;<\/p>\n<h1><span style=\"color: #ff0000;text-decoration: underline\">Spring 2013 [below]<\/span><\/h1>\n<h6><span style=\"color: #ffffff\"><span style=\"text-decoration: underline\"><strong>3<\/strong><\/span><span style=\"text-decoration: underline\"><strong>0 January (Wed.), 12:00pm-1:30pm in CHAT Lounge (Gladfelter Hall, 10th Floor): <strong>&#8220;Turkey and the Arab Spring&#8221; (Co-hosted with Department of Political Science)<\/strong><\/strong><\/span><\/span><\/h6>\n<h6><span style=\"color: #ffffff\"><strong>Dr. Meltem M\u00fcft\u00fcler-Ba\u00e7 (International Relations\/Jean Monnet Chair, Sabanci University)<\/strong><\/span><\/h6>\n<p><span style=\"color: #ffffff\">A lecture on the role of Turkey in maintaining regional stability in a context of revolutionary change and economic uncertainty.<\/span><\/p>\n<p><span style=\"color: #ffffff\"><a style=\"color: #ffffff\" href=\"https:\/\/sites.temple.edu\/tumena\/files\/2013\/04\/M-1.jpg\"><img loading=\"lazy\" decoding=\"async\" src=\"https:\/\/sites.temple.edu\/tumena\/files\/2013\/04\/M-1-300x225.jpg\" alt=\"M (1)\" width=\"300\" height=\"225\" \/><\/a><\/span><\/p>\n<p><span style=\"color: #ffffff\">**********<\/span><\/p>\n<p><span style=\"color: #ffffff;text-decoration: underline\"><strong><strong><strong><strong>27 March (Wed.), 2:00pm-3:30pm in CHAT Lounge (Gladfelter Hall, 10th Floor)<\/strong>: &#8220;<\/strong><strong>Breaking the Barrier of Fear: Syrian Refugees Narrate the Uprising&#8221;<\/strong><\/strong><\/strong><strong><strong><br \/>\n<\/strong><\/strong><\/span><\/p>\n<h6><span style=\"color: #ffffff\"><strong>Dr. Wendy Pearlman (Department of Political Science, Northwestern University)<\/strong><\/span><\/h6>\n<p><span style=\"color: #ffffff\">A public lecture on the emotive mechanisms and historical narratives used by Syrian refugees in Jordan to describe the Syrian civil war, with evidence taken from interview-based fieldwork.<\/span><\/p>\n<p><span style=\"color: #ffffff\"><a style=\"color: #ffffff\" href=\"https:\/\/sites.temple.edu\/tumena\/files\/2013\/04\/P-1-and-2.jpg\"><img loading=\"lazy\" decoding=\"async\" src=\"https:\/\/sites.temple.edu\/tumena\/files\/2013\/04\/P-1-and-2-1024x378.jpg\" alt=\"P (1 and 2)\" width=\"584\" height=\"215\" \/><\/a><\/span><\/p>\n<p><span style=\"color: #ffffff\">**********<\/span><\/p>\n<p><span style=\"color: #ffffff\"><strong><span style=\"text-decoration: underline\"><strong><strong>8 April (Mon.), 3:30pm-5:30pm in Anderson Lecture Hall <\/strong><\/strong><strong><strong>14: <\/strong><\/strong><\/span><\/strong><strong><span style=\"text-decoration: underline\">&#8220;Brokers of Deceit: How the US has Undermined Peace in the Middle East&#8221; (Co-hosted with Department of History and CENFAD)<\/span><\/strong><\/span><\/p>\n<h6><span style=\"color: #ffffff\"><strong>Dr. <\/strong><strong>Rashid Khalidi (Department of History, Columbia University)<\/strong><\/span><\/h6>\n<p><span style=\"color: #ffffff\">A public talk by Dr. Khalidi of his latest work about American foreign policy in the Arab world.<\/span><\/p>\n<p><span style=\"color: #ffffff\"><a style=\"color: #ffffff\" href=\"https:\/\/sites.temple.edu\/tumena\/files\/2013\/04\/K-1-and-2.jpg\"><img loading=\"lazy\" decoding=\"async\" src=\"https:\/\/sites.temple.edu\/tumena\/files\/2013\/04\/K-1-and-2-1024x283.jpg\" alt=\"K (1 and 2)\" width=\"584\" height=\"161\" \/><\/a><\/span><\/p>\n<h1><span style=\"color: #ffffff\">**********<\/span><\/h1>\n<h1>\u00a0<span style=\"color: #ffffff;text-decoration: underline\"><strong>10 April (Wed.), Tech Center 111, 2-4pm: <\/strong><strong>&#8220;The Economic Dimensions of the Arab Spring&#8221;<\/strong><\/span><\/h1>\n<h6><span style=\"color: #ffffff\"><strong>Mr. Riad al-Khouri (Principal and Senior Economist, DEA Inc., Amman\/Washington, D.C.)<\/strong><\/span><\/h6>\n<p><span style=\"color: #ffffff\">A lecture on the impact of political change on the economies of the Arab world, drawing upon examples from both rich oil producers and non-oil producing countries. Q&amp;A to follow.<\/span><\/p>\n<p><span style=\"color: #ffffff\"><a style=\"color: #ffffff\" href=\"https:\/\/sites.temple.edu\/tumena\/files\/2013\/04\/A-1.jpg\"><img loading=\"lazy\" decoding=\"async\" src=\"https:\/\/sites.temple.edu\/tumena\/files\/2013\/04\/A-1-224x300.jpg\" alt=\"A (1)\" width=\"224\" height=\"300\" \/><\/a><a style=\"color: #ffffff\" href=\"https:\/\/sites.temple.edu\/tumena\/files\/2013\/04\/A-2.jpg\"><img loading=\"lazy\" decoding=\"async\" src=\"https:\/\/sites.temple.edu\/tumena\/files\/2013\/04\/A-2-224x300.jpg\" alt=\"A (2)\" width=\"224\" height=\"300\" \/><\/a><\/span><\/p>\n<p><span style=\"color: #000000\">\u00a0<\/span><\/p>\n<p><span style=\"color: #000000\">\u00a0<\/span><\/p>\n<h1><span style=\"color: #ff0000\"><span style=\"text-decoration: underline\"><strong>Spring 2012 [below]<\/strong><\/span><\/span><\/h1>\n<h6><span style=\"color: #ffffff\"><span style=\"text-decoration: underline\"><strong>29 February (Wed.<\/strong>)<strong>, 2:30pm-4:30pm in CHAT Lounge (Gladfelter Hall, 10th Floor): <\/strong><\/span><span style=\"text-decoration: underline\"><strong>Symposium on Anthropology Abroad Program in Oman for Spring 2013<\/strong><\/span><\/span><br \/>\n<span style=\"color: #ffffff\"> <strong>Dr. Kimberly Williams (Anthropology)<\/strong><\/span><\/h6>\n<p><span style=\"color: #ffffff\">An afternoon of presentations from student researchers from the Department of Anthropology who have conducted fieldwork in Oman on social, spatial, and bioarchaeological history.\u00a0 The sessions will present scholarly findings as well as introduce potential student participants in the Spring 2013 Study Abroad program.<\/span><\/p>\n<p><span style=\"color: #ffffff\">**********<\/span><\/p>\n<h6><span style=\"color: #ffffff;text-decoration: underline\"><strong>14-15 March (Wed.\/Thurs.), 5:30pm-7:30pm in Tuttleman Hall, Room 101: <\/strong><strong>Global Dox Box: Syrian Documentary Film Showings<\/strong><\/span><br \/>\n<span style=\"color: #ffffff\"> \u00a0<strong>Dr. Alexa Firat (Critical Languages)<\/strong><\/span><\/h6>\n<p><span style=\"color: #ffffff\">In solidarity with the recently cancelled Dox Box Film Festival, which will not take place this year due to the worsening violence and warfare in Syria, we will be screening documentary films that would have otherwise been shown.\u00a0 Similar screenings are taking place at other universities and independent theaters across the country.Films shown include <em>A Flood in Baath Country<\/em> (Dir. Omar Amiralay, 2003), <em>Silence<\/em> (Dir. Rami Farah, 2006), <em>Six Ordinary Stories<\/em> (Dir. Meyar al-Roumi, 2007), and <em>Before Vanishing<\/em> (Dir. Joude Gorani, 2005).<\/span><\/p>\n","protected":false},"excerpt":{"rendered":"<p>Spring\u00a02015 [below] Symposium: The Ottoman Empire in a Trans-Imperial World 2:30PM, April 17 (Friday), in the Weigley Room (Gladfelter 914) Organized and Moderated by Eileen Ryan (History) Join a panel of historians as they discuss the Ottoman Empire in the &hellip; <a href=\"https:\/\/sites.temple.edu\/tumena\/past-events\/\">Continue reading <span class=\"meta-nav\">&rarr;<\/span><\/a><\/p>\n","protected":false},"author":470,"featured_media":0,"parent":0,"menu_order":0,"comment_status":"closed","ping_status":"closed","template":"","meta":{"footnotes":""},"class_list":["post-256","page","type-page","status-publish","hentry"],"_links":{"self":[{"href":"https:\/\/sites.temple.edu\/tumena\/wp-json\/wp\/v2\/pages\/256","targetHints":{"allow":["GET"]}}],"collection":[{"href":"https:\/\/sites.temple.edu\/tumena\/wp-json\/wp\/v2\/pages"}],"about":[{"href":"https:\/\/sites.temple.edu\/tumena\/wp-json\/wp\/v2\/types\/page"}],"author":[{"embeddable":true,"href":"https:\/\/sites.temple.edu\/tumena\/wp-json\/wp\/v2\/users\/470"}],"replies":[{"embeddable":true,"href":"https:\/\/sites.temple.edu\/tumena\/wp-json\/wp\/v2\/comments?post=256"}],"version-history":[{"count":0,"href":"https:\/\/sites.temple.edu\/tumena\/wp-json\/wp\/v2\/pages\/256\/revisions"}],"wp:attachment":[{"href":"https:\/\/sites.temple.edu\/tumena\/wp-json\/wp\/v2\/media?parent=256"}],"curies":[{"name":"wp","href":"https:\/\/api.w.org\/{rel}","templated":true}]}}