

{"id":802,"date":"2024-10-31T15:21:53","date_gmt":"2024-10-31T19:21:53","guid":{"rendered":"https:\/\/sites.temple.edu\/rsensus\/?page_id=802"},"modified":"2026-04-11T08:37:49","modified_gmt":"2026-04-11T12:37:49","slug":"themes","status":"publish","type":"page","link":"https:\/\/sites.temple.edu\/rsensus\/themes\/","title":{"rendered":"Themes"},"content":{"rendered":"<p><img decoding=\"async\" src=\"https:\/\/sites.temple.edu\/rsensus\/files\/2024\/06\/pano1.jpg\" \/><\/p>\n<div class=\"wp-block-column\">\n<h3>RESEARCH THEMES<\/h3>\n<div style=\"background-color: #f0f0f0;padding: 25px\">\n<h5><span style=\"text-decoration: underline\"><strong>Ecosystems and Land System Change<\/strong><\/span><\/h5>\n<p><strong>Projects<\/strong><\/p>\n<p>Catalytic Collaborative Funding Initiative \u2013 The CAT Program. Resilience of Forest Ecosystem Services to Global Change: the IGER Initiative. <strong>Temple University, Office of the Vice-president for Research, College of Liberal Arts, College of Science and Technology.<\/strong><\/p>\n<p>Characterization and mapping of palm swamp peatland degradation and associated carbon emissions in the Peruvian Amazon $34,346. <strong>CIFOR<\/strong><\/p>\n<p>Characterization of multiannual land cover changes in the Peruvian Amazonia. <strong>CIFOR<\/strong><\/p>\n<p>Spatial and temporal analysis of pressures on Colombian Ecosystems. <strong>Temple University, Universidad de Medellin<\/strong><\/p>\n<p>Annual faculty grant competition. Workshop on emerging social, ecological and climatic challenges for natural conservation and rural development in post-conflict landscapes in Colombia. <strong>Institute for Latin American Studies, Columbia University. <\/strong><\/p>\n<p>Cross Cutting Initiative. Laying the foundations for the implementation of a collaborative research\/training program for monitoring agricultural expansion in the tropical Eastern savannas of Colombia. <strong>Earth Institute, Columbia University.<\/strong><\/p>\n<p>Fires in Western Amazonia: Understanding and Modeling the Roles of Climatic, Social, Demographic, and Land-Use Change. <strong>NSF<\/strong><\/p>\n<p><strong>Publications<\/strong><\/p>\n<p>Lim Y, Pinedo-Vazquez M, <strong>Gutierrez-Velez<\/strong> V, Fernandes K, DeFries R, Uriarte M. Under review. 2025. Socioeconomic and land use drivers of invasive grass infestation in the Peruvian Amazon. <em>Regional environmental Change<\/em>. 25:145.<\/p>\n<p>Calder\u00f3n-Caro, J., Morales-G\u00f3mez, L.M., <strong>Guti\u00e9rrez-V\u00e9lez, V.H.,<\/strong> Gonz\u00e1lez-Caro, S., Benavides, A.M., 2024. Modeling proximate causes of deforestation in Antioquia, Colombia. <em>Regional Environmental Change<\/em> 24, 1\u201314.<\/p>\n<p><strong>Marcus, M.S<\/strong><em><sup>\u2020<\/sup><\/em>., Hergoualc\u2019h, K. and <strong>Guti\u00e9rrez-V\u00e9lez, V.H.<\/strong>, 2025. To climb or to fell? Identification of social-ecological conditions that promote sustainable fruit harvesting in Lowland Amazon palm swamps.\u00a0<em>Environmental Research: Food Systems<\/em>,\u00a0<em>2<\/em>(2), 20p.<\/p>\n<p><strong>Marcus, MS<\/strong><em><sup>\u2020<\/sup><\/em>, Hergoualc&#8217;h, K, Coronado, ENH and <strong>Guti\u00e9rrez-V\u00e9lez<\/strong>, VH. 2024. Spatial distribution of degradation and deforestation of palm swamp peatlands and associated carbon emissions in the Peruvian Amazon.\u00a0<em>Journal of Environmental Management<\/em>,\u00a0<em>351<\/em>, p.119665.<\/p>\n<p>Lapola D. et al.<sub>.<\/sub> 2023. The drivers and impacts of Amazon forest degradation. <em>Science.<\/em>379:6630. 11p.<\/p>\n<p><strong>Wiese D<\/strong><em><sup>\u2020<\/sup><\/em>, Stroup AM, Maiti A, Harris G, Lynch S, Vucetic S, <strong>Gutierrez-Velez VH<\/strong>, Henry KA. 2021. Measuring Neighborhood Landscapes: Associations between neighborhood\u2019s landscape characteristics and colon cancer survival. <em>International Journal of Environmental Research and Public Health<\/em>. 18. 4728.<\/p>\n<p>Glinskis E<em><sup>\u2020<\/sup><\/em>, <strong>Gutierrez-Velez VH.<\/strong> 2019 Quantifying and understanding carbon emissions from land cover changes between large and small oil palm expansion regimes in the Peruvian Amazon. <em>Land Use Policy<\/em>. <strong>80<\/strong>: 95-106<\/p>\n<p>Bolivar JM., <strong>Gutierrez-Velez VH, ,<\/strong>and Sierra CA. 2018. Carbon stocks in aboveground biomass for Colombian mangroves with associated uncertainties. <em>Regional Studies in Marine Science<\/em> <strong>18<\/strong>:145-155.<\/p>\n<p>Anaya JA, <strong>Guti\u00e9rrez-V\u00e9lez VH<\/strong>, Pacheco-Pascagaza AM, Palomino-\u00c1ngel S, Han N, Balzter H. 2020. Drivers of forest loss in a megadiverse hotspot on the Pacific Coast of Colombia. <em>Remote Sensing. <\/em>12(1235).<\/p>\n<p>Schwartz NB, Uriarte M, DeFries R, Bedka K., Fernandes K., <strong>Gutierrez-Velez V<\/strong>., Pinedo-V\u00e1squez M. 2017. Fragmentation increases wind disturbance impacts on forest structure and carbon stocks in a western Amazonian landscape&#8221;. <em>Ecological applications<\/em>. 27: 1901\u20131915.<\/p>\n<p>Schwartz, NB, Uriarte, M, DeFries., <strong>Gutierrez-Velez, V.<\/strong>, Pinedo-V\u00e1squez, M. 2017. Land-use dynamics influence estimates of carbon sequestration potential in tropical second-growth forest. <em>Environmental Research Letters<\/em> <strong>12<\/strong>(7).<\/p>\n<p>Sierra CA, Mahecha M, Poveda G, \u00c1lvarez-D\u00e1vila E, <strong>Gutierrez-Velez VH<\/strong>, Reu B, Feilhauer H, An\u00e1ya J, Armenteras D, Benavides AM, Buendia C, Duque \u00c1, Estupi\u00f1an-Suarez LM, Gonz\u00e1lez C, Gonzalez-Caro S, Jimenez R, Kraemer G, Londo\u00f1o MC, Orrego S.A, Posada JM, Ruiz-Carrascal D, Skowronek S. 2017. Monitoring ecological change during rapid socio-economic and political transitions: Colombian ecosystems in the post-conflict era. <em>Environmental Science &amp; Policy<\/em> <strong>76<\/strong>:40-49.<\/p>\n<p>Baptiste B, Pinedo-Vasquez M, <strong>Gutierrez-Velez V<\/strong>, Andrade GI, Vieira P, Ming Lee T, Estupi\u00f1\u00e1n L. 2017. Greening Peace in Colombia. <em>Nature Ecology and Evolution<\/em>. <strong>2<\/strong>: 0102.<\/p>\n<p>Fernandes, K, Verchot, L., Baethgen, W, <strong>Gutierrez-Velez, V<\/strong>, Pinedo-Vasquez, M. Martius, C. 2017. Heightened fire probability in Indonesia in non-drought conditions: the effect of increasing temperatures. <em>Environmental research letters<\/em>. 12(5): 054002<\/p>\n<p>Hergoualc\u2019h K, <strong>Gutierrez-Velez VH<\/strong>, Menton M, Verchot LV. 2017. Characterizing peat palm forest degradation in the Peruvian Amazon from space and on the ground: An exploratory study in the Peruvian Amazon. <em>Forest Ecology and Management<\/em>. <strong>393<\/strong>: 63-73<\/p>\n<p>Schwartz NB, Uriarte M, <strong>Gutierrez-Velez VH<\/strong>, Baethgen W, DeFries R, Fernandes K, Pinedo-Vasquez M. 2015. Climate, landowner residency, and land cover predict local scale fire activity in the Western Amazon. <em>Global Environmental Change<\/em>. <strong>31<\/strong>: 144-153.<\/p>\n<p><strong>Gutierrez-Velez VH<\/strong>, Uriarte M, DeFries RS, Pinedo\u2010Vasquez M, Fernandes K, Ceccato P, K, Baethgen WE, &amp; Padoch C. 2014. Land cover change interacts with drought severity to change fire regimes in Western Amazonia. <em>Ecological Applications<\/em>. <strong>24<\/strong>: 1323-1340.<\/p>\n<p>Meyfroidt P, Carlson KM, Fagan ME, <strong>Guti\u00e9rrez-V\u00e9lez VH<\/strong>, Macedo MN, Curran LM, DeFries RS, Dyer GA, Gibbs HK, Lambin EF, Morton DC, Robiglio V. 2014. Multiple pathways of commodity crop expansion in tropical forest landscapes. <em>Environmental Research Letters<\/em>. 9. <strong>13<\/strong>.<\/p>\n<p>Uriarte M, Pinedo\u2010Vasquez M, DeFries RS, Fernandes K,<strong> Gutierrez-Velez V<\/strong>, Baethgen WE, &amp; Padoch C. 2012. Depopulation of rural landscapes exacerbates fire activity in the Western Amazon. <em>Proceedings of the National Academy of Science<\/em> (<em>PNAS<\/em>). <strong>109<\/strong>: 21546-21550.<\/p>\n<p><strong>Guti\u00e9rrez-Velez VH<\/strong>, DeFries R, Pinedo-Vasquez M, Uriarte, M, Padoch C, Baethgen W, Fernandes K &amp; Lim Y. 2011. High-yield oil palm expansion spares land at the expense of forests in the Peruvian Amazon. <em>Environmental Research Letters<\/em>. <strong>6.<\/strong> 5pp<\/p>\n<p><strong>Guti\u00e9rrez-Velez VH<\/strong> &amp; MacDicken K. 2008. Quantifying the Direct Social and Governmental Costs of Illegal logging in the Bolivian, Brazilian and Peruvian Amazon. <em>Forest Policy and Economics<\/em>. <strong>10<\/strong>: 248-256.<\/p>\n<\/div>\n<div style=\"background-color: #f0f0f0;padding: 25px\">\n<h5><span style=\"text-decoration: underline\">Earth Observation and Biodiversity Decision-<strong>m<\/strong>aking<\/span><\/h5>\n<p><strong>Projects<\/strong><\/p>\n<p>Integrated multi-project impact assessment for the contribution of NASA Earth Observation products to support biodiversity decision-making in Colombia. <strong>NASA<\/strong><\/p>\n<p>Advancing tools to support and test an integrated biodiversity monitoring system for Colombia&#8217;s Protected Areas. <strong>NASA<\/strong><\/p>\n<p>Integration of Earth observations for decision making on biodiversity management and conservation in Colombia: Consolidation of the Colombian Biodiversity Observation Network. <strong>NASA<\/strong><\/p>\n<p>Implementation of Essential Biodiversity Variables for biodiversity assessment and monitoring at the subnational level in Colombia. <strong>USAID, NAS<\/strong><\/p>\n<p>Assessing biodiversity change (ABC): Integration of ground-based and satellite-derived information to detect changes in ecosystem functioning in Colombia. <strong>German Ministry of Education and Research<\/strong><\/p>\n<p><strong>Publications<\/strong><\/p>\n<p><strong>Guti\u00e9rrez-V\u00e9lez, V.H., Rodriguez-Escobar, J., Mej\u00eda, A<\/strong>., Espejo, J., Anaya, J.A. and Blair, M.E., 2024. Mapping forest cover and change as continuous variables is essential to advance consistency across forest monitoring products. <i>GIScience &amp; Remote Sensing<\/i>, <i>61<\/i>(1), p.2427305.<\/p>\n<p><strong>Lara Henao W<\/strong>, Londo\u00f1o-Murcia MC, Gonzalez Garz\u00f3n, I; <strong>Gutierrez Velez,VH<\/strong>. 2022. ecochange: An R-package to derive biodiversity indicators processing spatial ecosystem variables. <em>Methods in Ecology and Evolution<\/em>. 13:11, 2379-2388<\/p>\n<p>Estupinan-Suarez LM, Gans F, Brenning A, <strong>Gutierrez\u2013Velez VH,<\/strong> Londono MC, Pabon\u2013Moreno, DE, Poveda G, Reichstein M, Reu B, Sierra CA. 2021. A regional Earth system data lab for understanding ecosystem dynamics: An example from northern South America. <em>Frontiers in Earth Science<\/em> 9, 574.<\/p>\n<p>Mahecha MD, Gans F, Brandt, G, Christiansen R, Cornell SE, Fomferra N, Kraemer G, Peters J, Bodesheim P, Camps-Valls G, Donges JF, Dorigo W, Estupinan-Suarez LM, <strong>Gutierrez-Velez VH,<\/strong> Gutwin M, Jung M, Londo\u00f1o MC, Miralles DG, Papastefanou P, Reichstein M. 2020. Earth system data cubes unravel global multivariate dynamics. Earth System Dynamics 11, 201\u2013234.<\/p>\n<p>Sierra CA, Mahecha M, Poveda G, \u00c1lvarez-D\u00e1vila E, <strong>Gutierrez-Velez VH<\/strong>, Reu B, Feilhauer H, An\u00e1ya J, Armenteras D, Benavides AM, Buendia C, Duque \u00c1, Estupi\u00f1an-Suarez LM, Gonz\u00e1lez C, Gonzalez-Caro S, Jimenez R, Kraemer G, Londo\u00f1o MC, Orrego S.A, Posada JM, Ruiz-Carrascal D, Skowronek S. 2017. Monitoring ecological change during rapid socio-economic and political transitions: Colombian ecosystems in the post-conflict era. <em>Environmental Science &amp; Policy<\/em> <strong>76<\/strong>:40-49.<\/p>\n<p>Baptiste B, Pinedo-Vasquez M, <strong>Gutierrez-Velez V<\/strong>, Andrade GI, Vieira P, Ming Lee T, Estupi\u00f1\u00e1n L. 2017. Greening Peace in Colombia. <em>Nature Ecology and Evolution<\/em>. <strong>2<\/strong>: 0102.<\/p>\n<\/div>\n<div style=\"background-color: #f0f0f0;padding: 25px\">\n<h5><span style=\"text-decoration: underline\">Applied Remote Sensing and Spatial <strong>Modeling Methods<\/strong><\/span><\/h5>\n<p><strong>Projects<\/strong><\/p>\n<p>Integrated multi-project impact assessment for the contribution of NASA Earth Observation products to support biodiversity decision-making in Colombia. <strong>NASA<\/strong><\/p>\n<p>Advancing tools to support and test an integrated biodiversity monitoring system for Colombia&#8217;s Protected Areas. <strong>NASA<\/strong><\/p>\n<p>Integration of Earth observations for decision making on biodiversity management and conservation in Colombia: Consolidation of the Colombian Biodiversity Observation Network. <strong>NASA<\/strong><\/p>\n<p>Big Data Science Applications for Understanding Social and Environmental Risks for the Transmission of Zika and Other Mosquito Borne Diseases in Eastern U.S. <strong>Temple University, Office of the Vice-president for Research, College of Liberal Arts, College of Public Health, College of Science and Technology<\/strong><\/p>\n<p><strong>Publications<\/strong><\/p>\n<p><strong>Guti\u00e9rrez-V\u00e9lez, V.H., Rodriguez-Escobar, J., Mej\u00eda, A., <\/strong>Espejo, J., Anaya, J.A. and Blair, M.E., 2024. Mapping forest cover and change as continuous variables is essential to advance consistency across forest monitoring products<strong>. <i>GIScience &amp; Remote Sensing<\/i>, <i>61<\/i>(1), p.2427305.<\/strong><\/p>\n<p><strong>Gutierrez-Velez VH, Rodriguez J, Lara W, Sarmiento V<\/strong>. 2021. Probabilistic approximation to change and no change in multispectral remote sensing. <em>International Journal of<\/em> <em>Remote Sensing. <\/em>42:19,\u00a07428-7453<\/p>\n<p><strong>Gutierrez-Velez VH<\/strong> &amp; Wiese D. 2020. Sampling bias mitigation for species occurrence modeling using Machine Learning Methods. <em>Ecological informatics<\/em>. 58. 101091.<\/p>\n<p><strong>Wiese D<\/strong><em><sup>\u2020<\/sup><\/em>, Escalante A, Murphy H, Henry K,<strong> Gutierrez-Velez, VH<\/strong>. 2019. Integrating environmental and neighborhood factors in MaxEnt modeling to predict species distributions: A case study of Aedes albopictus in southeastern Pennsylvania. PLOS ONE. 14(10): e0223821.<strong>\u00a0<\/strong><\/p>\n<p><strong>Guti\u00e9rrez-Velez VH<\/strong>, DeFries R. 2013. Annual multi-resolution detection of land cover conversion to oil palm in the Peruvian Amazon. <em>Remote Sensing of Environment. <\/em>129: 154-167.<\/p>\n<p><strong>Guti\u00e9rrez-Velez VH<\/strong> &amp; Pontius Jr. RG. 2012. Influence of carbon mapping and land change modelling on the prediction of carbon emissions from deforestation. <em>Environmental Conservation<\/em>. <strong>39<\/strong>: 325-336.<\/p>\n<p><strong>Guti\u00e9rrez V<\/strong>, Zapata M, Usma C, Laguado W &amp; Santacruz A. 2006. Maximizing the profitability of forestry projects under the Clean Development Mechanism using a forest management optimization model. <em>Forest Ecology and Management<\/em>. <strong>226<\/strong>: 341-350.<\/p>\n<\/div>\n<div style=\"background-color: #f0f0f0;padding: 25px\">\n<h5><span style=\"text-decoration: underline\">Urban convergent science<\/span><\/h5>\n<p><strong>Projects<\/strong><\/p>\n<p>Catalytic Collaborative Funding Initiative \u2013 The CAT Program. Catalyzing convergence research on health and well-being through a Bio3Science-Sustainability framework. <strong>Temple University, Office of the Vice-president for Research, College of Liberal Arts, <strong style=\"color: var(--nv-text-color);font-family: var(--bodyfontfamily);font-size: var(--bodyfontsize);letter-spacing: var(--bodyletterspacing);text-transform: var(--bodytexttransform)\">College of Science and Technology<\/strong><\/strong><\/p>\n<p><span style=\"color: var(--nv-text-color);font-family: var(--bodyfontfamily);font-size: var(--bodyfontsize);font-weight: var(--bodyfontweight);letter-spacing: var(--bodyletterspacing);text-transform: var(--bodytexttransform)\">How Does Infrastructure Shape Equity and Well-being across the Urban-Rural Gradient? <strong>NSF<\/strong><\/span><\/p>\n<p><strong>Gutierrez-Velez VH<\/strong>, Gilbert MR, Kinsey D, Behm JE. 2022. Beyond the urban and the rural: conceptualizing a new generation of infrastructure systems to enable rural-urban sustainability. <em>Current Opinion in Environmental Sustainability<\/em>. 56, 101177.<\/p>\n<p><strong>Wiese, D<\/strong>., Stroup, A.M., Maiti, A., Harris, G., Lynch, S.M., Vucetic, S., <strong>Gutierrez-Velez, V.H<\/strong>. and Henry, K.A., 2021. Measuring neighborhood landscapes: associations between a neighborhood\u2019s landscape characteristics and colon cancer survival.\u00a0<em>International journal of environmental research and public health<\/em>,\u00a0<em>18<\/em>(9), p.4728.<\/p>\n<p>Karkun SS, Pearsall H, <strong>Gutierrez-Velez VH<\/strong>, Gilbert MR. 2021. Measuring Equity through Spatial Variability of Infrastructure Systems across the Urban-Rural Gradient. <em>Land<\/em> 10.<\/p>\n<p>Pearsall H, <strong>Gutierrez-Velez VH<\/strong>, Gilbert MR, Hoque S, Eakin H, Brondizio ES, Solecki W, Toran L, Baka JE, Behm JE. 2021. Advancing equitable health and well-being across urban\u2013rural sustainable infrastructure systems. npj Urban Sustainability 1, 1\u20136.<\/p>\n<p>Wiese D<em><sup>\u2020<\/sup><\/em>, Escalante A, Murphy H, Henry K,<strong> Gutierrez-Velez, VH***<\/strong>. 2019. Integrating environmental and neighborhood factors in MaxEnt modeling to predict species distributions: A case study of Aedes albopictus in southeastern Pennsylvania. PLOS ONE. 14(10): e0223821.<\/p>\n<\/div>\n<\/div>\n","protected":false},"excerpt":{"rendered":"<p>RESEARCH THEMES Ecosystems and Land System Change Projects Catalytic Collaborative Funding Initiative \u2013 The CAT Program. Resilience of Forest Ecosystem Services to Global Change: the IGER Initiative. Temple University, Office of the Vice-president for Research, College of Liberal Arts, College of Science and Technology. Characterization and mapping of palm swamp peatland degradation and associated carbon&hellip;&nbsp;<a href=\"https:\/\/sites.temple.edu\/rsensus\/themes\/\" rel=\"bookmark\">Read More &raquo;<span class=\"screen-reader-text\">Themes<\/span><\/a><\/p>\n","protected":false},"author":35598,"featured_media":0,"parent":0,"menu_order":0,"comment_status":"closed","ping_status":"closed","template":"","meta":{"neve_meta_sidebar":"","neve_meta_container":"","neve_meta_enable_content_width":"","neve_meta_content_width":0,"neve_meta_title_alignment":"","neve_meta_author_avatar":"","neve_post_elements_order":"","neve_meta_disable_header":"","neve_meta_disable_footer":"","neve_meta_disable_title":"","footnotes":""},"class_list":["post-802","page","type-page","status-publish","hentry"],"_links":{"self":[{"href":"https:\/\/sites.temple.edu\/rsensus\/wp-json\/wp\/v2\/pages\/802","targetHints":{"allow":["GET"]}}],"collection":[{"href":"https:\/\/sites.temple.edu\/rsensus\/wp-json\/wp\/v2\/pages"}],"about":[{"href":"https:\/\/sites.temple.edu\/rsensus\/wp-json\/wp\/v2\/types\/page"}],"author":[{"embeddable":true,"href":"https:\/\/sites.temple.edu\/rsensus\/wp-json\/wp\/v2\/users\/35598"}],"replies":[{"embeddable":true,"href":"https:\/\/sites.temple.edu\/rsensus\/wp-json\/wp\/v2\/comments?post=802"}],"version-history":[{"count":9,"href":"https:\/\/sites.temple.edu\/rsensus\/wp-json\/wp\/v2\/pages\/802\/revisions"}],"predecessor-version":[{"id":979,"href":"https:\/\/sites.temple.edu\/rsensus\/wp-json\/wp\/v2\/pages\/802\/revisions\/979"}],"wp:attachment":[{"href":"https:\/\/sites.temple.edu\/rsensus\/wp-json\/wp\/v2\/media?parent=802"}],"curies":[{"name":"wp","href":"https:\/\/api.w.org\/{rel}","templated":true}]}}