

{"id":38,"date":"2022-05-04T20:14:35","date_gmt":"2022-05-05T00:14:35","guid":{"rendered":"https:\/\/sites.temple.edu\/rsensus\/?page_id=38"},"modified":"2025-12-01T09:09:32","modified_gmt":"2025-12-01T14:09:32","slug":"publications","status":"publish","type":"page","link":"https:\/\/sites.temple.edu\/rsensus\/publications\/","title":{"rendered":"Publications"},"content":{"rendered":"\n<h2 class=\"wp-block-heading\">PUBLICATIONS<\/h2>\n\n\n\n<p>In cronological order since 2017<\/p>\n\n\n<h1><img decoding=\"async\" src=\"https:\/\/sites.temple.edu\/rsensus\/files\/2024\/06\/pano2b-scaled.jpg\" \/><\/h1>\n\n\n<p>Current or former lab members in<strong> bold<\/strong>&nbsp;<\/p>\n\n\n\n<p><\/p>\n\n\n\n<p><a href=\"https:\/\/link-springer-com.libproxy.temple.edu\/article\/10.1007\/s10113-025-02493-8\" data-type=\"link\" data-id=\"https:\/\/link-springer-com.libproxy.temple.edu\/article\/10.1007\/s10113-025-02493-8\">Lim Y, Pinedo-Vazquez M, <strong>Gutierrez-Velez<\/strong> V, Fernandes K, DeFries R, Uriarte M. Under review. 2025. Socioeconomic and land use drivers of invasive grass infestation in the Peruvian Amazon. <em>Regional environmental Change<\/em>. 25:145.<\/a><\/p>\n\n\n\n<p><a href=\"https:\/\/iopscience.iop.org\/article\/10.1088\/2976-601X\/adcf2a\/meta\"><strong>Marcus, M.<\/strong> Hergoulac\u2019h K. <strong>Gutierrez-Velez VH.<\/strong>\u00a0 2025. To climb or to fell? Identification of social-ecological conditions that promote sustainable fruit harvesting in lowland Amazon palm swamps. \u00a0Environmental Research: Food Systems.<\/a><\/p>\n\n\n\n<p><a href=\"https:\/\/www.tandfonline.com\/doi\/full\/10.1080\/15481603.2024.2427305#abstract\" data-type=\"link\" data-id=\"https:\/\/www.tandfonline.com\/doi\/full\/10.1080\/15481603.2024.2427305#abstract\"><strong>Guti\u00e9rrez-V\u00e9lez, V.H., Rodriguez-Escobar, J., Mej\u00eda, A<\/strong>., Espejo, J., Anaya, J.A. and Blair, M.E., 2024. Mapping forest cover and change as continuous variables is essential to advance consistency across forest monitoring products.&nbsp;<em>GIScience &amp; Remote Sensing<\/em>,&nbsp;<em>61<\/em>(1), p.2427305.<\/a><\/p>\n\n\n\n<p><a href=\"https:\/\/link.springer.com\/article\/10.1007\/s10113-024-02302-8\" data-type=\"link\" data-id=\"https:\/\/link.springer.com\/article\/10.1007\/s10113-024-02302-8\">Calder\u00f3n-Caro, J., Morales-G\u00f3mez, L.M.,<strong> Guti\u00e9rrez-V\u00e9lez,<\/strong> V.H., Gonz\u00e1lez-Caro, S., Benavides, A.M., 2024. Modeling proximate causes of deforestation in Antioquia, Colombia. Regional Environmental Change 24, 1\u201314.<\/a><\/p>\n\n\n\n<p><span style=\"font-size: medium;letter-spacing: normal\"><\/span><a href=\"https:\/\/www.sciencedirect.com\/science\/article\/pii\/S0301479723024532\/pdfft?md5=48ce1aa168859a4b96dc8d77b272d2c8&amp;pid=1-s2.0-S0301479723024532-main.pdf\"><strong>Marcus, MS<\/strong>, Hergoualc&#8217;h, K, Coronado, ENH and <strong>Guti\u00e9rrez-V\u00e9lez<\/strong>, VH. 2024. Spatial distribution of degradation and deforestation of palm swamp peatlands and associated carbon emissions in the Peruvian Amazon.\u202f<em>Journal of Environmental Management<\/em>,\u202f<em>351<\/em>, p.119665.<\/a><\/p>\n\n\n\n<p><a href=\"https:\/\/www.science.org\/doi\/reader\/10.1126\/science.abp8622\">Lapola D. et al.<sub>.<\/sub><sub> <\/sub>2023. The drivers and impacts of Amazon forest degradation. <em>Science.<\/em>379:6630. 11p.<\/a><\/p>\n\n\n\n<p><a href=\"https:\/\/besjournals.onlinelibrary.wiley.com\/doi\/epdf\/10.1111\/2041-210X.13986\"><strong>Lara Henao W<\/strong>, Londo\u00f1o-Murcia MC, Gonzalez Garz\u00f3n, I; <strong>Gutierrez Velez,VH***<\/strong>. 2022. ecochange: An R-package to derive biodiversity indicators processing spatial ecosystem variables. <em>Methods in Ecology and Evolution<\/em>.<em> <\/em>13:11, 2379-2388<\/a><\/p>\n\n\n\n<p><a href=\"https:\/\/www.sciencedirect.com\/science\/article\/abs\/pii\/S187734352200029X?via%3Dihub\"><strong>Gutierrez-Velez VH<\/strong>, Gilbert MR, Kinsey D, Behm JE. 2022. Beyond the urban and the rural: conceptualizing a new generation of infrastructure systems to enable rural-urban sustainability. <em>Current Opinion in Environmental Sustainability<\/em>. 56, 101177.<\/a><\/p>\n\n\n\n<p><a href=\"https:\/\/www.mdpi.com\/2073-445X\/10\/11\/1202\"><strong>Karkun SS,<\/strong> Pearsall H, <strong>Gutierrez-Velez VH<\/strong>, Gilbert MR. 2021. Measuring Equity through Spatial Variability of Infrastructure Systems across the Urban-Rural Gradient. <em>Land<\/em> 10.&nbsp;<\/a><\/p>\n\n\n\n<p><a href=\"https:\/\/www.tandfonline.com\/doi\/epdf\/10.1080\/01431161.2021.1958391\"><strong>Gutierrez-Velez VH<\/strong>, <strong>Rodriguez J,<\/strong> <strong>Lara W,<\/strong> <strong>Sarmiento V<\/strong>. 2021. Probabilistic approximation to change and no change in multispectral remote sensing. <em>International Journal of Remote Sensing.<\/em>42:19,\u202f7428-7453<\/a><\/p>\n\n\n\n<p><a href=\"https:\/\/www.frontiersin.org\/articles\/10.3389\/feart.2021.613395\/full\">Estupinan-Suarez LM, Gans F, Brenning A, <strong>Gutierrez\u2013Velez VH,<\/strong> Londono MC, Pabon\u2013Moreno, DE, Poveda G, Reichstein M, Reu B, Sierra CA. 2021. A regional Earth system data lab for understanding ecosystem dynamics: An example from northern South America. <em>Frontiers in Earth Science<\/em> 9, 574.<\/a><\/p>\n\n\n\n<p><a href=\"https:\/\/www.nature.com\/articles\/s42949-021-00028-8\">Pearsall H, <strong>Gutierrez-Velez VH<\/strong>, Gilbert MR, Hoque S, Eakin H, Brondizio ES, Solecki W, Toran L, Baka JE, Behm JE. 2021. Advancing equitable health and well-being across urban\u2013rural sustainable infrastructure systems. npj Urban Sustainability 1, 1\u20136.&nbsp;<\/a><\/p>\n\n\n\n<p><a href=\"https:\/\/www.mdpi.com\/1660-4601\/18\/9\/4728\"><strong>Wiese D<\/strong>, Stroup AM, Maiti A, Harris G, Lynch S, Vucetic S, <strong>Gutierrez-Velez VH<\/strong>, Henry KA. 2021. Measuring Neighborhood Landscapes: Associations between neighborhood\u2019s landscape characteristics and colon cancer survival. <em>International Journal of Environmental Research and Public Health<\/em>. 18. 4728.<\/a><\/p>\n\n\n\n<p><a href=\"https:\/\/www.sciencedirect.com\/science\/article\/pii\/S1574954120300418\/pdfft?md5=86a5579370566a51166f054a2f1d6f09&amp;pid=1-s2.0-S1574954120300418-main.pdf\"><strong>Gutierrez-Velez VH<\/strong> &amp; <strong>Wiese D<\/strong>. 2020. Sampling bias mitigation for species occurrence modeling using Machine Learning Methods. <em>Ecological informatics<\/em>. 58. 101091.<\/a><\/p>\n\n\n\n<p><a href=\"https:\/\/www.mdpi.com\/2072-4292\/12\/8\/1235\">Anaya JA, <strong>Guti\u00e9rrez-V\u00e9lez VH<\/strong>, Pacheco-Pascagaza AM, Palomino-\u00c1ngel S, Han N, Balzter H. 2020. Drivers of forest loss in a megadiverse hotspot on the Pacific Coast of Colombia. <em>Remote Sensing. <\/em>12(1235).<\/a><\/p>\n\n\n\n<p><a href=\"https:\/\/esd.copernicus.org\/articles\/11\/201\/2020\/\">Mahecha MD, Gans F, Brandt, G, Christiansen R, Cornell SE, Fomferra N, Kraemer G, Peters J, Bodesheim P, Camps-Valls G, Donges JF, Dorigo W, Estupinan-Suarez LM, <strong>Gutierrez-Velez VH,<\/strong> Gutwin M, Jung M, Londo\u00f1o MC, Miralles DG, Papastefanou P, Reichstein M. 2020. Earth system data cubes unravel global multivariate dynamics. Earth System Dynamics 11, 201\u2013234.<\/a><\/p>\n\n\n\n<p><a href=\"https:\/\/journals.plos.org\/plosone\/article?id=10.1371\/journal.pone.0223821\"><strong>Wiese D<\/strong>, Escalante A, Murphy H, Henry K,<strong> Gutierrez-Velez, VH***<\/strong>. 2019. Integrating environmental and neighborhood factors in MaxEnt modeling to predict species distributions: A case study of Aedes albopictus in southeastern Pennsylvania. PLOS ONE. 14(10): e0223821.<\/a><\/p>\n\n\n\n<p><a href=\"https:\/\/www.sciencedirect.com\/science\/article\/pii\/S0264837717310451\/pdfft?md5=91daa296fda71c87a9e8e556eccdad29&amp;pid=1-s2.0-S0264837717310451-main.pdf\">Glinskis E<em><sup>\u2020<\/sup><\/em>, <strong>Gutierrez-Velez VH.<\/strong> 2019 Quantifying and understanding carbon emissions from land cover changes between large and small oil palm expansion regimes in the Peruvian Amazon. <em>Land Use Policy<\/em>. <strong>80<\/strong>: 95-106<\/a><\/p>\n\n\n\n<p><a href=\"https:\/\/scholarshare.temple.edu\/bitstream\/handle\/20.500.12613\/6237\/GutierrezVelez-JournalArticle-2018-10.pdf\">Croog R, Hayes-Conroy A<strong>, Gutierrez-Velez VH<\/strong>, Saenz-Montoya A. 2018. Real world food justice and the enigma of the scholar-activist label: A reflection on research values. <em>ACME<\/em>. <strong>17<\/strong>(4): 1024:1044.<\/a><\/p>\n\n\n\n<p><a href=\"https:\/\/www.sciencedirect.com\/science\/article\/abs\/pii\/S2352485517302359\">Bolivar JM., <strong>Gutierrez-Velez VH, ,<\/strong>and Sierra CA. 2018. Carbon stocks in aboveground biomass for Colombian mangroves with associated uncertainties. <em>Regional Studies in Marine Science<\/em> <strong>18<\/strong>:145-155.<\/a><\/p>\n\n\n\n<p><a href=\"https:\/\/esajournals.onlinelibrary.wiley.com\/doi\/epdf\/10.1002\/eap.1576\">Schwartz NB, Uriarte M, DeFries R, Bedka K., Fernandes K., <strong>Gutierrez-Velez V<\/strong>., Pinedo-V\u00e1squez M. 2017. Fragmentation increases wind disturbance impacts on forest structure and carbon stocks in a western Amazonian landscape&#8221;. <em>Ecological applications<\/em>. 27: 1901\u20131915.<\/a><\/p>\n\n\n\n<p><a href=\"https:\/\/iopscience.iop.org\/article\/10.1088\/1748-9326\/aa708b\/pdf\">Schwartz, NB, Uriarte, M, DeFries., <strong>Gutierrez-Velez, V.<\/strong>, Pinedo-V\u00e1squez, M. 2017. Land-use dynamics influence estimates of carbon sequestration potential in tropical second-growth forest. <em>Environmental Research Letters<\/em> <strong>12<\/strong>(7).<\/a><\/p>\n\n\n\n<p><a href=\"https:\/\/www.sciencedirect.com\/science\/article\/pii\/S1462901117303805\/pdfft?md5=5ff2d2e3a698401aa876a45e263470af&amp;pid=1-s2.0-S1462901117303805-main.pdf\">Sierra CA, Mahecha M, Poveda G, \u00c1lvarez-D\u00e1vila E, <strong>Gutierrez-Velez VH<\/strong>, Reu B, Feilhauer H, An\u00e1ya J, Armenteras D, Benavides AM, Buendia C, Duque \u00c1, Estupi\u00f1an-Suarez LM, Gonz\u00e1lez C, Gonzalez-Caro S, Jimenez R, Kraemer G, Londo\u00f1o MC, Orrego S.A, Posada JM, Ruiz-Carrascal D, Skowronek S. 2017. Monitoring ecological change during rapid socio-economic and political transitions: Colombian ecosystems in the post-conflict era. <em>Environmental Science &amp; Policy<\/em> <strong>76<\/strong>:40-49.<\/a><\/p>\n\n\n\n<p><a href=\"https:\/\/iopscience.iop.org\/article\/10.1088\/1748-9326\/aa6884\/pdf\">Fernandes, K, Verchot, L., Baethgen, W, <strong>Gutierrez-Velez, V<\/strong>, Pinedo-Vasquez, M. Martius, C. 2017. Heightened fire probability in Indonesia in non-drought conditions: the effect of increasing temperatures. <em>Environmental research letters<\/em>. 12(5): 054002<\/a><\/p>\n\n\n\n<p><a href=\"https:\/\/www.sciencedirect.com\/science\/article\/pii\/S0378112716307423\/pdfft?md5=48d89cef38bb2340b948e20c26715d25&amp;pid=1-s2.0-S0378112716307423-main.pdf\">Hergoualc\u2019h K, <strong>Gutierrez-Velez VH<\/strong>, Menton M, Verchot LV. 2017. Characterizing peat palm forest degradation in the Peruvian Amazon from space and on the ground: An exploratory study in the Peruvian Amazon. <em>Forest Ecology and Management<\/em>. <strong>393<\/strong>: 63-73<\/a><\/p>\n\n\n\n<p><a href=\"https:\/\/www.nature.com\/articles\/s41559-017-0102\">Baptiste B, Pinedo-Vasquez M, <strong>Gutierrez-Velez V<\/strong>, Andrade GI, Vieira P, Ming Lee T, Estupi\u00f1\u00e1n L. 2017. Greening Peace in Colombia. <em>Nature Ecology and Evolution<\/em>. <strong>2<\/strong>: 0102.<\/a><\/p>\n","protected":false},"excerpt":{"rendered":"<p>PUBLICATIONS In cronological order since 2017 Current or former lab members in bold&nbsp; Lim Y, Pinedo-Vazquez M, Gutierrez-Velez V, Fernandes K, DeFries R, Uriarte M. Under review. 2025. Socioeconomic and land use drivers of invasive grass infestation in the Peruvian Amazon. Regional environmental Change. 25:145. Marcus, M. Hergoulac\u2019h K. Gutierrez-Velez VH.\u00a0 2025. To climb or&hellip;&nbsp;<a href=\"https:\/\/sites.temple.edu\/rsensus\/publications\/\" rel=\"bookmark\">Read More &raquo;<span class=\"screen-reader-text\">Publications<\/span><\/a><\/p>\n","protected":false},"author":28425,"featured_media":0,"parent":0,"menu_order":0,"comment_status":"closed","ping_status":"closed","template":"","meta":{"neve_meta_sidebar":"","neve_meta_container":"","neve_meta_enable_content_width":"","neve_meta_content_width":0,"neve_meta_title_alignment":"","neve_meta_author_avatar":"","neve_post_elements_order":"","neve_meta_disable_header":"","neve_meta_disable_footer":"","neve_meta_disable_title":"","footnotes":""},"class_list":["post-38","page","type-page","status-publish","hentry"],"_links":{"self":[{"href":"https:\/\/sites.temple.edu\/rsensus\/wp-json\/wp\/v2\/pages\/38","targetHints":{"allow":["GET"]}}],"collection":[{"href":"https:\/\/sites.temple.edu\/rsensus\/wp-json\/wp\/v2\/pages"}],"about":[{"href":"https:\/\/sites.temple.edu\/rsensus\/wp-json\/wp\/v2\/types\/page"}],"author":[{"embeddable":true,"href":"https:\/\/sites.temple.edu\/rsensus\/wp-json\/wp\/v2\/users\/28425"}],"replies":[{"embeddable":true,"href":"https:\/\/sites.temple.edu\/rsensus\/wp-json\/wp\/v2\/comments?post=38"}],"version-history":[{"count":45,"href":"https:\/\/sites.temple.edu\/rsensus\/wp-json\/wp\/v2\/pages\/38\/revisions"}],"predecessor-version":[{"id":887,"href":"https:\/\/sites.temple.edu\/rsensus\/wp-json\/wp\/v2\/pages\/38\/revisions\/887"}],"wp:attachment":[{"href":"https:\/\/sites.temple.edu\/rsensus\/wp-json\/wp\/v2\/media?parent=38"}],"curies":[{"name":"wp","href":"https:\/\/api.w.org\/{rel}","templated":true}]}}