

{"id":21,"date":"2014-07-18T00:01:37","date_gmt":"2014-07-18T00:01:37","guid":{"rendered":"https:\/\/sites.temple.edu\/ravi\/?page_id=21"},"modified":"2025-09-04T12:14:32","modified_gmt":"2025-09-04T12:14:32","slug":"in-news","status":"publish","type":"page","link":"https:\/\/sites.temple.edu\/ravi\/in-news\/","title":{"rendered":"in News"},"content":{"rendered":"<p><strong>IN MEDIA\/POPULAR PRESS<\/strong><\/p>\n<p><a href=\"https:\/\/www.pv-magazine.com\/2025\/08\/08\/researchers-highlight-importance-of-site-specific-agrivoltaics-design\/\">Researchers highlight importance of site-specific agrivoltaics design<\/a>, PV Magazine Global, 2025<\/p>\n<p><a href=\"https:\/\/techxplore.com\/news\/2024-11-scale-solar-fields-foster-abundant.html\">Utility-scale solar fields can foster abundant biodiversity, say researchers<\/a>, TechXplore, 2025<\/p>\n<p><a href=\"https:\/\/www.pv-magazine.com\/2024\/11\/25\/new-research-finds-utility-scale-solar-parks-foster-biodiversity\/\">New research finds utility-scale solar parks foster biodiversity<\/a>, PV Magazine, 2024<\/p>\n<p><a href=\"https:\/\/eos.org\/editor-highlights\/new-tracers-of-wind-erosion-provide-insight-into-dryland-vegetation\">American Geophysical Union EoS:<\/a> Editor&#8217;s Highlights, New Tracers of Wind Erosion Provide Insight into Dryland Vegetation, 2024<\/p>\n<p><a href=\"https:\/\/www.latimes.com\/environment\/story\/2024-01-19\/california-winds-spread-more-and-more-microplastics#:~:text=Researchers%20say%20that%20natural%20fertilizers,source%20of%20wind%2Dblown%20microplastics.&amp;text=A%20team%20of%20UCLA%20researchers,the%20original%20hit%20by%20Kansas.\">Los Angele Times<\/a>: Sludge compost is an increasing source of microplastics, researchers say 2024<\/p>\n<p><a href=\"https:\/\/www.acs.org\/pressroom\/presspacs\/2024\/january\/microplastics-from-natural-fertilizers-are-blowing-in-the-wind.html\">American Chemical Society<\/a>: Microplastics from natural fertilizers are blowing in the wind more often than once thought 2024<\/p>\n<p><a href=\"https:\/\/www.rinnovabili.it\/ambiente\/inquinamento\/le-microplastiche-nei-fanghi-di-depurazione-inquinano-i-campi\/\">Rinnovabili.it<\/a> : Le microplastiche nei fanghi di depurazione inquinano i campi 2024<\/p>\n<p><a href=\"https:\/\/www.publico.pt\/2024\/01\/17\/azul\/noticia\/microplasticos-toxicos-podem-transportados-ate-leve-brisa-campos-2077142\">P\u00daBLICO:<\/a> Micropl\u00e1sticos t\u00f3xicos podem ser transportados at\u00e9 por uma leve brisa nos campos<\/p>\n<p><a href=\"https:\/\/scienmag.com\/microplastics-from-natural-fertilizers-are-blowing-in-the-wind-more-often-than-once-thought\/\">SCIENMAG<\/a>: Microplastics from natural fertilizers are blowing in the wind more often than once thought 2024<\/p>\n<p><a href=\"https:\/\/www.wnp.pl\/finanse\/wiatr-roznosi-mikroplastik-z-nawozow,795983.html\">WNP.PL<\/a>: Wiatr roznosi mikroplastik z nawoz\u00f3w 2024<\/p>\n<p><a href=\"https:\/\/phys.org\/news\/2024-01-small-scale-microplastics-natural-fertilizers.html\">Phys.org<\/a>: Small-scale study finds microplastics from natural fertilizers are blowing in the wind more often than once thought<\/p>\n<p><a href=\"https:\/\/www.msn.com\/en-gb\/news\/world\/microplastics-from-natural-fertilizers-are-blowing-in-the-wind-more-often-than-once-thought\/ar-BB1gWOq9\">msn<\/a>: AZoCleantech Microplastics From Natural Fertilizers Are Blowing in the Wind More Often Than Once Thought 2024<\/p>\n<p><a href=\"https:\/\/www.ecowatch.com\/microplastics-fertilizers-wind.html\">EcoWatch<\/a>: Fertilizing Fields With Sewage Sludge Releases More Microplastics Into the Air Than Previously Believed, Study Finds. 2024<\/p>\n<p><a href=\"https:\/\/www.sciencedaily.com\/releases\/2024\/01\/240117143712.htm\">ScienceDaily<\/a>: Microplastics from natural fertilizers are blowing in the wind more often than once thought 2024<\/p>\n<p><a href=\"https:\/\/www.eurekalert.org\/news-releases\/1031038\">AAAS EurekaAlert<\/a>: Microplastics from natural fertilizers are blowing in the wind more often than once thought 2024<\/p>\n<p><a href=\"https:\/\/www.snexplores.org\/article\/agrivoltaic-farm-technology-crops-solar-power\">Science News Explores<\/a>: With tech, farms can double up to produce both food and power Such \u2018agrivoltaic\u2019 ventures find ways to share the sun between crops and solar panels 2024<\/p>\n<p><a href=\"https:\/\/www.nrel.gov\/news\/program\/2022\/growing-plants-power-and-partnerships.html\">NREL<\/a>: Growing Plants, Power, and Partnerships Through Agrivoltaics Solar and Agriculture Pair Well Together, Thanks to Planning and Cooperation 2024<\/p>\n<p><a href=\"https:\/\/www.agrisolarclearinghouse.org\/environmental-co-benefits-of-maintaining-native-vegetation-with-solar-photovoltaic-infrastructure\/\">AgriSolar Clearinghouse, The National Center for Appropriate Technology<\/a>: Environmental Co-Benefits of Maintaining Native Vegetation With Solar Photovoltaic Infrastructure 2024<\/p>\n<p>AGU Eos: Earth and Space Science News, Research spotlight by Kornei, K. (2022), Invasive Plants and Climate Change Will Alter Desert Landscapes, Eos, 103, https:\/\/doi.org\/10.1029\/2022EO220027.<\/p>\n<p>Solar Power World, San Diego Daily News, Minnesota research finds sheep grazing at solar sites actually improves soil quality.\u00a0<a href=\"https:\/\/www.solarpowerworldonline.com\/2022\/01\/minnesota-research-finds-sheep-grazing-at-solar-sites-actually-improves-soil-quality\/\">https:\/\/www.solarpowerworldonline.com\/2022\/01\/minnesota-research-finds-sheep-grazing-at-solar-sites-actually-improves-soil-quality\/<\/a><\/p>\n<p>PV Magazine, Grazing animals increase carbon sequestration in PV projects\u00a0<a href=\"https:\/\/www.pv-magazine.com\/2022\/02\/08\/livestock-increase-carbon-sequestration-by-up-to-80-in-pv-projects\/\">https:\/\/www.pv-magazine.com\/2022\/02\/08\/livestock-increase-carbon-sequestration-by-up-to-80-in-pv-projects\/<\/a><\/p>\n<p>Phys.org, (September, 2020) Can revegetation return solar photovoltaic site soil to its untouched glory?\u00a0<a href=\"https:\/\/phys.org\/news\/2020-09-revegetation-solar-photovoltaic-site-soil.html\">https:\/\/phys.org\/news\/2020-09-revegetation-solar-photovoltaic-site-soil.html<\/a><\/p>\n<p class=\"p1\">Eos: Earth and Space Science News AGU Research spotlight by Witman, S. (2017), Mysterious fairy circles continue to enchant scientists, EoS, 98. <a href=\"https:\/\/doi.org\/10.1029\/2017EO071017\">https:\/\/doi.org\/10.1029\/2017EO071017<\/a><\/p>\n<p class=\"p1\">AGU Commentary by the JGR Editor Dr. Dork Sahagian, The magic of fairy circles: Built or created? <a href=\"http:\/\/onlinelibrary.wiley.com\/doi\/10.1002\/2017JG003855\/full\">http:\/\/onlinelibrary.wiley.com\/doi\/10.1002\/2017JG003855\/full<\/a><\/p>\n<p>Phys.org Researcher weighs in on fairy circles of Namibia (March 28, 2017) <a href=\"https:\/\/phys.org\/news\/2017-03-fairy-circles-namibia.html\">https:\/\/phys.org\/news\/2017-03-fairy-circles-namibia.html<\/a><\/p>\n<p>USA Today What causes the fairy circles of Namibia? We have a clue (March 29, 2017). <a href=\"https:\/\/www.usatoday.com\/story\/tech\/sciencefair\/2017\/03\/29\/what-causes-fairy-circles-namibia\/99787344\/\">https:\/\/www.usatoday.com\/story\/tech\/sciencefair\/2017\/03\/29\/what-causes-fairy-circles-namibia\/99787344\/<\/a><\/p>\n<p>Daily Mail .com Termites are NOT to blame for Namibias mysterious fairy circles: Study says thirsty plants are likely the cause as it finds no signs of the pests (March 29, 2017).\u00a0<a href=\"http:\/\/www.dailymail.co.uk\/sciencetech\/article-4361784\/Thirsty-plants-NOT-termites-create-Namibia-fairy-circles.html\">http:\/\/www.dailymail.co.uk\/sciencetech\/article-4361784\/Thirsty-plants-NOT-termites-create-Namibia-fairy-circles.html<\/a><\/p>\n<p class=\"p1\">The Science Times: Namibian Fairy Circles: Science Unravels One Of Nature&#8217;s Greatest Mysteries! (March 30, 2017). <a href=\"http:\/\/www.sciencetimes.com\/articles\/11347\/20170330\/namibian-fairy-circles-science-unravels-one-of-natures-greatest-mysteries.htm\">http:\/\/www.sciencetimes.com\/articles\/11347\/20170330\/namibian-fairy-circles-science-unravels-one-of-natures-greatest-mysteries.htm<\/a><\/p>\n<p class=\"p1\">Science Alert Scientists think they&#8217;ve solved the mystery of Namibia&#8217;s bizarre fairy circles (March 31, 2017).\u00a0<a href=\"https:\/\/www.sciencealert.com\/scientists-are-getting-closer-to-solving-the-mystery-of-namibia-s-fairy-circles\">https:\/\/www.sciencealert.com\/scientists-are-getting-closer-to-solving-the-mystery-of-namibia-s-fairy-circles<\/a><\/p>\n<p class=\"p1\">ScienceDaily Fairy circles of Namibia: New research helps scientists gain insight (March 28, 2017). <a href=\"https:\/\/www.sciencedaily.com\/releases\/2017\/03\/170328145329.htm\">https:\/\/www.sciencedaily.com\/releases\/2017\/03\/170328145329.htm<\/a><\/p>\n<p class=\"p1\">Science Newsline Researcher Weighs in on Fairy Circles of Namibia (March 29, 2017).\u00a0<a href=\"http:\/\/www.sciencenewsline.com\/news\/2017032913020015.html\">http:\/\/www.sciencenewsline.com\/news\/2017032913020015.html<\/a><\/p>\n<p class=\"p1\">University Herald IU Researchers Examine Namibian Fairy Circles (March 30, 2017). <a href=\"http:\/\/www.universityherald.com\/articles\/71188\/20170330\/indiana-university-researchers-examine-namibian-fairy-circles.htm\">http:\/\/www.universityherald.com\/articles\/71188\/20170330\/indiana-university-researchers-examine-namibian-fairy-circles.htm<\/a><\/p>\n<p class=\"p1\">Temple University: Fairy Circles in Namibia, May, 2014. <a href=\"http:\/\/cst.temple.edu\/about\/news\/fairy-circles-namibia\">http:\/\/cst.temple.edu\/about\/news\/fairy-circles-namibia<\/a><\/p>\n<p><a href=\"http:\/\/blog.environmentalresearchweb.org\/2015\/04\/13\/egu-2015-desert-energy-two-birds-from-one-stone\/\">Environmental Research Web<\/a>: &#8220;Desert Energy&#8221; April 2015 http:\/\/blog.environmentalresearchweb.org\/2015\/04\/13\/egu-2015-desert-energy-two-birds-from-one-stone\/<\/p>\n<p><strong>\u00a0<\/strong><a href=\"http:\/\/news.discovery.com\/\">Discovery News<\/a>, Discovery, \u201cWin-Win: Pairing \u00a0Crops With Solar Power\u201d April 2014. \u00a0<a href=\"http:\/\/news.discovery.com\/tech\/alternative-power-sources\/win-win-pairing-agave-crops-with-solar-panels-140411.htm\">http:\/\/news.discovery.com\/tech\/alternative-power-sources\/win-win-pairing-agave-crops-with-solar-panels-140411.htm<\/a><\/p>\n<p>IEEE \u2013\u00a0<a href=\"http:\/\/www.ieee.org\/about\/index.html\">IEEE Spectrum<\/a>, Tequila Sunrise: Big Benefit from Co-Locating Crops and Solar Power, April 2014. <a href=\"http:\/\/spectrum.ieee.org\/energywise\/green-tech\/solar\/tequila-sunrise-big-benefit-from-colocating-agave-crops-and-solar-power\">http:\/\/spectrum.ieee.org\/energywise\/green-tech\/solar\/tequila-sunrise-big-benefit-from-colocating-agave-crops-and-solar-power<\/a>.<\/p>\n<p><a href=\"http:\/\/www.sciencedaily.com\/about.htm\">Science Daily<\/a>: A win-win situation: Growing crops on photovoltaic farms, April 2014 <a href=\"http:\/\/www.sciencedaily.com\/releases\/2014\/04\/140409143942.htm\">http:\/\/www.sciencedaily.com\/releases\/2014\/04\/140409143942.htm<\/a><\/p>\n<p><a href=\"http:\/\/phys.org\/help\/about-us\/\">Phys.org<\/a>: Growing crops on photovoltaic farms, April 2014, <a href=\"http:\/\/phys.org\/news\/2014-04-win-win-situation-crops-photovoltaic-farms.html\">http:\/\/phys.org\/news\/2014-04-win-win-situation-crops-photovoltaic-farms.html<\/a><\/p>\n<p><a href=\"http:\/\/wn.com\/\">World News Network<\/a>: Stanford Scientists model a win-win situation: crops on photovoltaic farms. April 2014 <a href=\"http:\/\/article.wn.com\/view\/2014\/04\/09\/Stanford_scientists_model_a_winwin_situation_crops_on_photov\/\">http:\/\/article.wn.com\/view\/2014\/04\/09\/Stanford_scientists_model_a_winwin_situation_crops_on_photov\/<\/a><\/p>\n<p>Sustainability Matters: Biofuel Crops on photovoltaic farms, April 2014. <a href=\"http:\/\/www.sustainabilitymatters.net.au\/case_studies\/66981-Biofuel-crops-on-photovoltaic-farms\">http:\/\/www.sustainabilitymatters.net.au\/case_studies\/66981-Biofuel-crops-on-photovoltaic-farms<\/a><\/p>\n<p><a href=\"http:\/\/www.futurity.org\/about\/\">Futurity<\/a>: Grow agave for biofuel among solar panels, April 2014. <a href=\"http:\/\/www.futurity.org\/grow-agave-solar-farms-stanford\/\">http:\/\/www.futurity.org\/grow-agave-solar-farms-stanford\/<\/a><\/p>\n<p>Factor Magazine &amp; Factor tech.com: Double the yield: Scientists propose combined solar and biofuel plants April 2014. <a href=\"http:\/\/www.factor-tech.com\/green-energy\/double-the-yield-scientists-propose-combined-solar-and-biofuel\">http:\/\/www.factor-tech.com\/green-energy\/double-the-yield-scientists-propose-combined-solar-and-biofuel<\/a> farms\/?utm_source=rss&amp;utm_medium=rss&amp;utm_cam\u2026<\/p>\n<p><a href=\"http:\/\/motherboard.vice.com\/en_us\">Motherboard<\/a>: Solar farms can grow biofuels \u2013Just add agave, April 2014, <a href=\"http:\/\/motherboard.vice.com\/read\/maximizing-solar-farm-efficiency-with-biofuel-crops\">http:\/\/motherboard.vice.com\/read\/maximizing-solar-farm-efficiency-with-biofuel-crops<\/a><\/p>\n<p>Photonics.com- Solar Power, Biofuel Production could complement each other, April, 2014 <a href=\"http:\/\/www.photonics.com\/Article.aspx?AID=56069\">http:\/\/www.photonics.com\/Article.aspx?AID=56069<\/a><\/p>\n<p><a href=\"http:\/\/www.outsideonline.com\/magazine\">Outside Magazine<\/a>: Solar energy Tequila Plant Combo, April 2014, <a href=\"http:\/\/www.outsideonline.com\/news-from-the-field\/New-Solar-Energy-Tequila-Plant-Farm-Combo.html\">http:\/\/www.outsideonline.com\/news-from-the-field\/New-Solar-Energy-Tequila-Plant-Farm-Combo.html<\/a><\/p>\n<p>Research featured\/interviewed in PBS (February 8, 2010) in Wavelenghts: \u201cPlanet in a bottle &#8211; Climate change and vegetation shifts\u201d <a href=\"http:\/\/playpbs.azpm.org\/video\/1408571070\">http:\/\/playpbs.azpm.org\/video\/1408571070<\/a><\/p>\n<p>Research featured\/interviewed on PBS-HD, &amp; UA Channel (January 18 &amp; 19, 2010).<\/p>\n<p>Research featured\/interviewed in Arizona Public Media \u2013 PBS-HD &amp; KAUT6 (February 3, 2010), \u201cBuffel grass research at Biosphere2\u201d <a href=\"http:\/\/tv.azpm.org\/kuat\/video-segment\/2010\/2\/3\/kuat-bufflelgrass-research-at-b2\/\">http:\/\/tv.azpm.org\/kuat\/video-segment\/2010\/2\/3\/kuat-bufflelgrass-research-at-b2\/<\/a><\/p>\n<p>Research featured\/interviewed in <em>Arizona Daily Star<\/em> (December 2010).<\/p>\n<p>UA News &amp; UA Now: \u201cA playhouse of planet earth\u201d (December 10<sup>th<\/sup> 2010), <a href=\"http:\/\/uanews.org\/node\/36041\">http:\/\/uanews.org\/node\/36041<\/a><\/p>\n<p>Archaeology News Network \u2013 \u201cResearching Climate Change at Biosphere 2\u201d (December 14, 2010) <a href=\"http:\/\/archaeologynewsnetwork.blogspot.com\/2010\/12\/researching-climate-change-at-biosphere.html\">http:\/\/archaeologynewsnetwork.blogspot.com\/2010\/12\/researching-climate-change-at-biosphere.html<\/a><\/p>\n<p>Phys.org \u2013 \u201cPlanet Earth\u2019s Playhouse\u201d (December 10, 2010) http:\/\/www.physorg.com\/news\/2010-12-planet-earth-playhouse.html<\/p>\n<p>In news:\u00a0\u201c<em>Ecology of Dust<\/em>\u201d &#8211; <em>The Seattle Times, The Arizona Republic, Statesman, The Sacramento Bee, The Miami Herald, Star Telegram<\/em>.<\/p>\n<p>USGS Newsroom: \u201cLidar Yields New Insights into Desert Fire Ecologies\u201d, Released: 11\/28\/2012 <a href=\"http:\/\/www.usgs.gov\/newsroom\/article.asp?ID=3466\">http:\/\/www.usgs.gov\/newsroom\/article.asp?ID=3466<\/a><\/p>\n\n\n<figure class=\"wp-block-embed is-type-wp-embed is-provider-solar-power-world wp-block-embed-solar-power-world\"><div class=\"wp-block-embed__wrapper\">\nhttps:\/\/www.solarpowerworldonline.com\/2022\/01\/minnesota-research-finds-sheep-grazing-at-solar-sites-actually-improves-soil-quality\/\n<\/div><\/figure>\n","protected":false},"excerpt":{"rendered":"<p>IN MEDIA\/POPULAR PRESS Researchers highlight importance of site-specific agrivoltaics design, PV Magazine Global, 2025 Utility-scale solar fields can foster abundant biodiversity, say researchers, TechXplore, 2025 New research finds utility-scale solar parks foster biodiversity, PV Magazine, 2024 American Geophysical Union EoS: Editor&#8217;s Highlights, New Tracers of Wind Erosion Provide Insight into Dryland Vegetation, 2024 Los Angele &hellip; <a href=\"https:\/\/sites.temple.edu\/ravi\/in-news\/\" class=\"more-link\">Continue reading <span class=\"screen-reader-text\">in News<\/span> <span class=\"meta-nav\">&rarr;<\/span><\/a><\/p>\n","protected":false},"author":4685,"featured_media":1384,"parent":0,"menu_order":6,"comment_status":"closed","ping_status":"closed","template":"page-templates\/full-width.php","meta":{"_acf_changed":false,"_coblocks_attr":"","_coblocks_dimensions":"","_coblocks_responsive_height":"","_coblocks_accordion_ie_support":"","jetpack_post_was_ever_published":false,"footnotes":""},"class_list":["post-21","page","type-page","status-publish","has-post-thumbnail","hentry"],"acf":[],"jetpack_sharing_enabled":true,"_links":{"self":[{"href":"https:\/\/sites.temple.edu\/ravi\/wp-json\/wp\/v2\/pages\/21","targetHints":{"allow":["GET"]}}],"collection":[{"href":"https:\/\/sites.temple.edu\/ravi\/wp-json\/wp\/v2\/pages"}],"about":[{"href":"https:\/\/sites.temple.edu\/ravi\/wp-json\/wp\/v2\/types\/page"}],"author":[{"embeddable":true,"href":"https:\/\/sites.temple.edu\/ravi\/wp-json\/wp\/v2\/users\/4685"}],"replies":[{"embeddable":true,"href":"https:\/\/sites.temple.edu\/ravi\/wp-json\/wp\/v2\/comments?post=21"}],"version-history":[{"count":7,"href":"https:\/\/sites.temple.edu\/ravi\/wp-json\/wp\/v2\/pages\/21\/revisions"}],"predecessor-version":[{"id":2141,"href":"https:\/\/sites.temple.edu\/ravi\/wp-json\/wp\/v2\/pages\/21\/revisions\/2141"}],"wp:featuredmedia":[{"embeddable":true,"href":"https:\/\/sites.temple.edu\/ravi\/wp-json\/wp\/v2\/media\/1384"}],"wp:attachment":[{"href":"https:\/\/sites.temple.edu\/ravi\/wp-json\/wp\/v2\/media?parent=21"}],"curies":[{"name":"wp","href":"https:\/\/api.w.org\/{rel}","templated":true}]}}