

{"id":32,"date":"2013-06-30T14:30:06","date_gmt":"2013-06-30T18:30:06","guid":{"rendered":"https:\/\/sites.temple.edu\/pollack\/?page_id=32"},"modified":"2013-07-02T12:20:26","modified_gmt":"2013-07-02T16:20:26","slug":"publications","status":"publish","type":"page","link":"https:\/\/sites.temple.edu\/pollack\/publications\/","title":{"rendered":"Publications"},"content":{"rendered":"<p><strong>\u00a0<\/strong><\/p>\n<p><strong>Books \u2013 Monographs<\/strong><\/p>\n<div><a href=\"https:\/\/sites.temple.edu\/pollack\/files\/2013\/06\/When-Cooperation-Fails.jpeg\"><img loading=\"lazy\" decoding=\"async\" class=\"size-full wp-image-47 alignnone\" alt=\"When Cooperation Fails\" src=\"https:\/\/sites.temple.edu\/pollack\/files\/2013\/06\/When-Cooperation-Fails.jpeg\" width=\"180\" height=\"276\" \/><\/a><\/div>\n<p><a title=\"When Cooperation Fails\" href=\"http:\/\/www.amazon.com\/When-Cooperation-Fails-International-Genetically\/dp\/0199567050\/ref=sr_1_3?s=books&amp;ie=UTF8&amp;qid=1372615247&amp;sr=1-3\" target=\"_blank\">Mark A. Pollack and Gregory C. Shaffer. <em>When Cooperation Fails: The Global Law and Politics of Genetically Modified Organisms<\/em> (New York: Oxford University Press, 2009).<\/a><\/p>\n<p><a href=\"https:\/\/sites.temple.edu\/pollack\/files\/2013\/06\/Engines-of-Integration.jpg\"><img loading=\"lazy\" decoding=\"async\" class=\"alignnone size-full wp-image-48\" alt=\"Engines of Integration\" src=\"https:\/\/sites.temple.edu\/pollack\/files\/2013\/06\/Engines-of-Integration.jpg\" width=\"165\" height=\"246\" \/><\/a><\/p>\n<p><a title=\"Engines of European Integration\" href=\"http:\/\/www.amazon.com\/Engines-European-Integration-Delegation-Setting\/dp\/0199251177\/ref=sr_1_5?s=books&amp;ie=UTF8&amp;qid=1372618615&amp;sr=1-5\" target=\"_blank\">Mark A. Pollack. <em>The Engines of European Integration: Delegation, Agency and Agenda Setting in the EU<\/em> (New York: Oxford University Press, 2003).<\/a><\/p>\n<p><strong>Books \u2013 Edited Volumes<\/strong><\/p>\n<p><a href=\"https:\/\/sites.temple.edu\/pollack\/files\/2013\/06\/Dunoff-and-Pollack.jpg\"><img loading=\"lazy\" decoding=\"async\" class=\"alignnone size-medium wp-image-49\" alt=\"Dunoff and Pollack\" src=\"https:\/\/sites.temple.edu\/pollack\/files\/2013\/06\/Dunoff-and-Pollack-199x300.jpg\" width=\"199\" height=\"300\" srcset=\"https:\/\/sites.temple.edu\/pollack\/files\/2013\/06\/Dunoff-and-Pollack-199x300.jpg 199w, https:\/\/sites.temple.edu\/pollack\/files\/2013\/06\/Dunoff-and-Pollack.jpg 333w\" sizes=\"auto, (max-width: 199px) 100vw, 199px\" \/><\/a><\/p>\n<p><a title=\"Dunoff and Pollack\" href=\"http:\/\/www.amazon.com\/Interdisciplinary-Perspectives-International-Law-Relations\/dp\/1107684021\/ref=sr_1_2?s=books&amp;ie=UTF8&amp;qid=1372619321&amp;sr=1-2\" target=\"_blank\">Jeffrey L. Dunoff and Mark A. Pollack, eds. <em>Interdisciplinary Perspectives on International Law and International Relations: The State of the Art<\/em> (New York: Cambridge University Press, January 2013).<\/a><\/p>\n<p><a href=\"https:\/\/sites.temple.edu\/pollack\/files\/2013\/06\/Policy-Making-6th.jpeg\"><img loading=\"lazy\" decoding=\"async\" class=\"alignnone size-full wp-image-50\" alt=\"Policy-Making 6th\" src=\"https:\/\/sites.temple.edu\/pollack\/files\/2013\/06\/Policy-Making-6th.jpeg\" width=\"180\" height=\"259\" \/><\/a><\/p>\n<p><a title=\"Wallace, Pollack and Young\" href=\"http:\/\/www.amazon.com\/Policy-Making-European-Union-New\/dp\/0199544824\/ref=sr_1_1?s=books&amp;ie=UTF8&amp;qid=1372619345&amp;sr=1-1\" target=\"_blank\">Helen Wallace, Mark A. Pollack and Alasdair Young, eds. <em>Policy-Making in the European Union<\/em>, 6th edition (New York: Oxford University Press, 2010).<\/a><\/p>\n<p><a title=\"Fifth Edition\" href=\"http:\/\/www.amazon.com\/Policy-Making-European-Union-New\/dp\/0199276129\/ref=sr_1_2?ie=UTF8&amp;qid=1372781803&amp;sr=8-2&amp;keywords=policy-making+in+the+european+union+2005\" target=\"_blank\">Helen Wallace, William Wallace, and Mark A. Pollack, eds.,\u00a0<em>Policy-Making in the European Union,\u00a0<\/em>5th edition\u00a0(New York: Oxford University Press, 2005).<\/a><\/p>\n<p><a href=\"https:\/\/sites.temple.edu\/pollack\/files\/2013\/06\/cep.gif\"><img loading=\"lazy\" decoding=\"async\" class=\"alignnone size-full wp-image-56\" alt=\"cep\" src=\"https:\/\/sites.temple.edu\/pollack\/files\/2013\/06\/cep.gif\" width=\"150\" height=\"224\" \/><\/a><\/p>\n<p><a title=\"CEP\" href=\"http:\/\/www.palgrave-journals.com\/cep\/journal\/v7\/n1\/index.html\" target=\"_blank\">Amy G. Mazur and Mark A. Pollack, editors. G<em>ender and Public Policy in Europe<\/em>, special issue of <em>Comparative European Politics<\/em>, Vol. 7, No. 1 (March 2009), pp. 1-177.<\/a><\/p>\n<p><a href=\"https:\/\/sites.temple.edu\/pollack\/files\/2013\/06\/EU-Handbook.jpg\"><img loading=\"lazy\" decoding=\"async\" class=\"alignnone size-full wp-image-57\" alt=\"EU Handbook\" src=\"https:\/\/sites.temple.edu\/pollack\/files\/2013\/06\/EU-Handbook.jpg\" width=\"150\" height=\"212\" \/><\/a><\/p>\n<p><a title=\"EU Handbook\" href=\"http:\/\/www.amazon.com\/SAGE-Handbook-European-Union-Politics\/dp\/1412908752\/ref=sr_1_6?s=books&amp;ie=UTF8&amp;qid=1372619445&amp;sr=1-6\" target=\"_blank\">Knud Erik J\u00f8rgensen, Mark A. Pollack, and Ben Rosamond, eds. <em>The Handbook of European Union Politics<\/em> (New York: Sage Publications, 2007).<\/a><\/p>\n<p><a title=\"Transatlantic Economic Relations\" href=\"http:\/\/cadmus.eui.eu\/handle\/1814\/2856\" target=\"_blank\">David Andrews, Mark A. Pollack, Gregory C. Shaffer, Mark A. Pollack, and Helen Wallace, eds., <em>The New Transatlantic Agenda and the Future of Transatlantic Economic Governance<\/em> (Florence: European University Institute, 2005).<\/a><\/p>\n<p><a href=\"https:\/\/sites.temple.edu\/pollack\/files\/2013\/06\/Petersmann-and-Pollack.jpeg\"><img loading=\"lazy\" decoding=\"async\" class=\"alignnone size-full wp-image-58\" alt=\"Petersmann and Pollack\" src=\"https:\/\/sites.temple.edu\/pollack\/files\/2013\/06\/Petersmann-and-Pollack.jpeg\" width=\"180\" height=\"265\" \/><\/a><\/p>\n<p><a title=\"Petersmann and Pollack\" href=\"http:\/\/www.amazon.com\/Transatlantic-Economic-Disputes-WTO-International\/dp\/0199261725\/ref=sr_1_8?s=books&amp;ie=UTF8&amp;qid=1372642708&amp;sr=1-8\" target=\"_blank\">Ernst-Ulrich Petersmann and Mark A. Pollack, eds., <em>Transatlantic Economic Disputes: The US, the EU, and the WTO<\/em> (New York: Oxford University Press, November 2003).<\/a><\/p>\n<p><a href=\"https:\/\/sites.temple.edu\/pollack\/files\/2013\/06\/Peterson-Pollack-2003.jpg\"><img loading=\"lazy\" decoding=\"async\" class=\"alignnone size-medium wp-image-60\" alt=\"Peterson Pollack 2003\" src=\"https:\/\/sites.temple.edu\/pollack\/files\/2013\/06\/Peterson-Pollack-2003-198x300.jpg\" width=\"198\" height=\"300\" srcset=\"https:\/\/sites.temple.edu\/pollack\/files\/2013\/06\/Peterson-Pollack-2003-198x300.jpg 198w, https:\/\/sites.temple.edu\/pollack\/files\/2013\/06\/Peterson-Pollack-2003.jpg 260w\" sizes=\"auto, (max-width: 198px) 100vw, 198px\" \/><\/a><\/p>\n<p><a title=\"Peterson and Pollack\" href=\"http:\/\/www.amazon.com\/Europe-America-Bush-Transatlantic-Twenty-First\/dp\/0415309433\/ref=sr_1_7?s=books&amp;ie=UTF8&amp;qid=1372642779&amp;sr=1-7\" target=\"_blank\">John Peterson and Mark A. Pollack, eds., <em>Europe, America, Bush: Transatlantic Relations in Transition<\/em> (New York: Routledge Press, 2003).<\/a><\/p>\n<p><a href=\"https:\/\/sites.temple.edu\/pollack\/files\/2013\/06\/Pollack-Shaffer-2001.jpg\"><img loading=\"lazy\" decoding=\"async\" class=\"alignnone size-full wp-image-61\" alt=\"Pollack Shaffer 2001\" src=\"https:\/\/sites.temple.edu\/pollack\/files\/2013\/06\/Pollack-Shaffer-2001.jpg\" width=\"185\" height=\"276\" \/><\/a><\/p>\n<p><a title=\"Pollack Shaffer 2001\" href=\"http:\/\/www.amazon.com\/Transatlantic-Governance-Global-Economy-Europe\/dp\/074250932X\/ref=sr_1_4?s=books&amp;ie=UTF8&amp;qid=1372643005&amp;sr=1-4\" target=\"_blank\">Mark A. Pollack and Gregory C. Shaffer, eds., <em>Transatlantic Governance in the Global Economy<\/em> (Lanham, MD: Rowman &amp; Littlefield Press, 2001).<\/a><\/p>\n<p><strong>Refereed Journal Articles <\/strong><\/p>\n<p><a title=\"Elsig and Pollack\" href=\"http:\/\/ejt.sagepub.com\/content\/early\/2012\/09\/05\/1354066112448201.abstract\" target=\"_blank\">Manfred Elsig and Mark A. Pollack. \u201cAgents, Trustees, and International Courts: The Politics of Judicial Appointment at the World Trade Organization,\u201d <em>European Journal of International Relations<\/em> (forthcoming).<\/a><\/p>\n<p>Gregory C. Shaffer and Mark A. Pollack. \u201cHard Law, Soft Law, and International Security: The Cases of Nuclear Weapons and the Responsibility to Protect,\u201d <em>Boston College Law Review<\/em>, Vol. 52, No. 4 (2011), pp. 1147-1241.<\/p>\n<p>Mark A. Pollack and Emilie M. Hafner-Burton. \u201cMainstreaming International Governance: The Environment, Gender, and IO Performance in the European Union,\u201d <em>Review of International Organizations<\/em>, Vol. 5, No. 3 (2010), pp. 285-313.<\/p>\n<p>Gregory C. Shaffer and Mark A. Pollack. \u201cHard Law vs. Soft Law: Alternatives, Complements and Antagonists in International Governance,\u201d <em>Minnesota Law Review<\/em>, Vol. 94, No. 3 (February 2010), pp. 706-799.<\/p>\n<p>Emilie M. Hafner-Burton and Mark A. Pollack. \u201cMainstreaming Gender in the European Union: Getting the Incentives Right,\u201d <em>Comparative European Politics<\/em>, Vol. 7, No. 1 (March 2009), pp. 114-138.<\/p>\n<p>Mark A. Pollack and Gregory C. Shaffer. \u201cTransatlantic Economic Relations: Continuity amid Discord,\u201d <em>EPS: European Political Science<\/em>, Vol. 5, No. 1 (February 2006), pp. 62-68.<\/p>\n<p>Mark A. Pollack. \u201cTheorizing the European Union: International Organization, Domestic Polity, or Experiment in New Governance?\u201d <em>Annual Review of Political Science<\/em>, Vol. 8 (2005), pp. 357-98.<\/p>\n<p>Mark A. Pollack. \u201cControl Mechanism or Deliberative Democracy? Two Images of Comitology,\u201d <em>Comparative Political Studies<\/em>, Vol. 36, No. 1\/2 (February\/March 2003).<\/p>\n<p>Mark A. Pollack. \u201cLearning from the Americanists (Again): Theory and Method in the Study of Delegation,\u201d <em>West European Politics<\/em>, Vol. 25, No. 1 (January 2002), pp. 200-219.<\/p>\n<p>Emilie Hafner-Burton and Mark A. Pollack. \u201cMainstreaming Gender in Global Governance,\u201d <em>European Journal of International Relations<\/em>, Vol. 8, No. 3 (September 2002), pp. 339-73.<\/p>\n<p>Emilie Hafner-Burton and Mark A. Pollack. \u201cGender Mainstreaming and Global Governance,\u201d <em>Feminist Legal Studies<\/em>, Vol. 10, No. 3 (2002), pp. 285-298.<\/p>\n<p>Mark A. Pollack. \u201cInternational Relations Theory and European Integration,\u201d <em>Journal of Common Market Studies<\/em>, Vol. 39, No. 2 (June 2001), pp. 221-44.<\/p>\n<p>Mark A. Pollack and Emilie Hafner-Burton. \u201cMainstreaming Gender in the European Union,\u201d <em>Journal of European Public Policy<\/em>, special issue on \u201cWomen, Power and Public Policy,\u201d Vol. 7, No. 3 (2000): 432-456.<\/p>\n<p>Mark A. Pollack. \u201cThe End of Creeping Competence? EU Policymaking Since Maastricht,\u201d <em>Journal of Common Market Studies<\/em>, Vol.38, No. 3 (September 2000): 519-538.<\/p>\n<p>Mark A. Pollack. \u201cDelegation, Agency and Agenda Setting in the European Community,\u201d <em>International Organization<\/em>, Vol. 51, No. 1 (Winter 1997), pp. 99-134. Reprinted in Brent F. Nelson and Alexander Stubb, eds., <em>The European Union: Readings on the Theory and Practice of European Integration<\/em>, 3rd edition (Boulder: Lynne Rienner, 2003), pp. 255-80.<\/p>\n<p>Mark A. Pollack. \u201cRepresenting Diffuse Interests in EC Policymaking,\u201d <em>Journal of European Public Policy<\/em>, Vol. 4, No. 4 (December 1997), pp. 572-590.<\/p>\n<p>Mark A. Pollack. \u201cThe New Institutionalism and EU Governance: The Promise and Limits of Institutionalist Analysis,\u201d <em>Governance<\/em>, Vol. 9, No. 4 (October 1996), pp. 429-458.<\/p>\n<p>Mark A. Pollack. \u201cCreeping Competence: The Expanding Agenda of the European Community,\u201d <em>Journal of Public Policy<\/em>, Volume 14, No. 2 (March-June 1994), pp. 95-145.<\/p>\n<p><strong> Book Chapters and Non-Refereed Articles<\/strong><\/p>\n<p>Mark A. Pollack. \u201cThe New EU Legal History: What\u2019s New, What\u2019s Missing?\u201d (February 28, 2013). <em>American University International Law Review<\/em>, forthcoming 2013; Temple University Legal Studies Research Paper No. 2013-09. Available at SSRN: http:\/\/ssrn.com\/abstract=2207170.<\/p>\n<p>Jeffrey L. Dunoff and Mark A. Pollack. \u201cIntroduction: International Law and International Relations \u2013 Taking Stock,\u201d in Dunoff and Pollack, eds. <em>Interdisciplinary Perspectives on International Law and International Relations: The State of the Art<\/em> (New York: Cambridge University Press, 2013), pp. 3-32.<\/p>\n<p>Jeffrey L. Dunoff and Mark A. Pollack. \u201cConclusions: Reviewing Two Decades of IL\/IR Scholarship: What We\u2019ve Learned, What\u2019s Next,\u201d in Dunoff and Pollack, eds. <em>Interdisciplinary Perspectives on International Law and International Relations: The State of the Art<\/em> (New York: Cambridge University Press, 2013), pp. 626-661.<\/p>\n<p>Gregory C. Shaffer and Mark A. Pollack. \u201cHard and Soft Law,\u201d in Jeffrey L. Dunoff and Mark A. Pollack, eds., Interdisciplinary Perspectives on <em>International Law and International Relations: The State of the Art<\/em> (New York: Cambridge University Press, 2013), pp. 197-222.<\/p>\n<p>Mark A. Pollack and Gregory C. Shaffer. \u201cThe Interaction of Formal and Informal Lawmaking,&#8221; in Joost Pauwelyn, Ramses Wessel and Jan Wouters, eds., <em>Informal International Lawmaking<\/em> (Oxford: Oxford University Press, 2012).<\/p>\n<p>Mark A. Pollack. \u201cTheorizing the European Union: Realist, Intergovernmentalist and Institutionalist Approaches,\u201d Chapter 1 in Erik Jones, Anand Menon and Stephen Weatherill, eds., <em>The Oxford Handbook of the European Union<\/em> (Oxford: Oxford University Press, 2012), pp. 3-17.<\/p>\n<p>Mark A. Pollack. \u201cLiving in a Material World: A Critique of Normative Power Europe,\u201d in Hubert Zimmerman and Andreas D\u00fcr, eds., <em>Key Controversies in European Integration<\/em> (London: Palgrave, 2012).<\/p>\n<p>Gregory C. Shaffer and Mark A. Pollack. \u201cHow Hard and Soft Law Interact in International Regulatory Governance: Alternatives, Complements, and Antagonists,\u201d in Simon Evenett and Robert Stern, eds., <em>Systemic Implications of Transatlantic Regulatory Cooperation and Competition<\/em> (London: World Scientific, 2011).<\/p>\n<p>Mark A. Pollack, Helen Wallace, and Alasdair R. Young. \u201cAn Overview,\u201d chapter 1 in Helen Wallace, Mark A. Pollack and Alasdair Young, eds.,<em> Policy-Making in the European Union<\/em>, 6th edition (New York: Oxford University Press, 2010), pp. 3-13.<\/p>\n<p>Mark A. Pollack. \u201cTheorizing EU Policy-Making,\u201d chapter 2 in Helen Wallace, Mark A. Pollack and Alasdair Young, eds., Policy-Making in the European Union, 6th edition (New York: Oxford University Press, 2010), pp. 14-43.<\/p>\n<p>Mark A. Pollack and Gregory C. Shaffer. \u201cBiotechnology Policy: Between National Fears and Global Disciplines,\u201d chapter 14 in Helen Wallace, Mark A. Pollack and Alasdair Young, eds., <em>Policy-Making in the European Union<\/em>, 6th edition (New York: Oxford University Press, 2010), pp. 327-51.<\/p>\n<p>Mark A. Pollack, Helen Wallace, and Alasdair R. Young. \u201cEU Policy-Making in Challenging Times: Adversity, Adaptability, and Resilience,\u201d chapter 20 in Helen Wallace, Mark A. Pollack and Alasdair Young, eds., <em>Policy-Making in the European Union<\/em>, 6th edition (New York: Oxford University Press, 2010), 473-94.<\/p>\n<p>Mark A. Pollack. \u201cEurope United? The Impact of the EU\u2019s Eastern Enlargement, Five Years On,\u201d <em>European View,<\/em> Vol. 8, No. 2 (December 2009), pp. 239-54.<\/p>\n<p>Mark A. Pollack. \u201cThe European Union\u2019s Democratic Deficit: Diagnoses, Prognoses, and Reforms,\u201d in Knud Erik J\u00f8rgensen, ed., <em>European Democracy: Foundations, Milestones, Future Perspectives<\/em> (Copenhagen: Ministry of Foreign Affairs of Denmark, November 2009), pp. 121-138.<\/p>\n<p>Amy G. Mazur and Mark A. Pollack. \u201cIntroduction: Gender and Public Policy in Europe,\u201d <em>Comparative European Politics<\/em>, Vol. 7, No. 1 (March 2009), pp. 1-11.<\/p>\n<p>\u201cThe New Institutionalisms and European Integration,\u201d in Antje Wiener and Thomas Diez, eds., <em>European Integration Theory<\/em> 2nd edition (New York: Oxford University Press, 2009), pp. 137-56.<\/p>\n<p>Gregory C. Shaffer and Mark A. Pollack. \u201cThe EU Regulatory System for GMOs,\u201d in Ellen Vos, Michelle Everson and Joanne Scott, eds. <em>Uncertain Risks Regulated: National, EU and International Regulatory Models Compared<\/em> (London: University College\/Cavendish Press, 2008), pp. 269-94.<\/p>\n<p>Mark A. Pollack and Molly Ruhlman. \u201cThe Heroic Age of European Integration is Over: Institutional and Policy Developments in the EU, 1957-2007,\u201d in David Phinnemore and Alex Warleigh-Lack,\u201d eds., <em>Reflections on European Integration<\/em> (London: Routledge, 2008), pp. 43-73.<\/p>\n<p>Mark A. Pollack and Gregory C. Shaffer. \u201cRisk Regulation, Genetically Modified Foods, and the Limits of Deliberation in the Council of Ministers,\u201d \u00a0in Daniel Naurin and Helen Wallace, eds., <em>Unveiling the Council of the EU. Games Governments Play in Brussels<\/em> (London: Palgrave Macmillan, 2008), pp. 144-164.<\/p>\n<p>Mark A. Pollack. \u201cRational Choice and EU Politics,\u201d Chapter 2 in Knud Erik J\u00f8rgensen, Mark A. Pollack, and Ben Rosamond, eds. <em>The Sage Handbook of European Union Politics<\/em> (New York: Sage Publications, 2007), pp. 31-56.<\/p>\n<p>Mark A. Pollack. \u201cDelegation and Discretion in the European Union,\u201d in Darren Hawkins, David A. Lake, Daniel Nielsen and Michael J. Tierney, eds., <em>Delegation and Agency in International Organizations<\/em> (New York: Cambridge University Press, 2006), pp. 165-196.<\/p>\n<p>Mark A. Pollack. \u201cJCMS Annual Lecture: The New Transatlantic Agenda at Ten: Reflections on an Experiment in International Governance,\u201d Journal of Common Market Studies, Vol. 43, No. 5 (December 2005), pp. 899-919.<\/p>\n<p>Mark A. Pollack. \u201cTheorizing EU Policy-Making,\u201d in Helen Wallace, William Wallace, and Mark A. Pollack, eds., <em>Policy-Making in the European Union<\/em> (New York: Oxford University Press, 2005), pp. 13-48.<\/p>\n<p>Helen Wallace, William Wallace, and Mark A. Pollack. \u201cAn Overview,\u201d in Helen Wallace, William Wallace, and Mark A. Pollack, eds., <em>Policy-Making in the European Union<\/em> (New York: Oxford University Press, 2005), pp. 3-11.<\/p>\n<p>Mark A. Pollack and Gregory C. Shaffer. \u201cBiotechnology Policy: Between National Fears and Global Disciplines\u201d in Helen Wallace and William Wallace, eds., <em>Policy-Making in the European Union<\/em> (New York: Oxford University Press, 2005), pp. 329-51.<\/p>\n<p>Mark A. Pollack and Gregory C. Shaffer, \u201cThe Future of Transatlantic Economic Relations: Continuity Amid Discord,\u201d in Andrews et al., <em>The Future of Transatlantic Economic Governance: Continuity Amid Discord<\/em> (Florence: European University Institute, 2005), pp. 3-8.<\/p>\n<p>Gregory C. Shaffer and Mark A. Pollack. \u201cReconciling (or Failing to Reconcile) Regulatory Differences: The Ongoing Transatlantic Dispute over the Regulation of Biotechnology,\u201d in David Andrews, Mark A. Pollack, Gregory C. Shaffer, and Helen Wallace, eds., <em>The Future of Transatlantic Economic Governance : Continuity Amid Discord<\/em> (Florence: European University Institute, 2005), pp. 167-229.<\/p>\n<p>Mark A. Pollack. \u201cThe New Institutionalisms and European Integration,\u201d in Antje Wiener and Thomas Diez, eds., <em>European Integration Theory<\/em> (New York: Oxford University Press, 2004), pp. 137-56.<\/p>\n<p>Mark A. Pollack. \u201cThe Political Economy of Transatlantic Trade Disputes,\u201d Chapter 2 in Ernst-Ulrich Petersmann and Mark A. Pollack, eds., <em>Transatlantic Trade Disputes: The US, the EU, and the WTO<\/em> (New York: Oxford University Press, 2003).<\/p>\n<p>Mark A. Pollack. \u201cPolicy Statement: Managing System Friction,\u201d in Ernst-Ulrich Petersmann and Mark A. Pollack, eds., <em>Transatlantic Trade Disputes: The US, the EU, and the WTO<\/em> (New York: Oxford University Press, 2003).<\/p>\n<p>John Peterson and Mark A. Pollack. \u201cIntroduction: Europe, America, Bush,\u201d chapter 1 in John Peterson and Mark A. Pollack, eds., <em>Europe, America, Bush: Transatlantic Relations in Transition<\/em> (New York: Routledge, 2003), pp. 1-12.<\/p>\n<p>Mark A. Pollack. \u201cUnilateral America, Multilateral Europe?\u201d chapter 9 in John Peterson and Mark A. Pollack, eds., <em>Europe, America, Bush: Transatlantic Relations in Transition<\/em> (New York: Routledge, 2003), pp. 115-127.<\/p>\n<p>John Peterson and Mark A. Pollack. \u201cConclusion: The End of Transatlantic Partnership?\u201d Chapter 10 in John Peterson and Mark A. Pollack, eds., <em>Europe, America, Bush: Transatlantic Relations in Transition<\/em> (New York: Routledge, August 2003), pp. 128-142.<\/p>\n<p>Stacy A. Nyikos and Mark A. Pollack. \u201cResearching the European Union: Qualitative and Quantitative Approaches,\u201d in Tanja Boerzel and Rachel Cichowski, eds., <em>The State of the European Union, Volume IV: Law, Politics, and Society<\/em> (New York: Oxford University Press, Fall 2003).<\/p>\n<p>Mark A. Pollack and Gregory C. Shaffer. \u201cTransatlantic Governance in Historical and Theoretical Perspective,\u201d in Pollack and Shaffer, <em>Transatlantic Governance in the Global Economy<\/em>, pp. 3-42.<\/p>\n<p>Mark A. Pollack and Gregory C. Shaffer. \u201cThe Challenge of Reconciling Regulatory Differences: Food Safety and GMOs in the Transatlantic Relationship,\u201d in Pollack and Shaffer, <em>Transatlantic Governance in the Global Economy,<\/em> pp. 153-178. Translated into French as \u201cVers un compromis transatlantique sur les OGM?\u201d in Jacques Bourrinet and Sandrine Maljean-Dubois, <em>Le commerce international des organisms g\u00e9n\u00e9tiquement modifi\u00e9s<\/em> (Paris: La documentation fran\u00e7aise, 2002), pp. 305-315.<\/p>\n<p>Mark A. Pollack and Gregory C. Shaffer. \u201cWho Governs?\u201d in Pollack and Shaffer, eds., <em>Transatlantic Governance in the Global Economy<\/em>, pp. 287-305.<\/p>\n<p>Mark A. Pollack and Gregory C. Shaffer. \u201cBiotechnology: The Next Transatlantic Trade War?\u201d <em>The Washington Quarterly<\/em>, Vol. 23, No. 4 (Autumn 2000), pp. 41 54.<\/p>\n<p>John D. Donahue and Mark A. Pollack. \u201cCentralization and its Discontents: The Rhythms of Federalism in the United States and the European Union,\u201d in Kalypso Nicolaidis and Robert Howse, eds., <em>The Federal Vision: Legitimacy and Levels of Governance in the United States and the European Union<\/em> (New York: Oxford University Press, 2001).<\/p>\n<p>Mark A. Pollack. \u201cBlairism in Brussels: The Third Way in Europe Since Amsterdam,\u201d in Maria Green Cowles and Michael Smith, eds., The State of the European Union, Volume V (New York: Oxford University Press, 2001), pp. 266-291.<\/p>\n<p>Mark A. Pollack. \u201cA Blairite Treaty? Neoliberalism and Regulated Capitalism in the Treaty of Amsterdam,\u201d in Karlheinz Neunreither and Antje Wiener, eds., <em>European Integration After Amsterdam: Institutional Dynamics and Prospects for Democracy<\/em> (New York: Oxford University Press, 2000), pp, 266-289.<\/p>\n<p>Mark A. Pollack. \u201cThe Engines of Integration? Supranational Autonomy and Influence in the European Union,\u201d in Wayne Sandholtz and Alec Stone Sweet, eds., <em>European Integration and Supranational Governance<\/em> (New York: Oxford University Press, 1998), pp. 217-249.<\/p>\n<p>Mark A. Pollack. \u201cThe Commission as an Agent,\u201d in Neill Nugent, ed., At the Heart of the Union: Studies of the European Commission (London: Macmillan, 1997), pp. 145-166.<\/p>\n<p>Mark A. Pollack. \u201cThe United States of America,\u201d in G. Ciavarini Azzi, ed., <em>Survey of Current Political Science Research on European Integration Worldwide: 1994-1997<\/em> (Brussels: International Political Science Association Research Committee on European Unification, 1997).<\/p>\n<p>Mark A. Pollack. \u201cRegional Actors in an Intergovernmental Play: The Making and Implementation of EC Structural Policy,\u201d in Sonia Mazey and Carolyn Rhodes, eds., <em>The State of the European Union, Vol. III<\/em> (Boston: Lynne Rienner, 1995), pp. 361-90.<\/p>\n<p><b>\u00a0<\/b><\/p>\n","protected":false},"excerpt":{"rendered":"<p>\u00a0 Books \u2013 Monographs Mark A. Pollack and Gregory C. Shaffer. When Cooperation Fails: The Global Law and Politics of Genetically Modified Organisms (New York: Oxford University Press, 2009). Mark A. Pollack. The Engines of European Integration: Delegation, Agency and Agenda Setting in the EU (New York: Oxford University Press, 2003). Books \u2013 Edited Volumes [&hellip;]<\/p>\n","protected":false},"author":2497,"featured_media":0,"parent":0,"menu_order":0,"comment_status":"open","ping_status":"closed","template":"","meta":{"footnotes":""},"class_list":["post-32","page","type-page","status-publish","hentry"],"_links":{"self":[{"href":"https:\/\/sites.temple.edu\/pollack\/wp-json\/wp\/v2\/pages\/32","targetHints":{"allow":["GET"]}}],"collection":[{"href":"https:\/\/sites.temple.edu\/pollack\/wp-json\/wp\/v2\/pages"}],"about":[{"href":"https:\/\/sites.temple.edu\/pollack\/wp-json\/wp\/v2\/types\/page"}],"author":[{"embeddable":true,"href":"https:\/\/sites.temple.edu\/pollack\/wp-json\/wp\/v2\/users\/2497"}],"replies":[{"embeddable":true,"href":"https:\/\/sites.temple.edu\/pollack\/wp-json\/wp\/v2\/comments?post=32"}],"version-history":[{"count":0,"href":"https:\/\/sites.temple.edu\/pollack\/wp-json\/wp\/v2\/pages\/32\/revisions"}],"wp:attachment":[{"href":"https:\/\/sites.temple.edu\/pollack\/wp-json\/wp\/v2\/media?parent=32"}],"curies":[{"name":"wp","href":"https:\/\/api.w.org\/{rel}","templated":true}]}}