

{"id":50,"date":"2015-07-01T21:58:06","date_gmt":"2015-07-02T01:58:06","guid":{"rendered":"https:\/\/sites.temple.edu\/polar\/?page_id=50"},"modified":"2026-02-02T10:44:54","modified_gmt":"2026-02-02T15:44:54","slug":"publications","status":"publish","type":"page","link":"https:\/\/sites.temple.edu\/polar\/publications\/","title":{"rendered":"PUBLICATIONS"},"content":{"rendered":"<p><span class=\"current-selection\" dir=\"ltr\" role=\"presentation\">Borthwick, L., <strong>A. Muto<\/strong>, S. Anandakrishnan, <\/span><span class=\"current-selection\" dir=\"ltr\" role=\"presentation\">K. Tinto, R. Agnew, A. Brisbourne, R. Schlegel, S. Killingbeck, B. Kulessa, R. Alley, A. Willet, and S. Melton<\/span><span class=\"current-selection\" dir=\"ltr\" role=\"presentation\">\u00a0(2025). Rift\u2010related sedimentary <\/span><span class=\"current-selection\" dir=\"ltr\" role=\"presentation\">basin and deeper\u2010seated mafic intrusions <\/span><span class=\"current-selection\" dir=\"ltr\" role=\"presentation\">modeled beneath Thwaites Glacier, West <\/span><span class=\"current-selection\" dir=\"ltr\" role=\"presentation\">Antarctica: Influence on glacier dynamics, <\/span><em><span class=\"current-selection\" dir=\"ltr\" role=\"presentation\">Journal of Geophysical Research: Solid <\/span><span class=\"current-selection\" dir=\"ltr\" role=\"presentation\">Earth<\/span><\/em><span class=\"current-selection\" dir=\"ltr\" role=\"presentation\">,<\/span> <span class=\"current-selection\" dir=\"ltr\" role=\"presentation\">130<\/span><span class=\"current-selection\" dir=\"ltr\" role=\"presentation\">, e2025JB031716, <\/span><a href=\"https:\/\/doi.org\/10.1029\/2025JB031716\"><span class=\"current-selection\" dir=\"ltr\" role=\"presentation\">https:\/\/doi.<\/span><span class=\"current-selection\" dir=\"ltr\" role=\"presentation\">org\/10.1029\/2025JB031716<\/span><\/a><\/p>\n<p>Banerjee, D., D.A. Lilien, M. Truffer, A. Luckman, C.T. Wild, E.C. Pettit, T.A. Scambos, <strong>A. Muto<\/strong>, and K.E. Alley (2025) Evolution of Shear-zone Fractures Presages the Disintegration of Thwaites Eastern Ice Shelf, <em>Journal of Geophysical Research: Earth Surface<\/em>, e2025JF008352, <a href=\"https:\/\/doi.org\/10.1029\/2025JF008352\">https:\/\/doi.org\/10.1029\/2025JF008352<\/a><\/p>\n<p>Borthwick, L., <strong>A. Muto<\/strong>, and K. Tinto (2025). Gravity Modelling of Ice Thickness and Valley Geometry on Taku Glacier (T&#8217;aak\u00fa Kw\u00e1an S\u00edt&#8217;i), Alaska, <em>Journal of Glaciology<\/em>, 71, e13, 1\u201315, <a href=\"https:\/\/doi.org\/10.1017\/jog.2024.84\">https:\/\/doi.org\/10.1017\/jog.2024.84<\/a><\/p>\n<p>Scambos, T.A., T. White, B. Walling, M. Truffer, G. Collao-Barrios, C Kratt, S. Tyler, E.C. Pettit, C.T. Wild, S. Arora, S. Edwards, R. Fotherby, C. Meha, J., Soltys, E. Tomlinson, R. Weatherby, R. Ross, A. W\u00e5hlin, T.S. Toddo, K. Alley, and <strong>A. Muto<\/strong> (2025). AMIGOS-3 multi-sensor stations and theclimate, ice and ocean conditions at Thwaites Eastern Ice Shelf during 2020\u201322, <em>Journal of Glaciology<\/em>, 71, e60, <a href=\"https:\/\/doi.org\/10.1017\/jog.2024.96\">https:\/\/doi.org\/10.1017\/jog.2024.96<\/a><\/p>\n<p>Wild, C.T., S.B. Kachuck, A. Luckman, K.E. Alley, M.A. Sharp, H. Smith, S.W. Tyler, C. Kratt, T.S. Dotto, D. Price, K.W. Nicholls, S.L. Bevan, G. Gollao-Barrios, <strong>A. Muto<\/strong>, M. Truffer, T.A. Scambos, K.J. Heywood, E.C. Pettit and the TARSAN team (2024). Rift propagation signals the last act of the Thwaites Eastern Ice Shelf despite low basal melt rates, <em>Journal of Glaciology<\/em>, 1\u201318, <a href=\"https:\/\/doi.org\/10.1017\/jog.2024.64\">https:\/\/doi.org\/10.1017\/jog.2024.64<\/a><\/p>\n<p>W\u00e5hlin, A., K.E. Alley, C. Begeman, \u00d8. Hegren\u00e6s, X. Yuan, A.G.C. Graham, K. Hogan, P.E.D. Davis, T.S. Dotto, C. Eayrs, R.A. Hall, D.M. Holland, T.Wan. Kim, R.D. Larter, L. Ling, <strong>A. Muto<\/strong>, E.C. Pettit, B.E. Schmidt, T. Snow, F. Stedt, P.M. Washam, S. Wahlgren, C. Wild, J. Wellner, Y. Zheng, K.J. Heywood (2024). Swirls and scoops: Ice base melt revealed by multibeam imagery of an Antarctic ice shelf, <em>Science Advances<\/em>, <a href=\"https:\/\/doi.org\/10.1126\/sciadv.adn9188\">https:\/\/doi.org\/10.1126\/sciadv.adn9188<\/a><\/p>\n<p>Alley, K.E., R.B. Alley, A.D. Crawford, N. Ochwat, C.T. Wild, J. Marson, T. Snow, <strong>A. Muto<\/strong>, E.C. Pettit, S.F. Child, M. Truffer, G. Gollao-Barrios, and T.A. Scambos (2024). Evolution of sub-ice-shelf channels reveals changes in ocean-driven melt in West Antarctica, <em>Journal of Glaciology<\/em>, 1\u201315, <a href=\"https:\/\/doi.org\/10.1017\/jog.2024.20\">https:\/\/doi.org\/10.1017\/jog.2024.20<\/a><\/p>\n<p style=\"text-align: left\">Hoffman, A.O., N. Holschuh, M. Mueller, J. Paden, <strong>A. Muto<\/strong>, G. Ariho, C. Brigham, J.E. Christian, L. Davidge, E. Heitmann, B. Hills, A. Horlings, S. Morey, G. O\u2019Connor, T.J. Fudge, E.J. Steig, K. Christianson (2023). Scars of tectonism promote ice-sheet nucleation from Hercules Dome into West Antarctica, <em>Nature Geoscience<\/em>, <a href=\"https:\/\/doi.org\/10.1038\/s41561-023-01265-5\">https:\/\/doi.org\/10.1038\/s41561-023-01265-5<\/a><\/p>\n<p>Alley, R.B., N. Holschuh, B. Parizek, L.K. Zoet, K. Riverman, <strong>A. Muto<\/strong>, K. Christianson, E. Clyne, S. Anandakrishnan, and N.T. Stevens (2023). GHOSTly flute music: drumlins, moats and the bed of Thwaites Glacier, <em>Annals of Glaciology,<\/em>\u00a0<a href=\"https:\/\/doi.org\/10.1017\/aog.2023.43\">https:\/\/doi.org\/10.1017\/aog.2023.43<\/a><\/p>\n<p>Dotto, T.S., K.J. Heywood, R.A. Hall, T.A. Scambos, Y. Zheng, Y. Nakayama, S. Hyogo, T. Snow, A.K. W\u00e5hlin, C. Wild, M. Truffer, <strong>A. Muto<\/strong>, K.E. Alley, L. Boehme, G.A. Bortolotto, S.W. Tyler, and E.C. Pettit (2022). Ocean variability beneath Thwaites Eastern Ice Shelf driven by the Pine Island Bay Gyre strength, <em>Nature Communications<\/em>,13, 7840, <a href=\"https:\/\/doi.org\/10.1038\/s41467-022-35499-5\">https:\/\/doi.org\/10.1038\/s41467-022-35499-5<\/a><\/p>\n<p>Wild, C.T., K.E. Alley,<strong> A. Muto<\/strong>, M. Truffer, T.A. Scambos, and E.C. Pettit (2022). Weakening of the pinning point buttressing Thwaites Glacier, West Antarctica, <em>The Cryosphere<\/em>, 16, <a href=\"https:\/\/doi.org\/10.5194\/tc-16-397-2022\">https:\/\/doi.org\/10.5194\/tc-16-397-2022<\/a><\/p>\n<p>Alley, K.E., C.T. Wild, A. Luckman, T.A. Scambos, M. Truffer, E.C. Pettit, <strong>A. Muto<\/strong>, B. Wallin, M. Klinger, T. Sutterley, S.F. Child, C. Hulen, J.T.M. Lenaerts, M. Maclennan, E. Keenan, and Devon Dunmire (2021). Two decades of dynamic change and progressive destabilization on the Thwaites Eastern Ice Shelf, <em>The Cryosphere<\/em>, 15, 5187\u20135203,\u00a0<a href=\"https:\/\/doi.org\/10.5194\/tc-15-5187-2021\">https:\/\/doi.org\/10.5194\/tc-15-5187-2021<\/a>.<\/p>\n<p>Alley, R.B., N. Holschuh, D.R. MacAyeal, B.R. Parizek, L. Zoet, K. Riverman, <strong>A. Muto<\/strong>, K. Christianson, E. Clyne, S. Anandakrishnan, N. Stevens, and GHOST Collaboration (2021). Bedforms of Thwaites Glacier, West Antarctica: Character and Origin, <em>Journal of Geophysical Research: Earth Surface<\/em>, 126, e2021JF006339. <a href=\"https:\/\/doi.org\/10.1029\/2021JF006339\">https:\/\/doi.org\/10.1029\/2021JF006339.4. <\/a><\/p>\n<p>Horgan, H. J., L. van Haastrecht, R.B. Alley, S. Anandakrishnan, K. Christianson, and <strong>A. Muto<\/strong> (2021). Grounding zone subglacial properties from calibrated active source seismic methods. <em>The Cryosphere<\/em>, 15, 1863\u20131880, doi: <a href=\"https:\/\/doi.org\/10.5194\/tc-15-1863-2021\">https:\/\/doi.org\/10.5194\/tc-15-1863-2021<\/a>.<\/p>\n<p>Clyne, E.R., S. Anandakrishnan, <strong>A. Muto<\/strong>, R.B. Alley, and D.E. Voigt (2020), Interpretation of topography and bed properties beneath Thwaites Glacier, West Antarctica using seismic reflection methods, <em>Earth and Planetary Science Letters<\/em>, 550, 116543, doi: <a href=\"https:\/\/doi.org\/10.1016\/j.epsl.2020.116543\">10.1016\/j.epsl.2020.116543<\/a>.<\/p>\n<p>Jordan, T.A., D. Porter, K. Tinto, R. Millan, <strong>A. Muto<\/strong>, K. Hogan, R.D. Larter, A.G.C. Graham, and J.D. Paden (2020), New gravity-derived bathymetry for the Thwaites, Crosson, and Dotson ice shelves revealing two ice shelf populations, <em>The Cryosphere<\/em>, 14, 2869-2882, doi: <a href=\"https:\/\/doi.org\/10.5194\/tc-14-2869-2020\">10.5194\/tc-14-2869-2020<\/a>.<\/p>\n<p><strong>Muto, A.<\/strong>, R.B. Alley, B.R. Parizek, S. Anandakrishnan (2019), Bed-type variability and till (dis)continuity beneath Thwaites Glacier, West Antarctica, Annals of Glaciology, 60(80), 1-9, <a href=\"https:\/\/doi.org\/10.1017\/aog.2019.32\">doi: 10.1017\/aog.2019.32<\/a>.<\/p>\n<p><strong>Muto, A.<\/strong>, S. Anandakrishnan, R.B. Alley, H.J. Horgan, B.R. Parizek, S. Koellner, K. Christianson, and N. Holschuh (2019), Relating bed character and subglacial morphology using seismic data from Thwaites Glacier, West Antarctica, <em>Earth and Planetary Science Letters<\/em>, 507, 199-206, doi: <a class=\"doi\" title=\"Persistent link using digital object identifier\" href=\"https:\/\/doi.org\/10.1016\/j.epsl.2018.12.008\" target=\"_blank\" rel=\"noreferrer noopener\" aria-label=\"Persistent link using digital object identifier\">10.1016\/j.epsl.2018.12.008.<\/a><\/p>\n<p>Koellner, S., B.R. Parizek, R.B. Alley, <strong>A. Muto<\/strong>, and N. Holschuh (2019), The impact of spatially-variable basal properties on outlet glacier flow,<em> Earth and Planetary Science Letters<\/em>, 515, 200\u2013208, doi: <span style=\"color: #3366ff\"><a style=\"color: #3366ff\" href=\"https:\/\/doi.org\/10.1016\/j.epsl.2019.03.026\">10.1016\/j.epsl.2019.03.026.<\/a><\/span><\/p>\n<p>Zoet, L.K., <strong>A. Muto<\/strong>, J.E. Rawling III, and J.W. Attig (2019), The effects of tunnel channel formation on the Green Bay Lobe, Wisconsin, USA, <em>Gemorphology, <\/em>324, 36-47, doi: <a href=\"https:\/\/doi.org\/10.1016\/j.geomorph.2018.09.021\">10.1016\/j.geomorph.2018.09.021<\/a>.<\/p>\n<p>Alley, R. B., D. Pollard, B.R. Parizek, S. Anandakrishnan, M. Pourpoint, N.T. Stevens, J.A. MacGregor, K. Christianson, <strong>A. Muto<\/strong>, and N. Holschuh (2019), Possible role for tectonics in the evolving stability of the Greenland Ice Sheet, <em>Journal of Geophysical Research: Earth Surface<\/em>, 124, 97\u2013115, doi: <a href=\"https:\/\/doi.org\/10.1029\/ 2018JF004714\">10.1029\/ 2018JF004714<\/a>.<\/p>\n<p>Riverman, K.L., R.B. Alley, S. Anandakrishnan, K. Christianson, N.D. Holschuh, B. Medley, <strong>A. Muto<\/strong>, and L.E. Peters (2019), Enhanced firn densification in high\u2010accumulation shear margins of the NE Greenland Ice Stream, <em>Journal of Geophysical Research: Earth Surface<\/em>, 124, 365\u2013382, doi:<span style=\"color: #3366ff\"> <a style=\"color: #3366ff\" href=\"https:\/\/doi.org\/10.1029\/2017JF004604\">10.1029\/2017JF00460<\/a><\/span>.<\/p>\n<p>Scambos, T.A., G.G. Campbell, A. Pope, T. Haran, <strong>A. Muto<\/strong>, M. Lazzara, C.H. Reijmer, and M.R. van den Broeke (2018), Ultralow surface temperatures in East Antarctica from satellite thermal infrared mapping: The coldest places on Earth, <em>Geophys. Res. Lett.<\/em>, 45, 6124\u20136133, doi:<span style=\"color: #486ee0\"><a style=\"color: #486ee0\" href=\"https:\/\/agupubs.onlinelibrary.wiley.com\/doi\/10.1029\/2018GL078133\" target=\"_blank\" rel=\"noopener noreferrer\">10.1029\/ 2018GL078133<\/a><\/span>.<\/p>\n<p>Fegyveresi, J.M., R.B. Alley, <strong>A. Muto<\/strong>, A.J. Orsi, and M.K. Spencer (2018), Surface formation, preservation, and history of low-porosity crusts at the WAIS Divide site, West Antarctica, <em>The Crysopshere<\/em>, 12, 325-341, doi: <a href=\"https:\/\/www.the-cryosphere.net\/12\/325\/2018\/\" target=\"_blank\" rel=\"noopener noreferrer\">10.5194\/tc-12-325-2018<\/a>.<\/p>\n<p>Christie, F.D.W.,\u00a0R.G. Bingham,\u00a0N. Gourmelen,\u00a0S.F.B. Tett, and\u00a0<strong>A. Muto<\/strong>\u00a0(2016),\u00a0Four-decade record of pervasive grounding line retreat along the Bellingshausen margin of West Antarctica,\u00a0<em>Geophys. Res. Lett.<\/em>,\u00a0<strong>43<\/strong>, doi:<a href=\"http:\/\/onlinelibrary.wiley.com\/doi\/10.1002\/2016GL068972\/full\" target=\"_blank\" rel=\"noopener noreferrer\">10.1002\/2016GL068972<\/a>.<\/p>\n<p><strong>Muto, A.<\/strong>, L.E. Peters, K. Gohl, I. Sasgen, R.B. Alley, S. Anandakrishnan and K.L. Riverman (2016), Subglacial bathymetry and sediment distribution beneath Pine Island Glacier ice shelf modeled using aerogravity and in situ geophysical data: New results,\u00a0<em>Earth and Planetary Science Letters<\/em>, 433, 63-75, doi:\u00a0<a id=\"ddDoi\" class=\"S_C_ddDoi\" href=\"http:\/\/dx.doi.org\/10.1016\/j.epsl.2015.10.037\" target=\"_blank\" rel=\"noopener noreferrer\">10.1016\/j.epsl.2015.10.037<\/a>.<\/p>\n<p>Alley, R.B., S. Anandakrishnan, K. Christianson, H.J. Horgan, <strong>A. Muto<\/strong>, B.R. Parizek, D. Pollard and R.T. Walker (2015), Oceanic Forcing of ice-sheet retreat: West Antarctica and more, <em>The\u00a0<\/em><em>Annual Review of Earth and Planetary Sciences<\/em>, 43, doi: <a href=\"http:\/\/www.annualreviews.org\/doi\/abs\/10.1146\/annurev-earth-060614-105344\" target=\"_blank\" rel=\"noopener noreferrer\">10.1146\/annurev-earth-060614-105344<\/a>.<\/p>\n<p>Vallelonga, P., K. Christianson, R.B. Alley, S. Anandakrishnan, J.E.M. Christian, D. Dahl-Jensen, V. Gkinis, C. Holme, R.W. Jacobel, N.B. Karlsson, B.A. Keisling, S. Kipfstuhl, H.A. Kj\u00e6r1, M.E.L. Kristensen, <strong>A. Muto<\/strong>, L.E. Peters, T. Popp, K.L. Riverman, A.M. Svensson, C. Tibulea1, B.M. Vinther, Y. Weng, and M. Winstrup (2014), Initial results from geophysical surveys and shallow coring of the Northeast Greenland Ice Stream (NEGIS), <em>The Cryosphere<\/em>, 8, 1275-1287, doi: <a href=\"http:\/\/www.the-cryosphere.net\/8\/1275\/2014\/tc-8-1275-2014.html\" target=\"_blank\" rel=\"noopener noreferrer\">10.5194\/tc-8-1275-2014<\/a>.<\/p>\n<p>Christianson, K., L.E. Peters, R.B. Alley, S. Anandakrishnan, R.W. Jacobel, K.L. Riverman, <strong>A. Muto<\/strong> and B.A. Keisling (2014), Dilatant till facilitates ice-stream flow in northeast Greenland, <em>Earth and Planetary Science Letters<\/em>, 401, 57-69, doi: <a href=\"http:\/\/www.sciencedirect.com\/science\/article\/pii\/S0012821X14003768\" target=\"_blank\" rel=\"noopener noreferrer\">10.1016\/j.epsl.2014.05.060<\/a>.<\/p>\n<p>Keisling, B.A., K. Christianson, R.B. Alley, L.E. Peters, J.E.M. Christian, S. Anandakrishnan, K.L. Riverman, <strong>A. Muto<\/strong> and R.W. Jacobel (2014), Basal conditions and ice dynamics inferred from radar-derived internal stratigraphy of the northeast Greenland ice stream, <em>Annals of Glaciology<\/em>, 55(67), 127-137, doi: <a href=\"http:\/\/www.ingentaconnect.com\/content\/igsoc\/agl\/2014\/00000055\/00000067\/art00015?token=005d1faa0b969b791f892bd573d257025704423442f5f31254d573a637c4e7547543c7e386f642f466f84add65531\" target=\"_blank\" rel=\"noopener noreferrer\">10.3189\/2014AoG67A090<\/a>.<\/p>\n<p><strong>Muto, A.<\/strong>, K. Christianson, H.J. Horgan, S. Anandakrishnan and R.B. Alley (2013), Bathymetry and geological structures beneath the Ross Ice Shelf at the mouth of Whillans Ice Stream, West Antarctica, modeled from ground-based gravity measurements, <em>Journal of Geophysical Research: Solid Earth, <\/em>118, 4535-4546, doi: <a href=\"http:\/\/onlinelibrary.wiley.com\/doi\/10.1002\/jgrb.50315\/abstract\" target=\"_blank\" rel=\"noopener noreferrer\">10.1002\/jgrb.50315<\/a>.<\/p>\n<p>Christianson, K., B.R. Parizek, R.B. Alley, H.J. Horgan, R.W. Jacobel, S. Anandakrishnan, B.J. Kiesling, B.D. Craig and <strong>A. Muto <\/strong>(2013), Ice sheet grounding zone stabilization due to till compaction, <em>Geophysical Research Letters,<\/em>\u00a040, doi: <a href=\"http:\/\/onlinelibrary.wiley.com\/doi\/10.1002\/2013GL057447\/abstract\" target=\"_blank\" rel=\"noopener noreferrer\">10.1002\/2013GL057447<\/a>.<\/p>\n<p>Horgan, H.J., R.B. Alley, K. Christianson, R.W. Jacobel, S. Anandakrishnan, <strong>A. Muto<\/strong>, L.H. Beem and M.R. Siegfried (2013), Estuaries beneath ice sheets, <em>Geology<\/em>, 41, 1159-1162, doi: <a href=\"http:\/\/geology.gsapubs.org\/content\/early\/2013\/09\/06\/G34654.1.abstract\" target=\"_blank\" rel=\"noopener noreferrer\">10.1130\/G34654.1<\/a>.<\/p>\n<p>McGrath, D., W. Colgan, N. Bayou, <strong>A. Muto<\/strong> and K Steffen (2013), Recent warming at Summit, Greenland: Global context and implications, <em>Geophysical Research Letters<\/em>, 40, doi: <a href=\"http:\/\/onlinelibrary.wiley.com\/doi\/10.1002\/grl.50456\/abstract\" target=\"_blank\" rel=\"noopener noreferrer\">10.1002\/grl.50456<\/a>.<\/p>\n<p><strong>Muto, A<\/strong>., S. Anandakrishnan and R.B. Alley (2013), Subglacial bathymetry beneath the Pine Island Glacier ice shelf from airborne gravity, constrained by autonomous underwater vehicle data, <em>Annals of Glaciology<\/em>, 54(64), 27-32, doi: <a href=\"http:\/\/www.ingentaconnect.com\/content\/igsoc\/agl\/2013\/00000054\/00000064\/art00004?token=004b1572cd56739412f415d766b25627b3a2b427b5a42432530482972715a614f6d4e227a0c\" target=\"_blank\" rel=\"noopener noreferrer\">10.3189\/2013AoG64A110<\/a>.<\/p>\n<p>Zagorodnov,\u00a0V., O. Nagornov, T.A. Scambos,\u00a0<strong>A. Muto<\/strong>, E. Mosley-Thompson,\u00a0E.C. Pettit, and S. Tyuflin (2012), Borehole temperatures reveal details of 20th century warming at Bruce Plateau, Antarctic Peninsula, <em>The Cryosphere<\/em>, 6, 675-686, doi: <a href=\"http:\/\/www.the-cryosphere.net\/6\/675\/2012\/tc-6-675-2012.html\" target=\"_blank\" rel=\"noopener noreferrer\">10.5194\/tc-6-675-2012<\/a>.<\/p>\n<p><strong>Muto, A.<\/strong>, T.A. Scambos, K. Steffen, A.G. Slater, G.D. Clow (2011), Recent surface temperature trends in the interior of East Antarctica from firn thermal profiles, <em>Geophysical Research Letters<\/em>, doi: <a href=\"http:\/\/onlinelibrary.wiley.com\/doi\/10.1029\/2011GL048086\/abstract\" target=\"_blank\" rel=\"noopener noreferrer\">10.1029\/2011GL048086<\/a>.<\/p>\n<p>Langley, K., J. Kohler, K. Matsuoka, A. Sinisalo, T. Scambos, T. Nuemann, <strong>A. Muto<\/strong>, J.-G. Winther and M. Albert (2011), Recovery Lakes, East Antarctica: radar assessment of sub-glacial water extent,\u00a0<em>Geophysical Research Letters<\/em>, 38, L05501, doi: <a href=\"http:\/\/onlinelibrary.wiley.com\/doi\/10.1029\/2010GL046094\/abstract\" target=\"_blank\" rel=\"noopener noreferrer\">10.1029\/2010GL046094<\/a>.<\/p>\n<p>Massom, R.A., A. Worby, V. Lytle, T. Markus, I. Allison, T. Scambos, H. Enomoto, K. Tateyama, T. Haran, J. C. Comiso, A. Pfaffling, T. Tamura, <strong>A. Muto<\/strong>, P. Kanagaratnam, B. Giles, N. Young, G. Hyland and E. Key (2006), ARISE (Antarctic Remote Ice Sensing Experiment) in the East 2003: validation of satellite-derived sea-ice data products, <em>Annals of Glaciology.<\/em>, 44, 288-296. doi:\u00a0<a href=\"http:\/\/dx.doi.org\/10.3189\/172756406781811268\" target=\"_blank\" rel=\"noopener noreferrer\">10.3189\/172756406781811268<\/a>.<\/p>\n<p>Tamura, T., K.I. Ohshima, H. Enomoto, K. Tateyama, <strong>A. Muto<\/strong>, S. Ushio and R.A. Massom (2006), Estimation of thin sea-ice thickness from NOAA AVHRR data in a polynya off the Wilkes Land coast, East Antarctica,\u00a0<em>Annals of Glaciology.<\/em>, 44, 269-274, doi:\u00a0<a href=\"http:\/\/dx.doi.org\/10.3189\/172756406781811745\" target=\"_blank\" rel=\"noopener noreferrer\">10.3189\/172756406781811745<\/a><\/p>\n","protected":false},"excerpt":{"rendered":"<p>Borthwick, L., A. Muto, S. Anandakrishnan, K. Tinto, R. Agnew, A. Brisbourne, R. Schlegel, S. Killingbeck, B. Kulessa, R. Alley, A. Willet, and S. Melton\u00a0(2025). Rift\u2010related sedimentary basin and deeper\u2010seated mafic intrusions modeled beneath Thwaites Glacier, West Antarctica: Influence on glacier dynamics, Journal of Geophysical Research: Solid Earth, 130, e2025JB031716, https:\/\/doi.org\/10.1029\/2025JB031716 Banerjee, D., D.A. Lilien,&hellip; <a class=\"more-link\" href=\"https:\/\/sites.temple.edu\/polar\/publications\/\">Continue Reading PUBLICATIONS<\/a><\/p>\n","protected":false},"author":7566,"featured_media":0,"parent":0,"menu_order":0,"comment_status":"closed","ping_status":"closed","template":"","meta":{"footnotes":""},"class_list":["post-50","page","type-page","status-publish","hentry"],"_links":{"self":[{"href":"https:\/\/sites.temple.edu\/polar\/wp-json\/wp\/v2\/pages\/50","targetHints":{"allow":["GET"]}}],"collection":[{"href":"https:\/\/sites.temple.edu\/polar\/wp-json\/wp\/v2\/pages"}],"about":[{"href":"https:\/\/sites.temple.edu\/polar\/wp-json\/wp\/v2\/types\/page"}],"author":[{"embeddable":true,"href":"https:\/\/sites.temple.edu\/polar\/wp-json\/wp\/v2\/users\/7566"}],"replies":[{"embeddable":true,"href":"https:\/\/sites.temple.edu\/polar\/wp-json\/wp\/v2\/comments?post=50"}],"version-history":[{"count":4,"href":"https:\/\/sites.temple.edu\/polar\/wp-json\/wp\/v2\/pages\/50\/revisions"}],"predecessor-version":[{"id":572,"href":"https:\/\/sites.temple.edu\/polar\/wp-json\/wp\/v2\/pages\/50\/revisions\/572"}],"wp:attachment":[{"href":"https:\/\/sites.temple.edu\/polar\/wp-json\/wp\/v2\/media?parent=50"}],"curies":[{"name":"wp","href":"https:\/\/api.w.org\/{rel}","templated":true}]}}