

{"id":1802,"date":"2025-04-17T20:43:19","date_gmt":"2025-04-18T00:43:19","guid":{"rendered":"https:\/\/sites.temple.edu\/latinxedaccessproject\/?page_id=1802"},"modified":"2025-06-16T16:13:08","modified_gmt":"2025-06-16T20:13:08","slug":"socios-nacionales","status":"publish","type":"page","link":"https:\/\/sites.temple.edu\/latinxedaccessproject\/socios-nacionales\/","title":{"rendered":"Socios Nacionales"},"content":{"rendered":"\t\t<div data-elementor-type=\"wp-page\" data-elementor-id=\"1802\" class=\"elementor elementor-1802\" data-elementor-post-type=\"page\">\n\t\t\t\t<div class=\"elementor-element elementor-element-14489d6b animated-slow elementor-hidden-tablet elementor-hidden-mobile e-flex e-con-boxed elementor-invisible e-con e-parent\" data-id=\"14489d6b\" data-element_type=\"container\" data-e-type=\"container\" data-settings=\"{&quot;background_background&quot;:&quot;classic&quot;,&quot;animation&quot;:&quot;fadeIn&quot;}\">\n\t\t\t\t\t<div class=\"e-con-inner\">\n\t\t\t\t<div class=\"elementor-element elementor-element-49d5dc33 elementor-widget elementor-widget-heading\" data-id=\"49d5dc33\" data-element_type=\"widget\" data-e-type=\"widget\" data-widget_type=\"heading.default\">\n\t\t\t\t<div class=\"elementor-widget-container\">\n\t\t\t\t\t<h2 class=\"elementor-heading-title elementor-size-default\">Socios Nacionales<\/h2>\t\t\t\t<\/div>\n\t\t\t\t<\/div>\n\t\t\t\t\t<\/div>\n\t\t\t\t<\/div>\n\t\t<div class=\"elementor-element elementor-element-2d7cfc7d elementor-hidden-tablet elementor-hidden-mobile e-flex e-con-boxed e-con e-parent\" data-id=\"2d7cfc7d\" data-element_type=\"container\" data-e-type=\"container\">\n\t\t\t\t\t<div class=\"e-con-inner\">\n\t\t<div class=\"elementor-element elementor-element-390b4226 e-con-full elementor-hidden-tablet elementor-hidden-mobile e-flex e-con e-child\" data-id=\"390b4226\" data-element_type=\"container\" data-e-type=\"container\">\n\t\t<div class=\"elementor-element elementor-element-1c19ed46 e-con-full e-flex elementor-invisible e-con e-child\" data-id=\"1c19ed46\" data-element_type=\"container\" data-e-type=\"container\" data-settings=\"{&quot;animation&quot;:&quot;slideInUp&quot;}\">\n\t\t\t\t<div class=\"elementor-element elementor-element-49ae4d1c elementor-hidden-tablet elementor-hidden-mobile elementor-widget elementor-widget-heading\" data-id=\"49ae4d1c\" data-element_type=\"widget\" data-e-type=\"widget\" data-widget_type=\"heading.default\">\n\t\t\t\t<div class=\"elementor-widget-container\">\n\t\t\t\t\t<h2 class=\"elementor-heading-title elementor-size-default\">Monica Andrade<\/h2>\t\t\t\t<\/div>\n\t\t\t\t<\/div>\n\t\t\t\t<div class=\"elementor-element elementor-element-12389fad elementor-hidden-tablet elementor-hidden-mobile elementor-widget elementor-widget-heading\" data-id=\"12389fad\" data-element_type=\"widget\" data-e-type=\"widget\" data-widget_type=\"heading.default\">\n\t\t\t\t<div class=\"elementor-widget-container\">\n\t\t\t\t\t<h2 class=\"elementor-heading-title elementor-size-default\">Socia Nacional<\/h2>\t\t\t\t<\/div>\n\t\t\t\t<\/div>\n\t\t\t\t<div class=\"elementor-element elementor-element-346162b elementor-widget__width-initial elementor-hidden-tablet elementor-hidden-mobile elementor-widget elementor-widget-text-editor\" data-id=\"346162b\" data-element_type=\"widget\" data-e-type=\"widget\" data-widget_type=\"text-editor.default\">\n\t\t\t\t<div class=\"elementor-widget-container\">\n\t\t\t\t\t\t\t\t\t<p class=\"\" data-start=\"269\" data-end=\"847\">Monica Andrade es Directora de Pol\u00edtica Estatal y Estrategia Legal en <em data-start=\"343\" data-end=\"365\">Presidents\u2019 Alliance<\/em>, donde coordina la agenda pol\u00edtica de la organizaci\u00f3n a nivel estatal relacionada con estudiantes indocumentados y otras poblaciones inmigrantes en la educaci\u00f3n superior. Antes de unirse a <em data-start=\"555\" data-end=\"577\">Presidents\u2019 Alliance<\/em>, Monica fue abogada de derechos de las personas inmigrantes en la ACLU de Michigan, donde litig\u00f3 casos de alto impacto en defensa de los derechos civiles de personas inmigrantes en tribunales estatales y federales, y abog\u00f3 por pol\u00edticas que protegieran dichos derechos.<\/p><p class=\"\" data-start=\"849\" data-end=\"1185\">Monica obtuvo su licenciatura en Trabajo Social en <em data-start=\"900\" data-end=\"929\">Northern Arizona University<\/em> y su t\u00edtulo de abogada en la Facultad de Derecho de <em data-start=\"982\" data-end=\"1009\">Michigan State University<\/em>. Su pasi\u00f3n por la defensa de los derechos de las personas inmigrantes surge de su propia experiencia al navegar el sistema de educaci\u00f3n superior como estudiante indocumentada.<\/p>\t\t\t\t\t\t\t\t<\/div>\n\t\t\t\t<\/div>\n\t\t\t\t<div class=\"elementor-element elementor-element-3bde3aab elementor-widget elementor-widget-image\" data-id=\"3bde3aab\" data-element_type=\"widget\" data-e-type=\"widget\" data-widget_type=\"image.default\">\n\t\t\t\t<div class=\"elementor-widget-container\">\n\t\t\t\t\t\t\t\t\t\t\t\t\t\t\t<img decoding=\"async\" width=\"197\" height=\"200\" src=\"https:\/\/sites.temple.edu\/latinxedaccessproject\/files\/2025\/03\/presidents_alliance_on_higher_ed_and_immigration_logo.jpeg\" class=\"attachment-full size-full wp-image-1542\" alt=\"\" \/>\t\t\t\t\t\t\t\t\t\t\t\t\t\t\t<\/div>\n\t\t\t\t<\/div>\n\t\t\t\t<\/div>\n\t\t\t\t<\/div>\n\t\t<div class=\"elementor-element elementor-element-300c4e75 e-con-full e-flex e-con e-child\" data-id=\"300c4e75\" data-element_type=\"container\" data-e-type=\"container\">\n\t\t\t\t<div class=\"elementor-element elementor-element-1d246f02 elementor-widget elementor-widget-image\" data-id=\"1d246f02\" data-element_type=\"widget\" data-e-type=\"widget\" data-settings=\"{&quot;motion_fx_rotateZ_effect&quot;:&quot;yes&quot;,&quot;motion_fx_rotateZ_speed&quot;:{&quot;unit&quot;:&quot;px&quot;,&quot;size&quot;:&quot;0.2&quot;,&quot;sizes&quot;:[]},&quot;motion_fx_rotateZ_affectedRange&quot;:{&quot;unit&quot;:&quot;%&quot;,&quot;size&quot;:&quot;&quot;,&quot;sizes&quot;:{&quot;start&quot;:&quot;41&quot;,&quot;end&quot;:&quot;62&quot;}},&quot;motion_fx_motion_fx_scrolling&quot;:&quot;yes&quot;,&quot;motion_fx_devices&quot;:[&quot;desktop&quot;,&quot;tablet&quot;,&quot;mobile&quot;]}\" data-widget_type=\"image.default\">\n\t\t\t\t<div class=\"elementor-widget-container\">\n\t\t\t\t\t\t\t\t\t\t\t\t\t\t\t<img fetchpriority=\"high\" decoding=\"async\" width=\"556\" height=\"555\" src=\"https:\/\/sites.temple.edu\/latinxedaccessproject\/files\/2025\/03\/A06E3E-13.png\" class=\"attachment-full size-full wp-image-1483\" alt=\"\" srcset=\"https:\/\/sites.temple.edu\/latinxedaccessproject\/files\/2025\/03\/A06E3E-13.png 556w, https:\/\/sites.temple.edu\/latinxedaccessproject\/files\/2025\/03\/A06E3E-13-300x300.png 300w, https:\/\/sites.temple.edu\/latinxedaccessproject\/files\/2025\/03\/A06E3E-13-150x150.png 150w\" sizes=\"(max-width: 556px) 100vw, 556px\" \/>\t\t\t\t\t\t\t\t\t\t\t\t\t\t\t<\/div>\n\t\t\t\t<\/div>\n\t\t\t\t<\/div>\n\t\t\t\t\t<\/div>\n\t\t\t\t<\/div>\n\t\t<div class=\"elementor-element elementor-element-55cd926c elementor-hidden-tablet elementor-hidden-mobile e-flex e-con-boxed e-con e-parent\" data-id=\"55cd926c\" data-element_type=\"container\" data-e-type=\"container\" data-settings=\"{&quot;background_background&quot;:&quot;gradient&quot;}\">\n\t\t\t\t\t<div class=\"e-con-inner\">\n\t\t\t\t\t<\/div>\n\t\t\t\t<\/div>\n\t\t<div class=\"elementor-element elementor-element-17551e47 animated-slow elementor-hidden-desktop elementor-hidden-tablet e-flex e-con-boxed elementor-invisible e-con e-parent\" data-id=\"17551e47\" data-element_type=\"container\" data-e-type=\"container\" data-settings=\"{&quot;background_background&quot;:&quot;classic&quot;,&quot;animation&quot;:&quot;fadeIn&quot;}\">\n\t\t\t\t\t<div class=\"e-con-inner\">\n\t\t\t\t<div class=\"elementor-element elementor-element-6bd2005e elementor-widget elementor-widget-heading\" data-id=\"6bd2005e\" data-element_type=\"widget\" data-e-type=\"widget\" data-widget_type=\"heading.default\">\n\t\t\t\t<div class=\"elementor-widget-container\">\n\t\t\t\t\t<h2 class=\"elementor-heading-title elementor-size-default\">Socios Nacionales<\/h2>\t\t\t\t<\/div>\n\t\t\t\t<\/div>\n\t\t\t\t\t<\/div>\n\t\t\t\t<\/div>\n\t\t<div class=\"elementor-element elementor-element-6964aa2e elementor-hidden-desktop elementor-hidden-tablet e-flex e-con-boxed e-con e-parent\" data-id=\"6964aa2e\" data-element_type=\"container\" data-e-type=\"container\">\n\t\t\t\t\t<div class=\"e-con-inner\">\n\t\t<div class=\"elementor-element elementor-element-60d2b06d e-con-full e-flex e-con e-child\" data-id=\"60d2b06d\" data-element_type=\"container\" data-e-type=\"container\" data-settings=\"{&quot;animation_mobile&quot;:&quot;slideInUp&quot;}\">\n\t\t\t\t<div class=\"elementor-element elementor-element-171228cf elementor-widget-mobile__width-initial elementor-widget elementor-widget-heading\" data-id=\"171228cf\" data-element_type=\"widget\" data-e-type=\"widget\" data-widget_type=\"heading.default\">\n\t\t\t\t<div class=\"elementor-widget-container\">\n\t\t\t\t\t<h2 class=\"elementor-heading-title elementor-size-default\">Monica Andrade<\/h2>\t\t\t\t<\/div>\n\t\t\t\t<\/div>\n\t\t\t\t<div class=\"elementor-element elementor-element-3768bd5e elementor-widget elementor-widget-heading\" data-id=\"3768bd5e\" data-element_type=\"widget\" data-e-type=\"widget\" data-widget_type=\"heading.default\">\n\t\t\t\t<div class=\"elementor-widget-container\">\n\t\t\t\t\t<h2 class=\"elementor-heading-title elementor-size-default\">Socia Nacional<\/h2>\t\t\t\t<\/div>\n\t\t\t\t<\/div>\n\t\t\t\t<div class=\"elementor-element elementor-element-7016de24 elementor-widget elementor-widget-image\" data-id=\"7016de24\" data-element_type=\"widget\" data-e-type=\"widget\" data-widget_type=\"image.default\">\n\t\t\t\t<div class=\"elementor-widget-container\">\n\t\t\t\t\t\t\t\t\t\t\t\t\t\t\t<img decoding=\"async\" width=\"197\" height=\"200\" src=\"https:\/\/sites.temple.edu\/latinxedaccessproject\/files\/2025\/03\/presidents_alliance_on_higher_ed_and_immigration_logo.jpeg\" class=\"attachment-full size-full wp-image-1542\" alt=\"\" \/>\t\t\t\t\t\t\t\t\t\t\t\t\t\t\t<\/div>\n\t\t\t\t<\/div>\n\t\t\t\t<\/div>\n\t\t\t\t<div class=\"elementor-element elementor-element-3cc9e69b elementor-widget__width-initial elementor-widget-mobile__width-initial elementor-widget elementor-widget-image\" data-id=\"3cc9e69b\" data-element_type=\"widget\" data-e-type=\"widget\" data-settings=\"{&quot;motion_fx_motion_fx_scrolling&quot;:&quot;yes&quot;,&quot;motion_fx_rotateZ_effect&quot;:&quot;yes&quot;,&quot;motion_fx_rotateZ_speed&quot;:{&quot;unit&quot;:&quot;px&quot;,&quot;size&quot;:&quot;0.2&quot;,&quot;sizes&quot;:[]},&quot;motion_fx_rotateZ_affectedRange&quot;:{&quot;unit&quot;:&quot;%&quot;,&quot;size&quot;:&quot;&quot;,&quot;sizes&quot;:{&quot;start&quot;:&quot;41&quot;,&quot;end&quot;:&quot;62&quot;}},&quot;motion_fx_devices&quot;:[&quot;desktop&quot;,&quot;tablet&quot;,&quot;mobile&quot;]}\" data-widget_type=\"image.default\">\n\t\t\t\t<div class=\"elementor-widget-container\">\n\t\t\t\t\t\t\t\t\t\t\t\t\t\t\t<img fetchpriority=\"high\" decoding=\"async\" width=\"556\" height=\"555\" src=\"https:\/\/sites.temple.edu\/latinxedaccessproject\/files\/2025\/03\/A06E3E-13.png\" class=\"attachment-full size-full wp-image-1483\" alt=\"\" srcset=\"https:\/\/sites.temple.edu\/latinxedaccessproject\/files\/2025\/03\/A06E3E-13.png 556w, https:\/\/sites.temple.edu\/latinxedaccessproject\/files\/2025\/03\/A06E3E-13-300x300.png 300w, https:\/\/sites.temple.edu\/latinxedaccessproject\/files\/2025\/03\/A06E3E-13-150x150.png 150w\" sizes=\"(max-width: 556px) 100vw, 556px\" \/>\t\t\t\t\t\t\t\t\t\t\t\t\t\t\t<\/div>\n\t\t\t\t<\/div>\n\t\t<div class=\"elementor-element elementor-element-621cae5d e-con-full e-flex e-con e-child\" data-id=\"621cae5d\" data-element_type=\"container\" data-e-type=\"container\">\n\t\t\t\t<div class=\"elementor-element elementor-element-271a44e2 elementor-widget__width-initial elementor-widget elementor-widget-text-editor\" data-id=\"271a44e2\" data-element_type=\"widget\" data-e-type=\"widget\" data-widget_type=\"text-editor.default\">\n\t\t\t\t<div class=\"elementor-widget-container\">\n\t\t\t\t\t\t\t\t\t<p class=\"\" data-start=\"269\" data-end=\"847\">Monica Andrade es Directora de Pol\u00edtica Estatal y Estrategia Legal en <em data-start=\"343\" data-end=\"365\">Presidents\u2019 Alliance<\/em>, donde coordina la agenda pol\u00edtica de la organizaci\u00f3n a nivel estatal relacionada con estudiantes indocumentados y otras poblaciones inmigrantes en la educaci\u00f3n superior. Antes de unirse a <em data-start=\"555\" data-end=\"577\">Presidents\u2019 Alliance<\/em>, Monica fue abogada de derechos de las personas inmigrantes en la ACLU de Michigan, donde litig\u00f3 casos de alto impacto en defensa de los derechos civiles de personas inmigrantes en tribunales estatales y federales, y abog\u00f3 por pol\u00edticas que protegieran dichos derechos.<\/p><p class=\"\" data-start=\"849\" data-end=\"1185\">Monica obtuvo su licenciatura en Trabajo Social en <em data-start=\"900\" data-end=\"929\">Northern Arizona University<\/em> y su t\u00edtulo de abogada en la Facultad de Derecho de <em data-start=\"982\" data-end=\"1009\">Michigan State University<\/em>. Su pasi\u00f3n por la defensa de los derechos de las personas inmigrantes surge de su propia experiencia al navegar el sistema de educaci\u00f3n superior como estudiante indocumentada.<\/p>\t\t\t\t\t\t\t\t<\/div>\n\t\t\t\t<\/div>\n\t\t\t\t<\/div>\n\t\t\t\t<div class=\"elementor-element elementor-element-6f88260e elementor-widget elementor-widget-image\" data-id=\"6f88260e\" data-element_type=\"widget\" data-e-type=\"widget\" data-widget_type=\"image.default\">\n\t\t\t\t<div class=\"elementor-widget-container\">\n\t\t\t\t\t\t\t\t\t\t\t\t\t\t\t<img decoding=\"async\" width=\"197\" height=\"200\" src=\"https:\/\/sites.temple.edu\/latinxedaccessproject\/files\/2025\/03\/presidents_alliance_on_higher_ed_and_immigration_logo.jpeg\" class=\"attachment-full size-full wp-image-1542\" alt=\"\" \/>\t\t\t\t\t\t\t\t\t\t\t\t\t\t\t<\/div>\n\t\t\t\t<\/div>\n\t\t\t\t\t<\/div>\n\t\t\t\t<\/div>\n\t\t\t\t<\/div>\n\t\t","protected":false},"excerpt":{"rendered":"<p>Socios Nacionales Monica Andrade Socia Nacional Monica Andrade es Directora de Pol\u00edtica Estatal y Estrategia Legal en Presidents\u2019 Alliance, donde coordina la agenda pol\u00edtica de la organizaci\u00f3n a nivel estatal relacionada con estudiantes indocumentados y otras poblaciones inmigrantes en la educaci\u00f3n superior. Antes de unirse a Presidents\u2019 Alliance, Monica fue abogada de derechos de las [&hellip;]<\/p>\n","protected":false},"author":36866,"featured_media":0,"parent":0,"menu_order":0,"comment_status":"closed","ping_status":"closed","template":"","meta":{"_monsterinsights_skip_tracking":false,"_monsterinsights_sitenote_active":false,"_monsterinsights_sitenote_note":"","_monsterinsights_sitenote_category":0,"footnotes":""},"class_list":["post-1802","page","type-page","status-publish","hentry"],"yoast_head":"<!-- This site is optimized with the Yoast SEO plugin v27.1.1 - https:\/\/yoast.com\/product\/yoast-seo-wordpress\/ -->\n<title>Socios Nacionales - Latinx Ed Access Project<\/title>\n<meta name=\"robots\" content=\"index, follow, max-snippet:-1, max-image-preview:large, max-video-preview:-1\" \/>\n<link rel=\"canonical\" href=\"https:\/\/sites.temple.edu\/latinxedaccessproject\/socios-nacionales\/\" \/>\n<meta property=\"og:locale\" content=\"en_US\" \/>\n<meta property=\"og:type\" content=\"article\" \/>\n<meta property=\"og:title\" content=\"Socios Nacionales - Latinx Ed Access Project\" \/>\n<meta property=\"og:description\" content=\"Socios Nacionales Monica Andrade Socia Nacional Monica Andrade es Directora de Pol\u00edtica Estatal y Estrategia Legal en Presidents\u2019 Alliance, donde coordina la agenda pol\u00edtica de la organizaci\u00f3n a nivel estatal relacionada con estudiantes indocumentados y otras poblaciones inmigrantes en la educaci\u00f3n superior. Antes de unirse a Presidents\u2019 Alliance, Monica fue abogada de derechos de las [&hellip;]\" \/>\n<meta property=\"og:url\" content=\"https:\/\/sites.temple.edu\/latinxedaccessproject\/socios-nacionales\/\" \/>\n<meta property=\"og:site_name\" content=\"Latinx Ed Access Project\" \/>\n<meta property=\"article:modified_time\" content=\"2025-06-16T20:13:08+00:00\" \/>\n<meta property=\"og:image\" content=\"https:\/\/sites.temple.edu\/latinxedaccessproject\/files\/2025\/03\/presidents_alliance_on_higher_ed_and_immigration_logo.jpeg\" \/>\n\t<meta property=\"og:image:width\" content=\"197\" \/>\n\t<meta property=\"og:image:height\" content=\"200\" \/>\n\t<meta property=\"og:image:type\" content=\"image\/jpeg\" \/>\n<meta name=\"twitter:card\" content=\"summary_large_image\" \/>\n<meta name=\"twitter:label1\" content=\"Est. reading time\" \/>\n\t<meta name=\"twitter:data1\" content=\"3 minutes\" \/>\n<script type=\"application\/ld+json\" class=\"yoast-schema-graph\">{\"@context\":\"https:\/\/schema.org\",\"@graph\":[{\"@type\":\"WebPage\",\"@id\":\"https:\/\/sites.temple.edu\/latinxedaccessproject\/socios-nacionales\/\",\"url\":\"https:\/\/sites.temple.edu\/latinxedaccessproject\/socios-nacionales\/\",\"name\":\"Socios Nacionales - Latinx Ed Access Project\",\"isPartOf\":{\"@id\":\"https:\/\/sites.temple.edu\/latinxedaccessproject\/#website\"},\"primaryImageOfPage\":{\"@id\":\"https:\/\/sites.temple.edu\/latinxedaccessproject\/socios-nacionales\/#primaryimage\"},\"image\":{\"@id\":\"https:\/\/sites.temple.edu\/latinxedaccessproject\/socios-nacionales\/#primaryimage\"},\"thumbnailUrl\":\"https:\/\/sites.temple.edu\/latinxedaccessproject\/files\/2025\/03\/presidents_alliance_on_higher_ed_and_immigration_logo.jpeg\",\"datePublished\":\"2025-04-18T00:43:19+00:00\",\"dateModified\":\"2025-06-16T20:13:08+00:00\",\"breadcrumb\":{\"@id\":\"https:\/\/sites.temple.edu\/latinxedaccessproject\/socios-nacionales\/#breadcrumb\"},\"inLanguage\":\"en-US\",\"potentialAction\":[{\"@type\":\"ReadAction\",\"target\":[\"https:\/\/sites.temple.edu\/latinxedaccessproject\/socios-nacionales\/\"]}]},{\"@type\":\"ImageObject\",\"inLanguage\":\"en-US\",\"@id\":\"https:\/\/sites.temple.edu\/latinxedaccessproject\/socios-nacionales\/#primaryimage\",\"url\":\"https:\/\/sites.temple.edu\/latinxedaccessproject\/files\/2025\/03\/presidents_alliance_on_higher_ed_and_immigration_logo.jpeg\",\"contentUrl\":\"https:\/\/sites.temple.edu\/latinxedaccessproject\/files\/2025\/03\/presidents_alliance_on_higher_ed_and_immigration_logo.jpeg\",\"width\":197,\"height\":200},{\"@type\":\"BreadcrumbList\",\"@id\":\"https:\/\/sites.temple.edu\/latinxedaccessproject\/socios-nacionales\/#breadcrumb\",\"itemListElement\":[{\"@type\":\"ListItem\",\"position\":1,\"name\":\"Home\",\"item\":\"https:\/\/sites.temple.edu\/latinxedaccessproject\/\"},{\"@type\":\"ListItem\",\"position\":2,\"name\":\"Socios Nacionales\"}]},{\"@type\":\"WebSite\",\"@id\":\"https:\/\/sites.temple.edu\/latinxedaccessproject\/#website\",\"url\":\"https:\/\/sites.temple.edu\/latinxedaccessproject\/\",\"name\":\"Latinx Ed Access Project\",\"description\":\"\",\"potentialAction\":[{\"@type\":\"SearchAction\",\"target\":{\"@type\":\"EntryPoint\",\"urlTemplate\":\"https:\/\/sites.temple.edu\/latinxedaccessproject\/?s={search_term_string}\"},\"query-input\":{\"@type\":\"PropertyValueSpecification\",\"valueRequired\":true,\"valueName\":\"search_term_string\"}}],\"inLanguage\":\"en-US\"}]}<\/script>\n<!-- \/ Yoast SEO plugin. -->","yoast_head_json":{"title":"Socios Nacionales - Latinx Ed Access Project","robots":{"index":"index","follow":"follow","max-snippet":"max-snippet:-1","max-image-preview":"max-image-preview:large","max-video-preview":"max-video-preview:-1"},"canonical":"https:\/\/sites.temple.edu\/latinxedaccessproject\/socios-nacionales\/","og_locale":"en_US","og_type":"article","og_title":"Socios Nacionales - Latinx Ed Access Project","og_description":"Socios Nacionales Monica Andrade Socia Nacional Monica Andrade es Directora de Pol\u00edtica Estatal y Estrategia Legal en Presidents\u2019 Alliance, donde coordina la agenda pol\u00edtica de la organizaci\u00f3n a nivel estatal relacionada con estudiantes indocumentados y otras poblaciones inmigrantes en la educaci\u00f3n superior. Antes de unirse a Presidents\u2019 Alliance, Monica fue abogada de derechos de las [&hellip;]","og_url":"https:\/\/sites.temple.edu\/latinxedaccessproject\/socios-nacionales\/","og_site_name":"Latinx Ed Access Project","article_modified_time":"2025-06-16T20:13:08+00:00","og_image":[{"width":197,"height":200,"url":"https:\/\/sites.temple.edu\/latinxedaccessproject\/files\/2025\/03\/presidents_alliance_on_higher_ed_and_immigration_logo.jpeg","type":"image\/jpeg"}],"twitter_card":"summary_large_image","twitter_misc":{"Est. reading time":"3 minutes"},"schema":{"@context":"https:\/\/schema.org","@graph":[{"@type":"WebPage","@id":"https:\/\/sites.temple.edu\/latinxedaccessproject\/socios-nacionales\/","url":"https:\/\/sites.temple.edu\/latinxedaccessproject\/socios-nacionales\/","name":"Socios Nacionales - Latinx Ed Access Project","isPartOf":{"@id":"https:\/\/sites.temple.edu\/latinxedaccessproject\/#website"},"primaryImageOfPage":{"@id":"https:\/\/sites.temple.edu\/latinxedaccessproject\/socios-nacionales\/#primaryimage"},"image":{"@id":"https:\/\/sites.temple.edu\/latinxedaccessproject\/socios-nacionales\/#primaryimage"},"thumbnailUrl":"https:\/\/sites.temple.edu\/latinxedaccessproject\/files\/2025\/03\/presidents_alliance_on_higher_ed_and_immigration_logo.jpeg","datePublished":"2025-04-18T00:43:19+00:00","dateModified":"2025-06-16T20:13:08+00:00","breadcrumb":{"@id":"https:\/\/sites.temple.edu\/latinxedaccessproject\/socios-nacionales\/#breadcrumb"},"inLanguage":"en-US","potentialAction":[{"@type":"ReadAction","target":["https:\/\/sites.temple.edu\/latinxedaccessproject\/socios-nacionales\/"]}]},{"@type":"ImageObject","inLanguage":"en-US","@id":"https:\/\/sites.temple.edu\/latinxedaccessproject\/socios-nacionales\/#primaryimage","url":"https:\/\/sites.temple.edu\/latinxedaccessproject\/files\/2025\/03\/presidents_alliance_on_higher_ed_and_immigration_logo.jpeg","contentUrl":"https:\/\/sites.temple.edu\/latinxedaccessproject\/files\/2025\/03\/presidents_alliance_on_higher_ed_and_immigration_logo.jpeg","width":197,"height":200},{"@type":"BreadcrumbList","@id":"https:\/\/sites.temple.edu\/latinxedaccessproject\/socios-nacionales\/#breadcrumb","itemListElement":[{"@type":"ListItem","position":1,"name":"Home","item":"https:\/\/sites.temple.edu\/latinxedaccessproject\/"},{"@type":"ListItem","position":2,"name":"Socios Nacionales"}]},{"@type":"WebSite","@id":"https:\/\/sites.temple.edu\/latinxedaccessproject\/#website","url":"https:\/\/sites.temple.edu\/latinxedaccessproject\/","name":"Latinx Ed Access Project","description":"","potentialAction":[{"@type":"SearchAction","target":{"@type":"EntryPoint","urlTemplate":"https:\/\/sites.temple.edu\/latinxedaccessproject\/?s={search_term_string}"},"query-input":{"@type":"PropertyValueSpecification","valueRequired":true,"valueName":"search_term_string"}}],"inLanguage":"en-US"}]}},"_links":{"self":[{"href":"https:\/\/sites.temple.edu\/latinxedaccessproject\/wp-json\/wp\/v2\/pages\/1802","targetHints":{"allow":["GET"]}}],"collection":[{"href":"https:\/\/sites.temple.edu\/latinxedaccessproject\/wp-json\/wp\/v2\/pages"}],"about":[{"href":"https:\/\/sites.temple.edu\/latinxedaccessproject\/wp-json\/wp\/v2\/types\/page"}],"author":[{"embeddable":true,"href":"https:\/\/sites.temple.edu\/latinxedaccessproject\/wp-json\/wp\/v2\/users\/36866"}],"replies":[{"embeddable":true,"href":"https:\/\/sites.temple.edu\/latinxedaccessproject\/wp-json\/wp\/v2\/comments?post=1802"}],"version-history":[{"count":13,"href":"https:\/\/sites.temple.edu\/latinxedaccessproject\/wp-json\/wp\/v2\/pages\/1802\/revisions"}],"predecessor-version":[{"id":2332,"href":"https:\/\/sites.temple.edu\/latinxedaccessproject\/wp-json\/wp\/v2\/pages\/1802\/revisions\/2332"}],"wp:attachment":[{"href":"https:\/\/sites.temple.edu\/latinxedaccessproject\/wp-json\/wp\/v2\/media?parent=1802"}],"curies":[{"name":"wp","href":"https:\/\/api.w.org\/{rel}","templated":true}]}}