

{"id":1782,"date":"2025-04-17T20:38:28","date_gmt":"2025-04-18T00:38:28","guid":{"rendered":"https:\/\/sites.temple.edu\/latinxedaccessproject\/?page_id=1782"},"modified":"2025-04-18T00:27:03","modified_gmt":"2025-04-18T04:27:03","slug":"quienes-somos","status":"publish","type":"page","link":"https:\/\/sites.temple.edu\/latinxedaccessproject\/quienes-somos\/","title":{"rendered":"Qui\u00e9nes Somos"},"content":{"rendered":"\t\t<div data-elementor-type=\"wp-page\" data-elementor-id=\"1782\" class=\"elementor elementor-1782\" data-elementor-post-type=\"page\">\n\t\t\t\t<div class=\"elementor-element elementor-element-21689106 elementor-hidden-tablet elementor-hidden-mobile e-flex e-con-boxed e-con e-parent\" data-id=\"21689106\" data-element_type=\"container\" data-e-type=\"container\" data-settings=\"{&quot;background_background&quot;:&quot;classic&quot;}\">\n\t\t\t\t\t<div class=\"e-con-inner\">\n\t\t\t\t<div class=\"elementor-element elementor-element-2c945ec1 elementor-widget elementor-widget-heading\" data-id=\"2c945ec1\" data-element_type=\"widget\" data-e-type=\"widget\" data-widget_type=\"heading.default\">\n\t\t\t\t<div class=\"elementor-widget-container\">\n\t\t\t\t\t<h2 class=\"elementor-heading-title elementor-size-default\">Qui\u00e9nes Somos<\/h2>\t\t\t\t<\/div>\n\t\t\t\t<\/div>\n\t\t\t\t<div class=\"elementor-element elementor-element-3edce8cf elementor-widget elementor-widget-text-editor\" data-id=\"3edce8cf\" data-element_type=\"widget\" data-e-type=\"widget\" data-widget_type=\"text-editor.default\">\n\t\t\t\t<div class=\"elementor-widget-container\">\n\t\t\t\t\t\t\t\t\t<p>Haz clic en un estado para conocer m\u00e1s sobre los miembros del equipo seg\u00fan el contexto pol\u00edtico de cada uno.<\/p>\t\t\t\t\t\t\t\t<\/div>\n\t\t\t\t<\/div>\n\t\t\t\t\t<\/div>\n\t\t\t\t<\/div>\n\t\t<div class=\"elementor-element elementor-element-729c9b32 e-con-full elementor-hidden-tablet elementor-hidden-mobile e-flex e-con e-parent\" data-id=\"729c9b32\" data-element_type=\"container\" data-e-type=\"container\" data-settings=\"{&quot;background_background&quot;:&quot;gradient&quot;}\">\n\t\t<div class=\"elementor-element elementor-element-30548178 e-con-full e-flex e-con e-child\" data-id=\"30548178\" data-element_type=\"container\" data-e-type=\"container\">\n\t\t\t\t<div class=\"elementor-element elementor-element-603807e0 elementor-widget__width-initial elementor-widget elementor-widget-image\" data-id=\"603807e0\" data-element_type=\"widget\" data-e-type=\"widget\" data-settings=\"{&quot;motion_fx_motion_fx_mouse&quot;:&quot;yes&quot;,&quot;motion_fx_tilt_effect&quot;:&quot;yes&quot;,&quot;motion_fx_tilt_speed&quot;:{&quot;unit&quot;:&quot;px&quot;,&quot;size&quot;:&quot;5&quot;,&quot;sizes&quot;:[]}}\" data-widget_type=\"image.default\">\n\t\t\t\t<div class=\"elementor-widget-container\">\n\t\t\t\t\t\t\t\t\t\t\t\t\t\t\t\t<a href=\"https:\/\/sites.temple.edu\/latinxedaccessproject\/equipo-de-nuevo-mexico\/\">\n\t\t\t\t\t\t\t<img fetchpriority=\"high\" decoding=\"async\" width=\"267\" height=\"300\" src=\"https:\/\/sites.temple.edu\/latinxedaccessproject\/files\/2025\/04\/Your-paragraph-text-267x300.png\" class=\"attachment-medium size-medium wp-image-1726\" alt=\"\" srcset=\"https:\/\/sites.temple.edu\/latinxedaccessproject\/files\/2025\/04\/Your-paragraph-text-267x300.png 267w, https:\/\/sites.temple.edu\/latinxedaccessproject\/files\/2025\/04\/Your-paragraph-text.png 386w\" sizes=\"(max-width: 267px) 100vw, 267px\" \/>\t\t\t\t\t\t\t\t<\/a>\n\t\t\t\t\t\t\t\t\t\t\t\t\t\t\t<\/div>\n\t\t\t\t<\/div>\n\t\t\t\t<\/div>\n\t\t\t\t<div class=\"elementor-element elementor-element-10f95545 elementor-widget__width-initial elementor-widget elementor-widget-image\" data-id=\"10f95545\" data-element_type=\"widget\" data-e-type=\"widget\" data-settings=\"{&quot;motion_fx_motion_fx_mouse&quot;:&quot;yes&quot;,&quot;motion_fx_tilt_effect&quot;:&quot;yes&quot;,&quot;motion_fx_tilt_speed&quot;:{&quot;unit&quot;:&quot;px&quot;,&quot;size&quot;:&quot;4.1&quot;,&quot;sizes&quot;:[]}}\" data-widget_type=\"image.default\">\n\t\t\t\t<div class=\"elementor-widget-container\">\n\t\t\t\t\t\t\t\t\t\t\t\t\t\t\t\t<a href=\"https:\/\/sites.temple.edu\/latinxedaccessproject\/equipo-de-pensilvania\/\">\n\t\t\t\t\t\t\t<img decoding=\"async\" width=\"484\" height=\"285\" src=\"https:\/\/sites.temple.edu\/latinxedaccessproject\/files\/2025\/04\/Your-paragraph-text-1.png\" class=\"attachment-full size-full wp-image-1725\" alt=\"\" srcset=\"https:\/\/sites.temple.edu\/latinxedaccessproject\/files\/2025\/04\/Your-paragraph-text-1.png 484w, https:\/\/sites.temple.edu\/latinxedaccessproject\/files\/2025\/04\/Your-paragraph-text-1-300x177.png 300w\" sizes=\"(max-width: 484px) 100vw, 484px\" \/>\t\t\t\t\t\t\t\t<\/a>\n\t\t\t\t\t\t\t\t\t\t\t\t\t\t\t<\/div>\n\t\t\t\t<\/div>\n\t\t\t\t<div class=\"elementor-element elementor-element-3734dc7b elementor-widget__width-initial elementor-widget elementor-widget-image\" data-id=\"3734dc7b\" data-element_type=\"widget\" data-e-type=\"widget\" data-settings=\"{&quot;motion_fx_motion_fx_mouse&quot;:&quot;yes&quot;,&quot;motion_fx_tilt_effect&quot;:&quot;yes&quot;,&quot;motion_fx_tilt_speed&quot;:{&quot;unit&quot;:&quot;px&quot;,&quot;size&quot;:&quot;5&quot;,&quot;sizes&quot;:[]}}\" data-widget_type=\"image.default\">\n\t\t\t\t<div class=\"elementor-widget-container\">\n\t\t\t\t\t\t\t\t\t\t\t\t\t\t\t\t<a href=\"https:\/\/sites.temple.edu\/latinxedaccessproject\/equipo-de-georgia\/\">\n\t\t\t\t\t\t\t<img decoding=\"async\" width=\"256\" height=\"300\" src=\"https:\/\/sites.temple.edu\/latinxedaccessproject\/files\/2025\/03\/Your-paragraph-text-copy-2-1-256x300.png\" class=\"attachment-medium size-medium wp-image-294\" alt=\"\" srcset=\"https:\/\/sites.temple.edu\/latinxedaccessproject\/files\/2025\/03\/Your-paragraph-text-copy-2-1-256x300.png 256w, https:\/\/sites.temple.edu\/latinxedaccessproject\/files\/2025\/03\/Your-paragraph-text-copy-2-1.png 410w\" sizes=\"(max-width: 256px) 100vw, 256px\" \/>\t\t\t\t\t\t\t\t<\/a>\n\t\t\t\t\t\t\t\t\t\t\t\t\t\t\t<\/div>\n\t\t\t\t<\/div>\n\t\t\t\t<\/div>\n\t\t<div class=\"elementor-element elementor-element-6bed231e elementor-hidden-desktop elementor-hidden-tablet e-flex e-con-boxed e-con e-parent\" data-id=\"6bed231e\" data-element_type=\"container\" data-e-type=\"container\" data-settings=\"{&quot;background_background&quot;:&quot;classic&quot;}\">\n\t\t\t\t\t<div class=\"e-con-inner\">\n\t\t\t\t<div class=\"elementor-element elementor-element-7999aeb0 elementor-widget elementor-widget-heading\" data-id=\"7999aeb0\" data-element_type=\"widget\" data-e-type=\"widget\" data-widget_type=\"heading.default\">\n\t\t\t\t<div class=\"elementor-widget-container\">\n\t\t\t\t\t<h2 class=\"elementor-heading-title elementor-size-default\">Qui\u00e9nes Somos<\/h2>\t\t\t\t<\/div>\n\t\t\t\t<\/div>\n\t\t\t\t<div class=\"elementor-element elementor-element-1b337397 elementor-widget elementor-widget-text-editor\" data-id=\"1b337397\" data-element_type=\"widget\" data-e-type=\"widget\" data-widget_type=\"text-editor.default\">\n\t\t\t\t<div class=\"elementor-widget-container\">\n\t\t\t\t\t\t\t\t\t<p>Haz clic en un estado para conocer m\u00e1s sobre los miembros del equipo seg\u00fan el contexto pol\u00edtico de cada uno.<\/p>\t\t\t\t\t\t\t\t<\/div>\n\t\t\t\t<\/div>\n\t\t\t\t\t<\/div>\n\t\t\t\t<\/div>\n\t\t<div class=\"elementor-element elementor-element-fc92cbb e-con-full elementor-hidden-desktop elementor-hidden-tablet e-flex e-con e-parent\" data-id=\"fc92cbb\" data-element_type=\"container\" data-e-type=\"container\" data-settings=\"{&quot;background_background&quot;:&quot;gradient&quot;}\">\n\t\t<div class=\"elementor-element elementor-element-2dc94388 e-con-full e-flex e-con e-child\" data-id=\"2dc94388\" data-element_type=\"container\" data-e-type=\"container\">\n\t\t\t\t<div class=\"elementor-element elementor-element-76988855 elementor-widget__width-initial elementor-widget-mobile__width-initial elementor-widget elementor-widget-image\" data-id=\"76988855\" data-element_type=\"widget\" data-e-type=\"widget\" data-settings=\"{&quot;motion_fx_motion_fx_mouse&quot;:&quot;yes&quot;,&quot;motion_fx_tilt_effect&quot;:&quot;yes&quot;,&quot;motion_fx_tilt_speed&quot;:{&quot;unit&quot;:&quot;px&quot;,&quot;size&quot;:&quot;5&quot;,&quot;sizes&quot;:[]}}\" data-widget_type=\"image.default\">\n\t\t\t\t<div class=\"elementor-widget-container\">\n\t\t\t\t\t\t\t\t\t\t\t\t\t\t\t\t<a href=\"https:\/\/sites.temple.edu\/latinxedaccessproject\/equipo-de-nuevo-mexico\/\">\n\t\t\t\t\t\t\t<img fetchpriority=\"high\" decoding=\"async\" width=\"267\" height=\"300\" src=\"https:\/\/sites.temple.edu\/latinxedaccessproject\/files\/2025\/04\/Your-paragraph-text-267x300.png\" class=\"attachment-medium size-medium wp-image-1726\" alt=\"\" srcset=\"https:\/\/sites.temple.edu\/latinxedaccessproject\/files\/2025\/04\/Your-paragraph-text-267x300.png 267w, https:\/\/sites.temple.edu\/latinxedaccessproject\/files\/2025\/04\/Your-paragraph-text.png 386w\" sizes=\"(max-width: 267px) 100vw, 267px\" \/>\t\t\t\t\t\t\t\t<\/a>\n\t\t\t\t\t\t\t\t\t\t\t\t\t\t\t<\/div>\n\t\t\t\t<\/div>\n\t\t\t\t<div class=\"elementor-element elementor-element-3c37b35a elementor-widget__width-initial elementor-widget elementor-widget-image\" data-id=\"3c37b35a\" data-element_type=\"widget\" data-e-type=\"widget\" data-settings=\"{&quot;motion_fx_motion_fx_mouse&quot;:&quot;yes&quot;,&quot;motion_fx_tilt_effect&quot;:&quot;yes&quot;,&quot;motion_fx_tilt_speed&quot;:{&quot;unit&quot;:&quot;px&quot;,&quot;size&quot;:&quot;4.1&quot;,&quot;sizes&quot;:[]}}\" data-widget_type=\"image.default\">\n\t\t\t\t<div class=\"elementor-widget-container\">\n\t\t\t\t\t\t\t\t\t\t\t\t\t\t\t\t<a href=\"https:\/\/sites.temple.edu\/latinxedaccessproject\/equipo-de-pensilvania\/\">\n\t\t\t\t\t\t\t<img decoding=\"async\" width=\"484\" height=\"285\" src=\"https:\/\/sites.temple.edu\/latinxedaccessproject\/files\/2025\/04\/Your-paragraph-text-1.png\" class=\"attachment-full size-full wp-image-1725\" alt=\"\" srcset=\"https:\/\/sites.temple.edu\/latinxedaccessproject\/files\/2025\/04\/Your-paragraph-text-1.png 484w, https:\/\/sites.temple.edu\/latinxedaccessproject\/files\/2025\/04\/Your-paragraph-text-1-300x177.png 300w\" sizes=\"(max-width: 484px) 100vw, 484px\" \/>\t\t\t\t\t\t\t\t<\/a>\n\t\t\t\t\t\t\t\t\t\t\t\t\t\t\t<\/div>\n\t\t\t\t<\/div>\n\t\t\t\t<div class=\"elementor-element elementor-element-16c13a57 elementor-widget__width-initial elementor-widget elementor-widget-image\" data-id=\"16c13a57\" data-element_type=\"widget\" data-e-type=\"widget\" data-settings=\"{&quot;motion_fx_motion_fx_mouse&quot;:&quot;yes&quot;,&quot;motion_fx_tilt_effect&quot;:&quot;yes&quot;,&quot;motion_fx_tilt_speed&quot;:{&quot;unit&quot;:&quot;px&quot;,&quot;size&quot;:&quot;5&quot;,&quot;sizes&quot;:[]}}\" data-widget_type=\"image.default\">\n\t\t\t\t<div class=\"elementor-widget-container\">\n\t\t\t\t\t\t\t\t\t\t\t\t\t\t\t\t<a href=\"https:\/\/sites.temple.edu\/latinxedaccessproject\/equipo-de-georgia\/\">\n\t\t\t\t\t\t\t<img decoding=\"async\" width=\"256\" height=\"300\" src=\"https:\/\/sites.temple.edu\/latinxedaccessproject\/files\/2025\/03\/Your-paragraph-text-copy-2-1-256x300.png\" class=\"attachment-medium size-medium wp-image-294\" alt=\"\" srcset=\"https:\/\/sites.temple.edu\/latinxedaccessproject\/files\/2025\/03\/Your-paragraph-text-copy-2-1-256x300.png 256w, https:\/\/sites.temple.edu\/latinxedaccessproject\/files\/2025\/03\/Your-paragraph-text-copy-2-1.png 410w\" sizes=\"(max-width: 256px) 100vw, 256px\" \/>\t\t\t\t\t\t\t\t<\/a>\n\t\t\t\t\t\t\t\t\t\t\t\t\t\t\t<\/div>\n\t\t\t\t<\/div>\n\t\t\t\t<\/div>\n\t\t\t\t<\/div>\n\t\t\t\t<\/div>\n\t\t","protected":false},"excerpt":{"rendered":"<p>Qui\u00e9nes Somos Haz clic en un estado para conocer m\u00e1s sobre los miembros del equipo seg\u00fan el contexto pol\u00edtico de cada uno. Qui\u00e9nes Somos Haz clic en un estado para conocer m\u00e1s sobre los miembros del equipo seg\u00fan el contexto pol\u00edtico de cada uno.<\/p>\n","protected":false},"author":36866,"featured_media":0,"parent":0,"menu_order":0,"comment_status":"closed","ping_status":"closed","template":"","meta":{"_monsterinsights_skip_tracking":false,"_monsterinsights_sitenote_active":false,"_monsterinsights_sitenote_note":"","_monsterinsights_sitenote_category":0,"footnotes":""},"class_list":["post-1782","page","type-page","status-publish","hentry"],"yoast_head":"<!-- This site is optimized with the Yoast SEO plugin v27.1.1 - https:\/\/yoast.com\/product\/yoast-seo-wordpress\/ -->\n<title>Qui\u00e9nes Somos - Latinx Ed Access Project<\/title>\n<meta name=\"robots\" content=\"index, follow, max-snippet:-1, max-image-preview:large, max-video-preview:-1\" \/>\n<link rel=\"canonical\" href=\"https:\/\/sites.temple.edu\/latinxedaccessproject\/quienes-somos\/\" \/>\n<meta property=\"og:locale\" content=\"en_US\" \/>\n<meta property=\"og:type\" content=\"article\" \/>\n<meta property=\"og:title\" content=\"Qui\u00e9nes Somos - Latinx Ed Access Project\" \/>\n<meta property=\"og:description\" content=\"Qui\u00e9nes Somos Haz clic en un estado para conocer m\u00e1s sobre los miembros del equipo seg\u00fan el contexto pol\u00edtico de cada uno. Qui\u00e9nes Somos Haz clic en un estado para conocer m\u00e1s sobre los miembros del equipo seg\u00fan el contexto pol\u00edtico de cada uno.\" \/>\n<meta property=\"og:url\" content=\"https:\/\/sites.temple.edu\/latinxedaccessproject\/quienes-somos\/\" \/>\n<meta property=\"og:site_name\" content=\"Latinx Ed Access Project\" \/>\n<meta property=\"article:modified_time\" content=\"2025-04-18T04:27:03+00:00\" \/>\n<meta property=\"og:image\" content=\"https:\/\/sites.temple.edu\/latinxedaccessproject\/files\/2025\/04\/Your-paragraph-text.png\" \/>\n\t<meta property=\"og:image:width\" content=\"386\" \/>\n\t<meta property=\"og:image:height\" content=\"433\" \/>\n\t<meta property=\"og:image:type\" content=\"image\/png\" \/>\n<meta name=\"twitter:card\" content=\"summary_large_image\" \/>\n<script type=\"application\/ld+json\" class=\"yoast-schema-graph\">{\"@context\":\"https:\/\/schema.org\",\"@graph\":[{\"@type\":\"WebPage\",\"@id\":\"https:\/\/sites.temple.edu\/latinxedaccessproject\/quienes-somos\/\",\"url\":\"https:\/\/sites.temple.edu\/latinxedaccessproject\/quienes-somos\/\",\"name\":\"Qui\u00e9nes Somos - Latinx Ed Access Project\",\"isPartOf\":{\"@id\":\"https:\/\/sites.temple.edu\/latinxedaccessproject\/#website\"},\"primaryImageOfPage\":{\"@id\":\"https:\/\/sites.temple.edu\/latinxedaccessproject\/quienes-somos\/#primaryimage\"},\"image\":{\"@id\":\"https:\/\/sites.temple.edu\/latinxedaccessproject\/quienes-somos\/#primaryimage\"},\"thumbnailUrl\":\"https:\/\/sites.temple.edu\/latinxedaccessproject\/files\/2025\/04\/Your-paragraph-text-267x300.png\",\"datePublished\":\"2025-04-18T00:38:28+00:00\",\"dateModified\":\"2025-04-18T04:27:03+00:00\",\"breadcrumb\":{\"@id\":\"https:\/\/sites.temple.edu\/latinxedaccessproject\/quienes-somos\/#breadcrumb\"},\"inLanguage\":\"en-US\",\"potentialAction\":[{\"@type\":\"ReadAction\",\"target\":[\"https:\/\/sites.temple.edu\/latinxedaccessproject\/quienes-somos\/\"]}]},{\"@type\":\"ImageObject\",\"inLanguage\":\"en-US\",\"@id\":\"https:\/\/sites.temple.edu\/latinxedaccessproject\/quienes-somos\/#primaryimage\",\"url\":\"https:\/\/sites.temple.edu\/latinxedaccessproject\/files\/2025\/04\/Your-paragraph-text.png\",\"contentUrl\":\"https:\/\/sites.temple.edu\/latinxedaccessproject\/files\/2025\/04\/Your-paragraph-text.png\",\"width\":386,\"height\":433},{\"@type\":\"BreadcrumbList\",\"@id\":\"https:\/\/sites.temple.edu\/latinxedaccessproject\/quienes-somos\/#breadcrumb\",\"itemListElement\":[{\"@type\":\"ListItem\",\"position\":1,\"name\":\"Home\",\"item\":\"https:\/\/sites.temple.edu\/latinxedaccessproject\/\"},{\"@type\":\"ListItem\",\"position\":2,\"name\":\"Qui\u00e9nes Somos\"}]},{\"@type\":\"WebSite\",\"@id\":\"https:\/\/sites.temple.edu\/latinxedaccessproject\/#website\",\"url\":\"https:\/\/sites.temple.edu\/latinxedaccessproject\/\",\"name\":\"Latinx Ed Access Project\",\"description\":\"\",\"potentialAction\":[{\"@type\":\"SearchAction\",\"target\":{\"@type\":\"EntryPoint\",\"urlTemplate\":\"https:\/\/sites.temple.edu\/latinxedaccessproject\/?s={search_term_string}\"},\"query-input\":{\"@type\":\"PropertyValueSpecification\",\"valueRequired\":true,\"valueName\":\"search_term_string\"}}],\"inLanguage\":\"en-US\"}]}<\/script>\n<!-- \/ Yoast SEO plugin. -->","yoast_head_json":{"title":"Qui\u00e9nes Somos - Latinx Ed Access Project","robots":{"index":"index","follow":"follow","max-snippet":"max-snippet:-1","max-image-preview":"max-image-preview:large","max-video-preview":"max-video-preview:-1"},"canonical":"https:\/\/sites.temple.edu\/latinxedaccessproject\/quienes-somos\/","og_locale":"en_US","og_type":"article","og_title":"Qui\u00e9nes Somos - Latinx Ed Access Project","og_description":"Qui\u00e9nes Somos Haz clic en un estado para conocer m\u00e1s sobre los miembros del equipo seg\u00fan el contexto pol\u00edtico de cada uno. Qui\u00e9nes Somos Haz clic en un estado para conocer m\u00e1s sobre los miembros del equipo seg\u00fan el contexto pol\u00edtico de cada uno.","og_url":"https:\/\/sites.temple.edu\/latinxedaccessproject\/quienes-somos\/","og_site_name":"Latinx Ed Access Project","article_modified_time":"2025-04-18T04:27:03+00:00","og_image":[{"width":386,"height":433,"url":"https:\/\/sites.temple.edu\/latinxedaccessproject\/files\/2025\/04\/Your-paragraph-text.png","type":"image\/png"}],"twitter_card":"summary_large_image","schema":{"@context":"https:\/\/schema.org","@graph":[{"@type":"WebPage","@id":"https:\/\/sites.temple.edu\/latinxedaccessproject\/quienes-somos\/","url":"https:\/\/sites.temple.edu\/latinxedaccessproject\/quienes-somos\/","name":"Qui\u00e9nes Somos - Latinx Ed Access Project","isPartOf":{"@id":"https:\/\/sites.temple.edu\/latinxedaccessproject\/#website"},"primaryImageOfPage":{"@id":"https:\/\/sites.temple.edu\/latinxedaccessproject\/quienes-somos\/#primaryimage"},"image":{"@id":"https:\/\/sites.temple.edu\/latinxedaccessproject\/quienes-somos\/#primaryimage"},"thumbnailUrl":"https:\/\/sites.temple.edu\/latinxedaccessproject\/files\/2025\/04\/Your-paragraph-text-267x300.png","datePublished":"2025-04-18T00:38:28+00:00","dateModified":"2025-04-18T04:27:03+00:00","breadcrumb":{"@id":"https:\/\/sites.temple.edu\/latinxedaccessproject\/quienes-somos\/#breadcrumb"},"inLanguage":"en-US","potentialAction":[{"@type":"ReadAction","target":["https:\/\/sites.temple.edu\/latinxedaccessproject\/quienes-somos\/"]}]},{"@type":"ImageObject","inLanguage":"en-US","@id":"https:\/\/sites.temple.edu\/latinxedaccessproject\/quienes-somos\/#primaryimage","url":"https:\/\/sites.temple.edu\/latinxedaccessproject\/files\/2025\/04\/Your-paragraph-text.png","contentUrl":"https:\/\/sites.temple.edu\/latinxedaccessproject\/files\/2025\/04\/Your-paragraph-text.png","width":386,"height":433},{"@type":"BreadcrumbList","@id":"https:\/\/sites.temple.edu\/latinxedaccessproject\/quienes-somos\/#breadcrumb","itemListElement":[{"@type":"ListItem","position":1,"name":"Home","item":"https:\/\/sites.temple.edu\/latinxedaccessproject\/"},{"@type":"ListItem","position":2,"name":"Qui\u00e9nes Somos"}]},{"@type":"WebSite","@id":"https:\/\/sites.temple.edu\/latinxedaccessproject\/#website","url":"https:\/\/sites.temple.edu\/latinxedaccessproject\/","name":"Latinx Ed Access Project","description":"","potentialAction":[{"@type":"SearchAction","target":{"@type":"EntryPoint","urlTemplate":"https:\/\/sites.temple.edu\/latinxedaccessproject\/?s={search_term_string}"},"query-input":{"@type":"PropertyValueSpecification","valueRequired":true,"valueName":"search_term_string"}}],"inLanguage":"en-US"}]}},"_links":{"self":[{"href":"https:\/\/sites.temple.edu\/latinxedaccessproject\/wp-json\/wp\/v2\/pages\/1782","targetHints":{"allow":["GET"]}}],"collection":[{"href":"https:\/\/sites.temple.edu\/latinxedaccessproject\/wp-json\/wp\/v2\/pages"}],"about":[{"href":"https:\/\/sites.temple.edu\/latinxedaccessproject\/wp-json\/wp\/v2\/types\/page"}],"author":[{"embeddable":true,"href":"https:\/\/sites.temple.edu\/latinxedaccessproject\/wp-json\/wp\/v2\/users\/36866"}],"replies":[{"embeddable":true,"href":"https:\/\/sites.temple.edu\/latinxedaccessproject\/wp-json\/wp\/v2\/comments?post=1782"}],"version-history":[{"count":7,"href":"https:\/\/sites.temple.edu\/latinxedaccessproject\/wp-json\/wp\/v2\/pages\/1782\/revisions"}],"predecessor-version":[{"id":1885,"href":"https:\/\/sites.temple.edu\/latinxedaccessproject\/wp-json\/wp\/v2\/pages\/1782\/revisions\/1885"}],"wp:attachment":[{"href":"https:\/\/sites.temple.edu\/latinxedaccessproject\/wp-json\/wp\/v2\/media?parent=1782"}],"curies":[{"name":"wp","href":"https:\/\/api.w.org\/{rel}","templated":true}]}}