

{"id":52,"date":"2013-10-12T13:22:05","date_gmt":"2013-10-12T17:22:05","guid":{"rendered":"https:\/\/sites.temple.edu\/janederoseevans\/?page_id=52"},"modified":"2024-06-20T09:45:50","modified_gmt":"2024-06-20T13:45:50","slug":"publications","status":"publish","type":"page","link":"https:\/\/sites.temple.edu\/janederoseevans\/publications\/","title":{"rendered":"Selected Publications"},"content":{"rendered":"<ol>\n<li>&#8220;Field Reports: The First Koinon Temple of Roman Sardis: A Sanctuary from the First Century through Late Antiquity.&#8221; N. Cahill, P. Stinson, M. Rautman, B. Yildirim, J.D. Evans, F.G. Marques, V. Rousseau, E.D. Raubolt, <em>American Journal of Archaeology<\/em> July 2024 381-421. <a href=\"https:\/\/www.ajaonline.org\/toc\/1283\">https:\/\/www.ajaonline.org\/toc\/1283<\/a><\/li>\n<li>\u201cGallia Aquitania and Gallia Lugdunensis.\u201d In <em>A Companion to the Archaeology of the Roman Empire<\/em>, vol.2. Ed. B. Burrell. (Wiley-Blackwell, 2024) 831-853. <a href=\"https:\/\/www.wiley.com\/en-us\/A+Companion+to+the+Archaeology+of+the+Roman+Empire,+2+Volume+Set-p-9781118620311\">https:\/\/www.wiley.com\/en-us\/A+Companion+to+the+Archaeology+of+the+Roman+Empire,+2+Volume+Set-p-9781118620311\u00a0<\/a><\/li>\n<li>\u201cAdorning and Protecting: Glass Intaglios and the Changing Character of Being a Sardian in the Early Imperial Period,\u201d <em>Near Eastern Archaeology<\/em> 83.4 2020: 200-209.\u00a0<a href=\"https:\/\/www.academia.edu\/77080475\/Adorning_and_Protecting\">https:\/\/www.academia.edu\/77080475\/Adorning_and_Protecting<\/a><\/li>\n<\/ol>\n<p>4. \u201cGlass Intaglios of the Roman Imperial Period from Sardis.\u201d <em>Quaderni Ticinesi<\/em> (<em>NAC<\/em>) XLVIII 2019: 1-32.\u00a0<a href=\"https:\/\/berlinarchaeology.files.wordpress.com\/2019\/08\/derose-evans-sardis-intaglios-1.pdf\">https:\/\/berlinarchaeology.files.wordpress.com\/2019\/08\/derose-evans-sardis-intaglios-1.pdf<\/a><\/p>\n<p>5. \u201cThe Mint at Sardis [in the Hellenistic Period].\u201d In <em>Spear-won Land: Sardis, from the King\u2019s Peace to the Peace of Apamea<\/em>. Edited Andrea Berlin and Paul Kosmin (University of Wisconsin Press, 2019): 137-156.\u00a0 <a href=\"https:\/\/www.researchgate.net\/publication\/342362073_The_Hellenistic_Mint_at_Sardis\">https:\/\/www.researchgate.net\/publication\/342362073_The_Hellenistic_Mint_at_Sardis<\/a> <a href=\"https:\/\/uwpress.wisc.edu\/books\/5697.htm\">https:\/\/uwpress.wisc.edu\/books\/5697.htm<\/a><\/p>\n<p>6. \u201cA New Revival of an Old Coin Type: Sardis in the Augustan Era.\u201d In Concordia Disciplinarum: Essays on Ancient Coinage, History and Archaeology in Honor of William E. Metcalf. Edited Nathan T. Elkins and Jane DeRose Evans (ANS, 2019): 121-126. <a href=\"https:\/\/www.academia.edu\/41661299\/A_New_Revival_of_an_Old_Coin_Type_Sardis_in_the_Augustan_Era\">https:\/\/www.academia.edu\/41661299\/A_New_Revival_of_an_Old_Coin_Type_Sardis_in_the_Augustan_Era<\/a><\/p>\n<p><a href=\"https:\/\/www.amazon.com\/Concordia-Disciplinarum-Ancient-Archaeology-Numismatic\/dp\/0897223578\"><img loading=\"lazy\" decoding=\"async\" class=\"alignnone size-medium wp-image-176\" src=\"https:\/\/sites.temple.edu\/janederoseevans\/files\/2021\/05\/concordia-disciplinarum-269x300.jpg\" alt=\"Book cover Concordia Disciplinarum\" width=\"269\" height=\"300\" srcset=\"https:\/\/sites.temple.edu\/janederoseevans\/files\/2021\/05\/concordia-disciplinarum-269x300.jpg 269w, https:\/\/sites.temple.edu\/janederoseevans\/files\/2021\/05\/concordia-disciplinarum-134x150.jpg 134w, https:\/\/sites.temple.edu\/janederoseevans\/files\/2021\/05\/concordia-disciplinarum-448x500.jpg 448w, https:\/\/sites.temple.edu\/janederoseevans\/files\/2021\/05\/concordia-disciplinarum.jpg 590w\" sizes=\"auto, (max-width: 269px) 100vw, 269px\" \/>\u00a0 click here to purchase<\/a><\/p>\n<p>7. <em>Coins from the Excavations at Sardis: Their Archaeological and Economic Contexts: Coins from the 1973-2013 Excavations<\/em>. Archaeological Exploration of Sardis Monographs 13. Cambridge MA: Harvard University Press, 2018.<\/p>\n<p><a href=\"https:\/\/sites.temple.edu\/janederoseevans\/files\/2018\/06\/IMG_0260.jpg\"><img loading=\"lazy\" decoding=\"async\" class=\"alignnone wp-image-152\" src=\"https:\/\/sites.temple.edu\/janederoseevans\/files\/2018\/06\/IMG_0260-228x300.jpg\" alt=\"\" width=\"239\" height=\"314\" srcset=\"https:\/\/sites.temple.edu\/janederoseevans\/files\/2018\/06\/IMG_0260-228x300.jpg 228w, https:\/\/sites.temple.edu\/janederoseevans\/files\/2018\/06\/IMG_0260.jpg 469w\" sizes=\"auto, (max-width: 239px) 100vw, 239px\" \/><\/a><\/p>\n<p><a href=\"http:\/\/www.hup.harvard.edu\/catalog.php?isbn=9780674987258\">http:\/\/www.hup.harvard.edu\/catalog.php?isbn=9780674987258<\/a><\/p>\n<p><a href=\"https:\/\/sardisexpedition.org\/en\/essays\/m13-evans-introduction\">https:\/\/sardisexpedition.org\/en\/essays\/m13-evans-introduction <\/a>(pdf of entire monograph)<\/p>\n<p>8. <em>The Joint Expeditions to Caesarea Maritima, Excavation Reports v.2: the Mithraeum at Caesarea Maritima<\/em>, co-authored with the late Robert J. Bull and edited.\u00a0 Atlanta: American Schools of Oriental Research, 2017.<\/p>\n<p><img loading=\"lazy\" decoding=\"async\" class=\"\" src=\"https:\/\/images-na.ssl-images-amazon.com\/images\/I\/516o1YffIJL._SX385_BO1,204,203,200_.jpg\" width=\"273\" height=\"352\" \/><\/p>\n<p><a href=\"https:\/\/www.amazon.com\/Mithraeum-Caesarea-Maritima-Archaeological-Reports\/dp\/0897570979\">https:\/\/www.amazon.com\/Mithraeum-Caesarea-Maritima-Archaeological-Reports\/dp\/0897570979<\/a><\/p>\n<p>9. \u201cCultural Memory, Artemis and \u201cKore\u201d: The Coins of Sardis.\u201d <em>Quaderni Ticinesi<\/em> (<em>NAC<\/em>) 46 2017: 133.153.<\/p>\n<p><a href=\"https:\/\/www.academia.edu\/35805180\/Cultural_Memory_Artemis_and_Kore_The_Coins_of_Sardis_during_the_Second_Sophistic_NAC_2017\">https:\/\/www.academia.edu\/35805180\/Cultural_Memory_Artemis_and_Kore_The_Coins_of_Sardis_during_the_Second_Sophistic_NAC_2017<\/a><\/p>\n<p>10. &#8220;What Archaeology Can Tell us about the Date of the Opening of the Civic Mint in Sardis&#8221;, <em>Proceedings of the 2015 International Numismatic Congress<\/em> (2017). <a href=\"https:\/\/www.researchgate.net\/publication\/328174483_Jane_DeRose_Evans_What_archaeology_can_tell_us_about_the_date_of_the_opening_of_the_civic_mint_at_Sardis_Turkey\">https:\/\/www.researchgate.net\/publication\/328174483_Jane_DeRose_Evans_What_archaeology_can_tell_us_about_the_date_of_the_opening_of_the_civic_mint_at_Sardis_Turkey<\/a> <a href=\"https:\/\/www.academia.edu\/37530194\/What_archaeology_can_tell_us_about_the_date_of_the_opening_of_the_civic_mint_at_Sardis_Turkey\">https:\/\/www.academia.edu\/37530194\/What_archaeology_can_tell_us_about_the_date_of_the_opening_of_the_civic_mint_at_Sardis_Turkey\u00a0<\/a><\/p>\n<p>11. \u201cThe Third Neokorate of Sardis in Light of a New Coin Type Found in Sardis,\u201d <em>FIDES: Contributions to Numismatics in Honor of Richard B. Witschonke<\/em>\u00a0 (New York: American Numismatic Society, 2015) 1: 417-425<\/p>\n<p><a href=\"https:\/\/www.academia.edu\/14652586\/The_Third_Neokorate_of_Sardis_in_Light_of_a_New_Coin_Type_Found_in_Sardis\">https:\/\/www.academia.edu\/14652586\/The_Third_Neokorate_of_Sardis_in_Light_of_a_New_Coin_Type_Found_in_Sardis<\/a><\/p>\n<p>12. <em>The Blackwell Companion to Roman Republican Archaeology.<\/em> Malden, MA; Oxford; Chichester: Wiley-Blackwell, 2013. With three entries: \u201cIntroduction\u201d1-14; \u201cCoins and the Archaeology of the Roman Republic\u201d 110-122; \u201cThe Late Republican City of Rome\u201d 459-470.<br \/>\nPROSE Award Honorable Mention 2013<\/p>\n<p><a href=\"https:\/\/sites.temple.edu\/janederoseevans\/files\/2013\/10\/Companion-cover-design.jpg\"><img loading=\"lazy\" decoding=\"async\" class=\" wp-image-30\" src=\"https:\/\/sites.temple.edu\/janederoseevans\/files\/2013\/10\/Companion-cover-design-300x224.jpg\" alt=\"http:\/\/eu.wiley.com\/WileyCDA\/WileyTitle\/productCd-1405199660.html\" width=\"277\" height=\"207\" srcset=\"https:\/\/sites.temple.edu\/janederoseevans\/files\/2013\/10\/Companion-cover-design-300x224.jpg 300w, https:\/\/sites.temple.edu\/janederoseevans\/files\/2013\/10\/Companion-cover-design-232x173.jpg 232w, https:\/\/sites.temple.edu\/janederoseevans\/files\/2013\/10\/Companion-cover-design-464x347.jpg 464w, https:\/\/sites.temple.edu\/janederoseevans\/files\/2013\/10\/Companion-cover-design.jpg 572w\" sizes=\"auto, (max-width: 277px) 100vw, 277px\" \/><\/a><\/p>\n<p><a href=\"http:\/\/www.wiley.com\/WileyCDA\/WileyTitle\/productCd-1405199660.html\">http:\/\/www.wiley.com\/WileyCDA\/WileyTitle\/productCd-1405199660.html<\/a><\/p>\n<p>&#8220;Coins and the Archaeology of the Roman Republic&#8221;:<\/p>\n<p><a href=\"https:\/\/www.academia.edu\/12797792\/Jane_DeRose_Evans_Coins_and_the_Archaeology_of_the_Roman_Republic_from_A_Companion_to_the_Archaeology_of_the_Roman_Republic\">https:\/\/www.academia.edu\/12797792\/Jane_DeRose_Evans_Coins_and_the_Archaeology_of_the_Roman_Republic_from_A_Companion_to_the_Archaeology_of_the_Roman_Republic<\/a><\/p>\n<p>13. &#8220;Five Small Bronze Hoards from Sardis and their Implications for Coin Circulation in the Fifth Century CE&#8221;, Bulletin of the American Schools of Oriental Research 369 2013: 137-156<\/p>\n<p><a href=\"https:\/\/www.academia.edu\/7396244\/Five_Small_Bronze_Hoards_from_Sardis_and_Their_Implications_for_Coin_Circulation_in_the_5th_Century_CE\">https:\/\/www.academia.edu\/7396244\/Five_Small_Bronze_Hoards_from_Sardis_and_Their_Implications_for_Coin_Circulation_in_the_5th_Century_CE<\/a><\/p>\n<p>14. &#8220;From Monument to Icon: Mt. Gerizim on Provincial Coins from Neapolis, Samaria\u201d <em>Near Eastern Archaeology<\/em> 74:3 2011: 170-183.<\/p>\n<p><a href=\"https:\/\/www.academia.edu\/31532719\/From_Mountain_to_Icon_Mt._Gerizim_on_Provincial_Coins_from_Neapolis_Samaria\">https:\/\/www.academia.edu\/31532719\/From_Mountain_to_Icon_Mt._Gerizim_on_Provincial_Coins_from_Neapolis_Samaria<\/a><\/p>\n<p>15. \u201cAnderitum: Excavations in a Roman Town in Gallia Aquitania\u201d, with Alain Ferdi\u00e8re (emeritus, Universit\u00e9 de Tours) and Emmanuel Marot (Tours). <em>American Journal of Archaeology <\/em>113.2 2009: 255-272.<\/p>\n<p><a href=\"https:\/\/www.academia.edu\/7101356\/Anderitum_Excavations_in_a_Roman_Town_in_Gallia_Aquitania\">https:\/\/www.academia.edu\/7101356\/Anderitum_Excavations_in_a_Roman_Town_in_Gallia_Aquitania<\/a><\/p>\n<p>16. \u201cProstitutes in the Theater of Pompey? A Reconsideration.\u201d <em>Transactions of the American Philological Association<\/em> 139.1 2009: 123-145.<\/p>\n<p><a href=\"https:\/\/www.academia.edu\/7101353\/Prostitutes_in_the_Theater_of_Pompey_A_Reconsideration\">https:\/\/www.academia.edu\/7101353\/Prostitutes_in_the_Theater_of_Pompey_A_Reconsideration<\/a><\/p>\n<p>17. &#8220;The Restoration of Memory: Minucius and his Monument.&#8221; <em>Proceedings of the XIVth International Numismatic Congress<\/em>, Glasgow 2009<\/p>\n<p><a href=\"https:\/\/www.academia.edu\/7101379\/The_Restoration_of_Memory_Minucius_and_his_Monument\">https:\/\/www.academia.edu\/7101379\/The_Restoration_of_Memory_Minucius_and_his_Monument<\/a><\/p>\n<p>18. &#8220;Une petite ville romaine de moyenne montagne, Javols\/<em>Anderitum<\/em> (Loz\u00e8re), chef-lieu de cit\u00e9 des Gabales: \u00e9tat des connaissances 1996-2007&#8243;, (in collaboration) Ferdi\u00e8re, Alain, <em>et al<\/em>. <em>Gallia<\/em> 66.2 2009: 172-225.<\/p>\n<div class=\"mceTemp\">\n<p><a href=\"https:\/\/sites.temple.edu\/janederoseevans\/files\/2013\/10\/Gallia-2010.jpg\"><img loading=\"lazy\" decoding=\"async\" class=\"size-medium wp-image-56\" src=\"https:\/\/sites.temple.edu\/janederoseevans\/files\/2013\/10\/Gallia-2010-235x300.jpg\" alt=\"http:\/\/books.google.com\/books\/about\/Gallia.html?id=70lBAQAAIAAJ\" width=\"235\" height=\"300\" srcset=\"https:\/\/sites.temple.edu\/janederoseevans\/files\/2013\/10\/Gallia-2010-235x300.jpg 235w, https:\/\/sites.temple.edu\/janederoseevans\/files\/2013\/10\/Gallia-2010-232x295.jpg 232w, https:\/\/sites.temple.edu\/janederoseevans\/files\/2013\/10\/Gallia-2010-464x590.jpg 464w, https:\/\/sites.temple.edu\/janederoseevans\/files\/2013\/10\/Gallia-2010-624x793.jpg 624w, https:\/\/sites.temple.edu\/janederoseevans\/files\/2013\/10\/Gallia-2010.jpg 625w\" sizes=\"auto, (max-width: 235px) 100vw, 235px\" \/><\/a><\/p>\n<\/div>\n<p><a href=\"http:\/\/books.google.com\/books\/about\/Gallia.html?id=70lBAQAAIAAJ\">http:\/\/books.google.com\/books\/about\/Gallia.html?id=70lBAQAAIAAJ<\/a><\/p>\n<p>19. \u201cRecherches arch\u00e9ologiques \u00e0 Javols-Anderitum: campagne 2006,\u201d (in collaboration with) Trintignac, A., Courtois, J. Ferdi\u00e8re, A., Marot, E., Mouchet, C., Saint-Didier, G. <em>Revue du G\u00e9vaudan, des Causses et des C\u00e9vennes<\/em> 2 (2007) 144-159.<\/p>\n<p>20. <em>The Joint Expedition to Caesarea Maritima: Excavation Reports v.6, The Coins and the Hellenistic, Roman, and Byzantine Economy of Palestine<\/em>. Boston: American Schools of Oriental Research, 2006.<\/p>\n<p><a href=\"https:\/\/sites.temple.edu\/janederoseevans\/files\/2013\/10\/Evans-Caesarea.jpg\"><img loading=\"lazy\" decoding=\"async\" class=\"size-medium wp-image-29\" src=\"https:\/\/sites.temple.edu\/janederoseevans\/files\/2013\/10\/Evans-Caesarea-214x300.jpg\" alt=\"\" width=\"214\" height=\"300\" srcset=\"https:\/\/sites.temple.edu\/janederoseevans\/files\/2013\/10\/Evans-Caesarea-214x300.jpg 214w, https:\/\/sites.temple.edu\/janederoseevans\/files\/2013\/10\/Evans-Caesarea-232x324.jpg 232w, https:\/\/sites.temple.edu\/janederoseevans\/files\/2013\/10\/Evans-Caesarea.jpg 358w\" sizes=\"auto, (max-width: 214px) 100vw, 214px\" \/><\/a><\/p>\n<p><a href=\"http:\/\/www.amazon.com\/Caesarea-Maritima-Hellenistic-Byzantine-EXPEDITION\/dp\/089757074X\">http:\/\/www.amazon.com\/Caesarea-Maritima-Hellenistic-Byzantine-EXPEDITION\/dp\/089757074X<\/a><\/p>\n<p>21. \u201cRecent Research in Roman Crafts (1985-1995).\u201d <em>Classical World<\/em> March-April 1998: 235-272.<\/p>\n<p>22.\u00a0 \u201cBulls on Republican and Early Imperial Coins.\u201d <em>Numismatica e Antichit\u00e0 Classiche Quaderni Ticinesi<\/em> 1996: 197-214.<\/p>\n<p><a href=\"https:\/\/www.academia.edu\/7460255\/Bulls_on_Republican_and_Early_Imperial_Coins\">https:\/\/www.academia.edu\/7460255\/Bulls_on_Republican_and_Early_Imperial_Coins<\/a><\/p>\n<p>23. \u201cCoins from the DIAR Excavations of Caesarea.\u201d <em>Biblical Archaeologist<\/em> Sept. 1995: 156-66<\/p>\n<p>24. \u201cHeraclian Countermarks on Coins Found at Caesarea.\u201d <em>American Journal of Numismatics<\/em> 5\/6 1994\/5: 97-104.<\/p>\n<p><a href=\"https:\/\/www.academia.edu\/7460257\/Heraclian_Countermarks_on_Coins_Found_at_Caesarea\">https:\/\/www.academia.edu\/7460257\/Heraclian_Countermarks_on_Coins_Found_at_Caesarea<\/a><\/p>\n<p>25. <em>The Art of Persuasion: Political Propaganda from Aeneas to Brutus<\/em>. Ann Arbor: University of Michigan Press, 1992<\/p>\n<p><a href=\"https:\/\/sites.temple.edu\/janederoseevans\/files\/2013\/10\/Evans-Michigan-19921.jpg\"><img loading=\"lazy\" decoding=\"async\" class=\"alignnone wp-image-58\" src=\"https:\/\/sites.temple.edu\/janederoseevans\/files\/2013\/10\/Evans-Michigan-19921.jpg\" alt=\"Evans Michigan 1992\" width=\"163\" height=\"245\" \/><\/a><\/p>\n<p><a href=\"http:\/\/books.google.com\/books\/about\/The_Art_of_Persuasion.html?id=2AsRrF3ej38C\">\u00a0http:\/\/books.google.com\/books\/about\/The_Art_of_Persuasion.html?id=2AsRrF3ej38C<\/a><\/p>\n<p><a href=\"https:\/\/www.academia.edu\/31532584\/Chapter_2_Propaganda_and_the_Coins_from_The_Art_of_Persuasion_1992_\">https:\/\/www.academia.edu\/31532584\/Chapter_2_Propaganda_and_the_Coins_from_The_Art_of_Persuasion_1992_<\/a><\/p>\n<p><a href=\"https:\/\/www.academia.edu\/7396245\/Chapter_4_The_Wolf_and_Twins_from_The_Art_of_Persuasion_1992_\">https:\/\/www.academia.edu\/7396245\/Chapter_4_The_Wolf_and_Twins_from_The_Art_of_Persuasion_1992_<\/a><\/p>\n<p>26. &#8220;Statues of the Kings and Brutus on the Capitoline.\u201d <em>Opuscula Romana<\/em> 38 1992, 99-105.<\/p>\n<p><a href=\"https:\/\/www.academia.edu\/7460254\/Statues_of_the_Kings_and_Brutus_on_the_Capitoline\">https:\/\/www.academia.edu\/7460254\/Statues_of_the_Kings_and_Brutus_on_the_Capitoline<\/a><\/p>\n<p>27. \u201cSacred Figs in Rome,\u201d <em>Latomus<\/em> 50 1991: 798-808.<\/p>\n<p><a href=\"https:\/\/www.academia.edu\/31532778\/Sacred_Figs_in_Rome\">https:\/\/www.academia.edu\/31532778\/Sacred_Figs_in_Rome<\/a><\/p>\n<p>28. &#8220;The Sicilian Coinage of Sextus Pompeius (Crawford 511)&#8221; <em>American Numismatic Society Museum Notes<\/em> 32 1987: 97-157.<\/p>\n<p><a href=\"https:\/\/www.academia.edu\/7101352\/The_Sicilian_Coinage_of_Sextus_Pompeius\">https:\/\/www.academia.edu\/7101352\/The_Sicilian_Coinage_of_Sextus_Pompeius<\/a><\/p>\n<p>29. \u201cRoman Republican Coin types and Familial Propaganda.\u201d <em>Transactions of the 10<sup>th<\/sup> International Numismatic Congress<\/em>, London 1986: 143-46.<\/p>\n<p><a href=\"https:\/\/www.academia.edu\/7460256\/Roman_Republican_Coin_types_and_Familial_Propaganda\">https:\/\/www.academia.edu\/7460256\/Roman_Republican_Coin_types_and_Familial_Propaganda<\/a><\/p>\n","protected":false},"excerpt":{"rendered":"<p>&#8220;Field Reports: The First Koinon Temple of Roman Sardis: A Sanctuary from the First Century through Late Antiquity.&#8221; N. Cahill, P. Stinson, M. Rautman, B. Yildirim, J.D. Evans, F.G. Marques, V. Rousseau, E.D. Raubolt, American Journal of Archaeology July 2024 381-421. https:\/\/www.ajaonline.org\/toc\/1283 \u201cGallia Aquitania and Gallia Lugdunensis.\u201d In A Companion to the Archaeology of the [&hellip;]<\/p>\n","protected":false},"author":3268,"featured_media":0,"parent":0,"menu_order":3,"comment_status":"closed","ping_status":"closed","template":"","meta":{"_acf_changed":false,"footnotes":""},"class_list":["post-52","page","type-page","status-publish","hentry"],"acf":[],"_links":{"self":[{"href":"https:\/\/sites.temple.edu\/janederoseevans\/wp-json\/wp\/v2\/pages\/52","targetHints":{"allow":["GET"]}}],"collection":[{"href":"https:\/\/sites.temple.edu\/janederoseevans\/wp-json\/wp\/v2\/pages"}],"about":[{"href":"https:\/\/sites.temple.edu\/janederoseevans\/wp-json\/wp\/v2\/types\/page"}],"author":[{"embeddable":true,"href":"https:\/\/sites.temple.edu\/janederoseevans\/wp-json\/wp\/v2\/users\/3268"}],"replies":[{"embeddable":true,"href":"https:\/\/sites.temple.edu\/janederoseevans\/wp-json\/wp\/v2\/comments?post=52"}],"version-history":[{"count":2,"href":"https:\/\/sites.temple.edu\/janederoseevans\/wp-json\/wp\/v2\/pages\/52\/revisions"}],"predecessor-version":[{"id":203,"href":"https:\/\/sites.temple.edu\/janederoseevans\/wp-json\/wp\/v2\/pages\/52\/revisions\/203"}],"wp:attachment":[{"href":"https:\/\/sites.temple.edu\/janederoseevans\/wp-json\/wp\/v2\/media?parent=52"}],"curies":[{"name":"wp","href":"https:\/\/api.w.org\/{rel}","templated":true}]}}