

{"id":157,"date":"2018-06-19T10:11:02","date_gmt":"2018-06-19T14:11:02","guid":{"rendered":"https:\/\/sites.temple.edu\/janederoseevans\/?page_id=157"},"modified":"2026-04-10T10:38:05","modified_gmt":"2026-04-10T14:38:05","slug":"c-v","status":"publish","type":"page","link":"https:\/\/sites.temple.edu\/janederoseevans\/about\/c-v\/","title":{"rendered":"c.v."},"content":{"rendered":"<p>Jane DeRose Evans\u00a0 \u00a0 \u00a0 \u00a0 \u00a0 \u00a0 \u00a0 \u00a0 \u00a0 \u00a0 \u00a0 \u00a0 \u00a0 \u00a0 \u00a0 \u00a0 \u00a0jevans@temple.edu\u00a0 \u00a0 \u00a0 \u00a0 \u00a0 \u00a0\u00a0(215) 777-9738<\/p>\n<p>Art History, affiliated with the Department of Greek and Roman Classics<\/p>\n<p>Tyler School of Art and Architecture\u00a0 \u00a0 \u00a0Temple University\u00a0 \u00a0 \u00a0 \u00a0 \u00a0 \u00a0 \u00a0 Philadelphia, PA 19122<\/p>\n<p>Chair of Art History, 2017-present<\/p>\n<p>Professor of Art History, 2008-present, Temple University<\/p>\n<p>1997- 2008\u00a0\u00a0\u00a0\u00a0\u00a0\u00a0\u00a0 Associate Professor, Temple University, Art History Department<\/p>\n<p>1991 \u2013 1997\u00a0\u00a0\u00a0\u00a0\u00a0 Assistant Professor, Temple University, Art History Department<\/p>\n<p>1989 \u2013 1991\u00a0\u00a0\u00a0\u00a0\u00a0 Lecturer, Temple University, Art History Department<\/p>\n<p>1988 &#8211; 1989 \u00a0\u00a0\u00a0\u00a0\u00a0 Visiting Assistant Professor, Johns Hopkins, Department of Classics<\/p>\n<p>1987 \u2013 1988\u00a0\u00a0\u00a0\u00a0\u00a0 Lecturer, Rutgers University, Department of Classics<\/p>\n<p>1987\u00a0\u00a0\u00a0\u00a0 \u00a0\u00a0\u00a0\u00a0\u00a0\u00a0\u00a0 \u00a0\u00a0\u00a0\u00a0 Lecturer, University of Pennsylvania<\/p>\n<p>Other: \u00a0Series Editor, Joint Expedition to Caesarea Maritima publications<\/p>\n<p>Director, Publication of C Field, Caesarea Maritima<\/p>\n<p>Numismatist for Harvard-Cornell Sardis Expeditions<\/p>\n<p>Fellow of the American Numismatic Society<\/p>\n<p>President, American Society of Overseas Research<\/p>\n<h3>Education and Training<\/h3>\n<p>PhD, University of Pennsylvania, Classical Archaeology, 1985<\/p>\n<p>Dissertation:\u00a0 \u201cThe Legends of Early Rome used as Political Propaganda in the Republic and during the Time of Augustus\u201d<\/p>\n<p>MA, University of Pennsylvania, Classical Archaeology, 1984<\/p>\n<p>American Numismatic Society Graduate Seminar 1983<\/p>\n<p>AB, Franklin and Marshall College, Classics (Languages), 1978<\/p>\n<h3>Grants<\/h3>\n<p>Grant for travel to Sardis Expeditions (Harvard University), yearly since 2008 (hiatus for 2 years 2020, 2021)<\/p>\n<p>Dean\u2019s Grant for Research, spring 2022<\/p>\n<p>Temple University Research Leave, fall 1997, spring 2008, 2012-13<\/p>\n<p>Temple University, Dean\u2019s Grant Travel to Conference, yearly, since 1991<\/p>\n<p>Mellon Grant (Temple University) 2000<\/p>\n<p>Temple University Grant in Aid 1999, 2004, 2010, 2011, 2016, 2023<\/p>\n<p>Temple University Summer Research Fellowship 1994<\/p>\n<p>American Numismatic Society Graduate Fellowship 1984-85<\/p>\n<p>University of Pennsylvania, Classical Archaeology Graduate Group fellowship\/teaching assistantship, 1982, 1983, 1984\/5<\/p>\n<h3>Publications<\/h3>\n<ol>\n<li>Authored Books<\/li>\n<\/ol>\n<p><em>Coins from the Excavations at Sardis: Their Archaeological and Economic Contexts: Coins from the 1973-2013 Excavations<\/em>. Archaeological Exploration of Sardis Monographs 13. (Harvard University Press, 2018).<\/p>\n<p><em>The Joint Expeditions to Caesarea Maritima, Excavation Reports v.2: the Mithraeum at Caesarea Maritima<\/em>, co-authored with the late Robert J. Bull and edited.\u00a0 (American Schools of Oriental Research, 2017).<\/p>\n<p><em>The Joint Expedition to Caesarea Maritima: Excavation Reports v.6, The Coins and the Hellenistic, Roman, and Byzantine Economy of Palestine<\/em> (American Schools of Oriental Research, 2006). Reviewed in: <em>American Journal of Archaeology<\/em> Oct 2009 (www.ajaonline.org); Israel<em> Numismatic Research<\/em> 2 2007; <em>ANS Magazine<\/em> Spring 2008 59-63; <em>RBL<\/em> June 2008 Society of Biblical Literature (bookreviews.org); <em>Ancient East &amp; West<\/em> 12 2013<\/p>\n<p><em>The Art of Persuasion: Political Propaganda from Aeneas to Brutus<\/em> (University of Michigan Press, Ann Arbor, 1992). Reviewed in: <em>Classical World<\/em> 1994 505; <em>American Journal of Numismatics<\/em> 1993\/4 251-55; \u201cElectronic Antiquity\u201d II.2. 1994; \u201cBryn Mawr Classical Review\u201d 03.06.05; <em>Journal of Roman Studies<\/em> 1995 275<\/p>\n<p>2. Edited Books<\/p>\n<p><em>Concordia Disciplinarum: Essays on Ancient Coinage, History, and Archaeology in Honor of William E. Metcalf<\/em>, ed. with Nathan T. Elkins. New York: American Numismatic Society, 2019. With entry: \u201cA New Revival of an Old Coin Type: Sardis in the Augustan Era\u201d 121-126.<\/p>\n<p><em>The Blackwell Companion to Roman Republican Archaeology<\/em> (Wiley-Blackwell, 2013); with three entries (\u201cIntroduction\u201d, \u201cCoins and Archaeology\u201d, \u201cThe Late Republican City of Rome\u201d)<br \/>\nPROSE Award Honorable Mention 2013. Reviewed: <em>American Journal of Archaeology<\/em> July 2015; <em>History &amp; Archaeology<\/em> Oct 2014; <em>Journal of Classical Teaching<\/em> June 2013; <em>Bryn Mawr Classical Review<\/em> 04\/07\/2104<\/p>\n<p>3. Collaboration in Book<\/p>\n<p><em>Javols-Anderitum (Loz\u00e8re), chef-lieu de cit\u00e9des Gabales\u00a0: une ville romaine de moyenne montagne\u00a0: Bilan de 13 ans d\u2019\u00e9valuation et de recherche (1996-2008)<\/em>. Principal authors\u00a0: Alain Trintignac, Emmanuel Marot, Alain Ferdi\u00e8re. Montagnac (H\u00e9rault), France\u00a0: Editions monique mergoil, 2011.<\/p>\n<p>4. Articles, Book Chapters<\/p>\n<p>\u201cGallia Aquitania and Gallia Lugdunensis.\u201d In <em>A Companion to the Archaeology of the Roman Empire<\/em>, vol.2. Ed. B. Burrell. (Wiley-Blackwell, 2024) 831-853.<\/p>\n<p>\u201cAdorning and Protecting: Glass Intaglios and the Changing Character of Being a Sardian in the Early Imperial Period,\u201d <em>Near Eastern Archaeology<\/em> 83.4 2020: 200-209.<\/p>\n<p>\u201cGlass Intaglios of the Roman Imperial Period from Sardis.\u201d <em>Quaderni Ticinesi<\/em> (<em>NAC<\/em>) 2019: 1-32.<\/p>\n<p>\u201cThe Mint at Sardis [in the Hellenistic Period].\u201d In <em>Spear-won Land: Sardis, from the King\u2019s Peace to the Peace of Apamea<\/em>. Edited Andrea Berlin and Paul Kosmin. (University of Wisconsin Press, 2019): 137-156.<\/p>\n<p>\u201cCultural Memory, Artemis and \u201cKore\u201d: The Coins of Sardis.\u201d <em>Quaderni Ticinesi<\/em> (<em>NAC<\/em>) 46 2017: 133-53.<\/p>\n<p>\u201cWhat Archaeology Can Tell us about the Date of the Opening of the Civic Mint in Sardis, Turkey\u201d, <em>Proceedings of the 2015 International Numismatic Congress<\/em>, 2017.<\/p>\n<p>\u201cThe Third Neokorate of Sardis in Light of a New Coin Type Found in Sardis,\u201d <em>FIDES: Contributions to Numismatics in Honor of Richard B. Witschonke<\/em>\u00a0 (New York: American Numismatic Society), 2015: 417-25<\/p>\n<p>\u201cFive Small Bronze Hoards from Sardis and their Implications for Coin Circulation in the Fifth Century CE\u201d in <em>Bulletin of the American Schools of Oriental Research <\/em>369 2013: 137-156.<\/p>\n<p>\u201cThe Restoration of Memory: Minucius and his Monument\u201din <em>Proceedings of the XIVth International Numismatic Congress, Glasgow 2009<\/em> (Glasgow, 2011) 657-61.<\/p>\n<p>\u201cFrom Mountain to Icon: Mt. Gerizim on Provincial Coins from Neapolis, Samaria\u201d <em>Near Eastern Archaeology<\/em> 74:3 2011: 170-83.<\/p>\n<p>&#8220;Une petite ville romaine de moyenne montagne, Javols\/<em>Anderitum<\/em> (Loz\u00e8re), chef-lieu de cit\u00e9 des Gabales: \u00e9tat des connaissances 1996-2007&#8243;, (in collaboration) Ferdi\u00e8re, Alain, <em>et al<\/em>. <em>Gallia<\/em> 66.2 2009: 172-225.<\/p>\n<p>\u201cAnderitum: Excavations in a Roman Town in Gallia Aquitania\u201d, with Alain Ferdi\u00e8re (emeritus, Universit\u00e9 de Tours) and Emmanuel Marot (Tours). <em>American Journal of Archaeology <\/em>113 2009: 255-72.<\/p>\n<p>\u201cProstitutes in the Theater of Pompey? A Reconsideration.\u201d <em>Transactions of the American Philological Association<\/em> 139.1 2009: 123-145.<\/p>\n<p>\u201cRecherches arch\u00e9ologiques \u00e0 Javols-Anderitum: campagne 2006,\u201d (in collaboration with) Trintignac, A., Courtois, J. Ferdi\u00e8re, A., Marot, E., Mouchet, C., Saint-Didier, G. <em>Revue du G\u00e9vaudan, des Causses et des C\u00e9vennes<\/em> 2 (2007) 144-159.<\/p>\n<p>\u201cRecent Research in Roman Crafts (1985-1995).\u201d <em>Classical World<\/em> March-April 1998: 235-272.<\/p>\n<p>\u201cBulls on Republican and Early Imperial Coins.\u201d <em>Numismatica e Antichit\u00e0 Classiche Quaderni Ticinesi<\/em> 1996: 197-214.<\/p>\n<p>\u201cCoins from the DIAR Excavations of Caesarea.\u201d <em>Biblical Archaeologist<\/em> Sept. 1995: 156-66<\/p>\n<p>\u201cHeraclian Countermarks on Coins Found at Caesarea.\u201d <em>American Journal of Numismatics<\/em> 5\/6 1994\/5: 97-104.<\/p>\n<p>\u201cStatues of the Kings and Brutus on the Capitoline.\u201d <em>Opuscula Romana<\/em> 38 1992, 99-105<\/p>\n<p>\u201cSacred Figs in Rome,\u201d <em>Latomus<\/em> 50 1991: 798-808.<\/p>\n<p>\u201cThe Sicilian Coinage of Sextus Pompeius.\u201d <em>American Numismatic Society Museum Notes<\/em> 32 1987: 97-157.<\/p>\n<p>\u201cRoman Republican Coin types and Familial Propaganda.\u201d <em>Transactions of the 10<sup>th<\/sup> International Numismatic Congress<\/em>, London 1986: 143-46.<\/p>\n<p>4. Book Reviews<\/p>\n<p>L. Holland Goldthwaite. T<em>reasure of Chianti: Silver Coinage of the Roman Republic from Cetamura del Chianti<\/em>\u00a0 (2021). <em>Etruscan and Italic Studies<\/em> 25.1-2 (2022) 251-256.<\/p>\n<p>C. Arnold-Biucchi and M. Beckmann, eds. <em>Sculpture and Coins: Margarete Bieber as Scholar and Collector<\/em> (2018). <em>Journal of Roman Archaeology<\/em> 32 (2019) 991-95.<\/p>\n<p>O. Tal and Z. Weiss, <em>Expressions of Cult in the Southern Levant in the Greco-Roman Period: Manifestations in Text and Material Culture<\/em> (2017) for <em>American Journal of Archaeology<\/em> 122.4 2018 (online)<\/p>\n<p>D. Syon, <em>Small Change in Hellenistic and Roman Galilee (2015); <\/em>for<em> Bulletin of the American Schools of Oriental Research<\/em> 378 2017: 229-31<\/p>\n<p>N.T. Elkins and S. Krmnicek <em>Art in the Round: New Approaches to Ancient Coin Iconography<\/em>. For\u00a0<em>American Journal of Archaeology<\/em> online (2015)<\/p>\n<p>D. Ariel and J-P. Fontanille, <em>The Coins of Herod: A Modern Analysis and Die Classification<\/em>. For\u00a0<em>Bulletin of the American Schools of Oriental Research<\/em>. <em>Bulletin of the American Schools of Oriental Research<\/em> 371 2014: 250-52<\/p>\n<p>G. Bowersock, <em>Mosaics as History<\/em>. For\u00a0\u00a0<em>Near Eastern Archaeology <\/em>73.2 2009: 172<\/p>\n<p>R. Ashton, <em>Studies in Ancient Coinage from Turkey<\/em>. For\u00a0<em>American Journal of Archaeology<\/em> 101 1997: 816<\/p>\n<p>B. Brown, <em>Royal Portraits in Sculpture and Coins<\/em>. For\u00a0<em>American Journal of Numismatics<\/em> 9 1997: 139-43<\/p>\n<p>W. Hollstein, <em>Die st\u00e4dtromische M\u00fcnzpr\u00e4gung der Jahre 78-50 v.Chr. zwischen politischer Aktualit\u00e4t und Familienthematik<\/em>. For\u00a0<em>American Journal of Numismatics<\/em> 7\/8 1995\/6: 289-92<\/p>\n<p>Melville-Jones, <em>A Dictionary of Ancient Roman Coins<\/em>. For\u00a0<em>American Journal of Numismatics<\/em> 3\/4 1992: 225-28<\/p>\n<p>5. Forthcoming<\/p>\n<p>in press: <em>The Joint Expeditions to Caesarea Maritima, Excavation Reports: The U-Shaped Building and Byzantine through Ottoman Caesarea<\/em> (title tentative), lead author with J. Tobin,\u00a0 M. Fuller, N. Fuller, M. Risser, M. Zimmerman, E. Szylejko Atlanta: American Society of Overseas Research, 2026.<\/p>\n<p>\u201cThe Coins under the Floors of the Synagogue\u201d, for <em>The Synagogue at Sardis<\/em>. Main contributor Andrew Seager. Archaeological Exploration of Sardis Monographs 15?. (Harvard University Press)<\/p>\n<p>\u201cThe Hellenistic Coins in their Political and Social Contexts\u201d, <em>The Hellenistic City of Gordion<\/em>. Edited Andrea Berlin and C. Brian Rose. (University of Pennsylvania Press)<\/p>\n<p>\u201cThe Coins and their Contexts\u201d, and \u201cThe Excavations at Tell er-Ras\u201d (the latter with Robert J. Bull\u2020 and Diane Everman), for <em>The Excavations at Tell er-Ras<\/em>. (American Schools of Oriental Research)<\/p>\n<p>\u201cReport on the Coins\u201d, \u201cCatalog of the Coins\u201d, and \u201cArchitectural Representations on Coins of the Roman East\u201d; in the report of the excavations of Tell er-Ras, Israel (waiting for other contributors; preliminary acceptance by ASOR press)<\/p>\n<h3>Convention Papers and Scholarly Lectures<\/h3>\n<p>\u201cThe Abduction of Persephone on Coin Types of the Eastern Roman Provinces\u201d Archaeological Institute of America annual meeting, Chicago 2024<\/p>\n<p>\u201cThe Mysteries of Mithras in Caesarea\u201d American Schools of Oriental Research Webinar, 2021<\/p>\n<p>\u201cThe Worship of Mithras in Caesarea Maritima, Israel\u201d Archaeological Institute of America, Spokane WA Chapter 2021<\/p>\n<p>\u201cField 55 at Sardis, Stratigraphy, Chronology, and the Coins\u201d Archaeological Institute of America Annual Meeting (virtual) 2021<\/p>\n<p>\u201cProtecting and Adorning: Glass Intaglios from Sardis, Turkey\u201d Univerzita Karlova, Prague 2020<\/p>\n<p>\u201cAn Early Imperial Glass Intaglio Workshop in Sardis, Turkey\u201d American Schools of Oriental Research Annual Meeting, 2019; Archaeological Institute of America Annual Meeting, 2020<\/p>\n<p>&#8220;A Mountain, its Temples and Cultural Identity: Mt. Gerizim and the Self-Identification of the Inhabitants of Neapolis&#8221; Society of Classical Studies Annual Meeting, 2018<\/p>\n<p>\u201cCoins and Pottery: Tracking the Numismatic Profile of 4<sup>th<\/sup> and 5<sup>th<\/sup> Century Sardis\u201d American Schools of Oriental Research Annual Meeting, 2017<\/p>\n<p>\u201cThe Mint at Sardis amid the Changing Political Landscape of the Third and Second Centuries\u201d Invited Lecture, City and Empire in Seleucid Asia Minor Conference, Harvard University February 2017<\/p>\n<p>\u201cGiving to the Gods: Votives and Magic at Sardis, Turkey\u201d, American Institute of Archaeology, Philadelphia and Hartford CT Societies February 2017<\/p>\n<p>\u201cRitual Deposits, Votive Behavior, and Magical Practices at Sardis\u201d, Classics Colloquium, Temple University 2016<\/p>\n<p>\u201cWhat Archaeology Can Tell Us about the Date of the Opening of the Civic Mint in Sardis (Turkey)\u201d, International Numismatic Congress (Taormina, Sicily) 2015<\/p>\n<p>&#8220;Field C at Caesarea Maritima: An Analysis of the Stratigraphy and Pottery&#8221;, American Schools of Oriental Research Annual Meeting (Baltimore) 2013: with Martha K. Risser and Michael Zimmerman.<\/p>\n<p>\u201cRoman Coins and Votive Behavior in Sardis\u201d, University of Pennsylvania, October 2013<\/p>\n<p>\u201cKings, Emperors and Gods: What the Excavation Coins tell us about Sardis\u201d<\/p>\n<p>Ilse and Leo Mildenberg Lecture, Harvard University, March 2013<\/p>\n<p>\u201cEarly Imperial History and the Excavation Coins of Sardis: Field 55 and the Wadi B Temple\u201d, American Schools of Oriental Research Annual Meeting 2012, American Philological Association Annual Meeting, 2013<\/p>\n<p>\u201cFour Small Bronze Hoards from Sardis and their Implications for Coin Circulation in the Fifth Century CE\u201d, American Schools of Oriental Research Annual Meeting, 2011<\/p>\n<p>\u201cThe Dating and Reconstruction of the U-Shaped Building in Field C, Caesarea Maritima\u201d, American Schools of Oriental Research Annual Meeting, 2010<\/p>\n<p>\u201cMinucius, Memory and his Monument\u201d, International Numismatic Congress (Glasgow, Scotland, 2009)<\/p>\n<p>&#8220;The Gold Hoard of Caesarea Maritima, Israel&#8221; American Institute of Archaeology, Metcalf Lecturer (2007, Toronto, Montreal, Ottowa)<\/p>\n<p>\u201cExcavating Ancient Anderitum, a Roman City in Southwest France\u201d American Institute of Archaeology Annual Meeting 2004<\/p>\n<p>\u201cExcavation Coins and the Nature of the Site\u201d American Institute of Archaeology, Metcalf Lecturer (April 2003 in San Diego and Las Vegas for American Institute of Archaeology societies)<\/p>\n<p>\u201cWhat Numismatists can tell Archaeologists about Coins\u201d, American Philological Association Annual Meeting 2003<\/p>\n<p>\u201cExcavation Coins and the Nature of the Site\u201d A Rich Resource: Contributions of Field Numismatics to Greek, Roman, and Byzantine Studies, Conference at Mary Washington College Fredericksberg, 2002; co-organizer and leader of round-table discussion as well as presenter.<\/p>\n<p>\u201cComedic Heroines in the Theater Complex of Pompey in Rome\u201d\u00a0 American Institute of Archaeology Annual Meeting 2001 (nominated by the Women&#8217;s Classical Conference for best paper presentation at the annual meeting), Princeton, Institute of Advanced Studies 2000, Villanova University 2000<\/p>\n<p>\u201cThe Return of Prosperity?\u00a0 The Economy of Caesarea Maritima in Palestine between 70 and 253 CE\u201d, American Institute of Archaeology Annual Meeting 1998, American Schools of Oriental Research Annual Meeting 1998<\/p>\n<p>\u201cThe Combined Caesarea Expeditions\u201d, American Institute of Archaeology Annual Meeting 1997 (co-author)<\/p>\n<p>\u201cCoins from the DIAR Excavations at Caesarea Maritima\u201d, American Institute of Archaeology Annual Meeting 1994<\/p>\n<p>\u201cThe Art of Persuasion: Roman Familial Propaganda and Coins\u201d, Bullowa lecture, American Numismatic Society, 1991<\/p>\n<p>\u201cFamilial Propaganda and Republican Coinage\u201d, American Institute of Archaeology Annual Meeting 1987, International Numismatic Congress in London, 1986<\/p>\n<p>\u201cOver-used and Under-Studied: Sorting out the Coins of Sextus Pompey\u201d, American Numismatic Society Graduate Seminar 1986-1990<\/p>\n<p>\u201cConsequences of Betrayal: the Death of Tarpeia from the Basilica Aemilia Frieze and two Coins\u201d, American Institute of Archaeology Annual Meeting 1985<\/p>\n<h3><strong>Excavations<\/strong><\/h3>\n<p>2008-present \u00a0\u00a0Numismatist, Harvard and Cornell Sardis Expeditions to Sardis (Turkey; director: Nicholas D. Cahill, annual reports)<\/p>\n<p>2000-2008\u00a0\u00a0\u00a0\u00a0\u00a0\u00a0\u00a0 Javols (ancient Anderitum), France (director: Alain Ferdiere, Department de Languedoc-Rousillion); supervisor, help prepare annual reports<\/p>\n<p>1997, 1998 \u00a0\u00a0\u00a0\u00a0\u00a0\u00a0Caesarea Maritima, Israel (director: Ken Holum, University of Maryland); field supervisor, help prepare annual reports<\/p>\n<p>1983-1985 \u00a0\u00a0\u00a0\u00a0\u00a0\u00a0\u00a0Salleles d\u2019Aude, France (director: Fanette Laubenheimer, CNRS); excavation draughtsperson<\/p>\n<p>1982 \u00a0\u00a0\u00a0\u00a0\u00a0\u00a0\u00a0\u00a0\u00a0\u00a0\u00a0\u00a0\u00a0\u00a0\u00a0\u00a0Gla, Greece (director: Spyros Iakovidis, University of Pennsylvania); student worker<\/p>\n<p>1981 \u00a0\u00a0\u00a0\u00a0\u00a0\u00a0\u00a0\u00a0\u00a0\u00a0\u00a0\u00a0\u00a0\u00a0\u00a0\u00a0Philadelphia, PA (director: Barbara Liggett); student worker<\/p>\n<p>1976 \u00a0\u00a0\u00a0\u00a0\u00a0\u00a0\u00a0\u00a0\u00a0\u00a0\u00a0\u00a0\u00a0\u00a0\u00a0\u00a0Wroxeter, England (director: Graham Webster); student worker<\/p>\n<p>1976\u00a0\u00a0\u00a0\u00a0\u00a0\u00a0\u00a0\u00a0\u00a0\u00a0\u00a0\u00a0\u00a0\u00a0\u00a0\u00a0 environs of Siena, Italy (director: Alfonz Lengyel); student worker<\/p>\n<h3>Professional Affiliations<\/h3>\n<p>American Institute of Archaeology (since 1981)<\/p>\n<p>American Numismatic Society (since 1983), Fellow<\/p>\n<p>American Society of Overseas Research (since 1991)<\/p>\n<p>Philadelphia Numismatic and Antiquarian Society (elected 2006)<\/p>\n<p>Royal Numismatic Society (elected 2001)<\/p>\n","protected":false},"excerpt":{"rendered":"<p>Jane DeRose Evans\u00a0 \u00a0 \u00a0 \u00a0 \u00a0 \u00a0 \u00a0 \u00a0 \u00a0 \u00a0 \u00a0 \u00a0 \u00a0 \u00a0 \u00a0 \u00a0 \u00a0jevans@temple.edu\u00a0 \u00a0 \u00a0 \u00a0 \u00a0 \u00a0\u00a0(215) 777-9738 Art History, affiliated with the Department of Greek and Roman Classics Tyler School of Art and Architecture\u00a0 \u00a0 \u00a0Temple University\u00a0 \u00a0 \u00a0 \u00a0 \u00a0 \u00a0 \u00a0 Philadelphia, PA 19122 Chair [&hellip;]<\/p>\n","protected":false},"author":3268,"featured_media":0,"parent":8,"menu_order":1,"comment_status":"closed","ping_status":"closed","template":"","meta":{"_acf_changed":false,"footnotes":""},"class_list":["post-157","page","type-page","status-publish","hentry"],"acf":[],"_links":{"self":[{"href":"https:\/\/sites.temple.edu\/janederoseevans\/wp-json\/wp\/v2\/pages\/157","targetHints":{"allow":["GET"]}}],"collection":[{"href":"https:\/\/sites.temple.edu\/janederoseevans\/wp-json\/wp\/v2\/pages"}],"about":[{"href":"https:\/\/sites.temple.edu\/janederoseevans\/wp-json\/wp\/v2\/types\/page"}],"author":[{"embeddable":true,"href":"https:\/\/sites.temple.edu\/janederoseevans\/wp-json\/wp\/v2\/users\/3268"}],"replies":[{"embeddable":true,"href":"https:\/\/sites.temple.edu\/janederoseevans\/wp-json\/wp\/v2\/comments?post=157"}],"version-history":[{"count":5,"href":"https:\/\/sites.temple.edu\/janederoseevans\/wp-json\/wp\/v2\/pages\/157\/revisions"}],"predecessor-version":[{"id":208,"href":"https:\/\/sites.temple.edu\/janederoseevans\/wp-json\/wp\/v2\/pages\/157\/revisions\/208"}],"up":[{"embeddable":true,"href":"https:\/\/sites.temple.edu\/janederoseevans\/wp-json\/wp\/v2\/pages\/8"}],"wp:attachment":[{"href":"https:\/\/sites.temple.edu\/janederoseevans\/wp-json\/wp\/v2\/media?parent=157"}],"curies":[{"name":"wp","href":"https:\/\/api.w.org\/{rel}","templated":true}]}}