

{"id":24,"date":"2025-07-31T15:39:48","date_gmt":"2025-07-31T19:39:48","guid":{"rendered":"https:\/\/sites.temple.edu\/ikslab\/?page_id=24"},"modified":"2025-09-25T16:49:52","modified_gmt":"2025-09-25T20:49:52","slug":"people","status":"publish","type":"page","link":"https:\/\/sites.temple.edu\/ikslab\/people\/","title":{"rendered":"People"},"content":{"rendered":"\n<p><\/p>\n\n\n\n<h2 class=\"wp-block-heading\"><\/h2>\n\n\n\n<figure class=\"wp-block-image size-large is-resized\"><img loading=\"lazy\" decoding=\"async\" width=\"683\" height=\"1024\" src=\"https:\/\/sites.temple.edu\/ikslab\/files\/2025\/09\/Sariyer_3-683x1024.jpg\" alt=\"\" class=\"wp-image-163\" style=\"width:350px\" srcset=\"https:\/\/sites.temple.edu\/ikslab\/files\/2025\/09\/Sariyer_3-683x1024.jpg 683w, https:\/\/sites.temple.edu\/ikslab\/files\/2025\/09\/Sariyer_3-200x300.jpg 200w, https:\/\/sites.temple.edu\/ikslab\/files\/2025\/09\/Sariyer_3-768x1152.jpg 768w, https:\/\/sites.temple.edu\/ikslab\/files\/2025\/09\/Sariyer_3-1024x1536.jpg 1024w, https:\/\/sites.temple.edu\/ikslab\/files\/2025\/09\/Sariyer_3-1365x2048.jpg 1365w, https:\/\/sites.temple.edu\/ikslab\/files\/2025\/09\/Sariyer_3-800x1200.jpg 800w, https:\/\/sites.temple.edu\/ikslab\/files\/2025\/09\/Sariyer_3-67x100.jpg 67w, https:\/\/sites.temple.edu\/ikslab\/files\/2025\/09\/Sariyer_3-scaled.jpg 1707w\" sizes=\"auto, (max-width: 683px) 100vw, 683px\" \/><\/figure>\n\n\n\n<h2 class=\"wp-block-heading\"><strong>Ilker K. Sariyer, DVM, PhD <\/strong><\/h2>\n\n\n\n<p>Principal Investigator<\/p>\n\n\n\n<hr class=\"wp-block-separator has-alpha-channel-opacity\" \/>\n\n\n\n<p><\/p>\n\n\n\n<h2 class=\"wp-block-heading\"><\/h2>\n\n\n\n<figure class=\"wp-block-image size-large is-resized\"><img loading=\"lazy\" decoding=\"async\" width=\"683\" height=\"1024\" src=\"https:\/\/sites.temple.edu\/ikslab\/files\/2025\/09\/Donadoni_1-1-683x1024.jpg\" alt=\"\" class=\"wp-image-155\" style=\"width:350px\" srcset=\"https:\/\/sites.temple.edu\/ikslab\/files\/2025\/09\/Donadoni_1-1-683x1024.jpg 683w, https:\/\/sites.temple.edu\/ikslab\/files\/2025\/09\/Donadoni_1-1-200x300.jpg 200w, https:\/\/sites.temple.edu\/ikslab\/files\/2025\/09\/Donadoni_1-1-768x1152.jpg 768w, https:\/\/sites.temple.edu\/ikslab\/files\/2025\/09\/Donadoni_1-1-1024x1536.jpg 1024w, https:\/\/sites.temple.edu\/ikslab\/files\/2025\/09\/Donadoni_1-1-1365x2048.jpg 1365w, https:\/\/sites.temple.edu\/ikslab\/files\/2025\/09\/Donadoni_1-1-800x1200.jpg 800w, https:\/\/sites.temple.edu\/ikslab\/files\/2025\/09\/Donadoni_1-1-67x100.jpg 67w, https:\/\/sites.temple.edu\/ikslab\/files\/2025\/09\/Donadoni_1-1-scaled.jpg 1707w\" sizes=\"auto, (max-width: 683px) 100vw, 683px\" \/><\/figure>\n\n\n\n<h2 class=\"wp-block-heading\">Martina Donadoni, PhD<\/h2>\n\n\n\n<p>Research Scientist<\/p>\n\n\n\n<hr class=\"wp-block-separator has-alpha-channel-opacity\" \/>\n\n\n\n<p><\/p>\n\n\n\n<h2 class=\"wp-block-heading\"><\/h2>\n\n\n\n<figure class=\"wp-block-image size-large is-resized\"><img loading=\"lazy\" decoding=\"async\" width=\"683\" height=\"1024\" src=\"https:\/\/sites.temple.edu\/ikslab\/files\/2025\/09\/Bellizzi_3-1-683x1024.jpg\" alt=\"\" class=\"wp-image-156\" style=\"width:350px\" srcset=\"https:\/\/sites.temple.edu\/ikslab\/files\/2025\/09\/Bellizzi_3-1-683x1024.jpg 683w, https:\/\/sites.temple.edu\/ikslab\/files\/2025\/09\/Bellizzi_3-1-200x300.jpg 200w, https:\/\/sites.temple.edu\/ikslab\/files\/2025\/09\/Bellizzi_3-1-768x1152.jpg 768w, https:\/\/sites.temple.edu\/ikslab\/files\/2025\/09\/Bellizzi_3-1-1024x1536.jpg 1024w, https:\/\/sites.temple.edu\/ikslab\/files\/2025\/09\/Bellizzi_3-1-1365x2048.jpg 1365w, https:\/\/sites.temple.edu\/ikslab\/files\/2025\/09\/Bellizzi_3-1-800x1200.jpg 800w, https:\/\/sites.temple.edu\/ikslab\/files\/2025\/09\/Bellizzi_3-1-67x100.jpg 67w, https:\/\/sites.temple.edu\/ikslab\/files\/2025\/09\/Bellizzi_3-1-scaled.jpg 1707w\" sizes=\"auto, (max-width: 683px) 100vw, 683px\" \/><\/figure>\n\n\n\n<h2 class=\"wp-block-heading\">Anna Bellizzi, PhD<\/h2>\n\n\n\n<p>Research Scientist<\/p>\n\n\n\n<hr class=\"wp-block-separator has-alpha-channel-opacity\" \/>\n\n\n\n<h2 class=\"wp-block-heading\"><\/h2>\n\n\n\n<figure class=\"wp-block-image size-large is-resized\"><img loading=\"lazy\" decoding=\"async\" width=\"683\" height=\"1024\" src=\"https:\/\/sites.temple.edu\/ikslab\/files\/2025\/09\/Cakir_4-1-683x1024.jpg\" alt=\"\" class=\"wp-image-157\" style=\"width:350px\" srcset=\"https:\/\/sites.temple.edu\/ikslab\/files\/2025\/09\/Cakir_4-1-683x1024.jpg 683w, https:\/\/sites.temple.edu\/ikslab\/files\/2025\/09\/Cakir_4-1-200x300.jpg 200w, https:\/\/sites.temple.edu\/ikslab\/files\/2025\/09\/Cakir_4-1-768x1152.jpg 768w, https:\/\/sites.temple.edu\/ikslab\/files\/2025\/09\/Cakir_4-1-1024x1536.jpg 1024w, https:\/\/sites.temple.edu\/ikslab\/files\/2025\/09\/Cakir_4-1-1365x2048.jpg 1365w, https:\/\/sites.temple.edu\/ikslab\/files\/2025\/09\/Cakir_4-1-800x1200.jpg 800w, https:\/\/sites.temple.edu\/ikslab\/files\/2025\/09\/Cakir_4-1-67x100.jpg 67w, https:\/\/sites.temple.edu\/ikslab\/files\/2025\/09\/Cakir_4-1-scaled.jpg 1707w\" sizes=\"auto, (max-width: 683px) 100vw, 683px\" \/><\/figure>\n\n\n\n<h2 class=\"wp-block-heading\">Senem \u00c7ak<strong>\u0131<\/strong>r<\/h2>\n\n\n\n<p>Research Associate<\/p>\n\n\n\n<hr class=\"wp-block-separator has-alpha-channel-opacity\" \/>\n\n\n\n<h2 class=\"wp-block-heading\"><\/h2>\n\n\n\n<figure class=\"wp-block-image size-large is-resized\"><img loading=\"lazy\" decoding=\"async\" width=\"683\" height=\"1024\" src=\"https:\/\/sites.temple.edu\/ikslab\/files\/2025\/09\/Swingler_1-1-683x1024.jpg\" alt=\"\" class=\"wp-image-158\" style=\"width:350px\" srcset=\"https:\/\/sites.temple.edu\/ikslab\/files\/2025\/09\/Swingler_1-1-683x1024.jpg 683w, https:\/\/sites.temple.edu\/ikslab\/files\/2025\/09\/Swingler_1-1-200x300.jpg 200w, https:\/\/sites.temple.edu\/ikslab\/files\/2025\/09\/Swingler_1-1-768x1152.jpg 768w, https:\/\/sites.temple.edu\/ikslab\/files\/2025\/09\/Swingler_1-1-1024x1536.jpg 1024w, https:\/\/sites.temple.edu\/ikslab\/files\/2025\/09\/Swingler_1-1-1365x2048.jpg 1365w, https:\/\/sites.temple.edu\/ikslab\/files\/2025\/09\/Swingler_1-1-800x1200.jpg 800w, https:\/\/sites.temple.edu\/ikslab\/files\/2025\/09\/Swingler_1-1-67x100.jpg 67w, https:\/\/sites.temple.edu\/ikslab\/files\/2025\/09\/Swingler_1-1-scaled.jpg 1707w\" sizes=\"auto, (max-width: 683px) 100vw, 683px\" \/><\/figure>\n\n\n\n<h2 class=\"wp-block-heading\">Michael J. Swingler<\/h2>\n\n\n\n<p>Graduate Student<\/p>\n\n\n\n<hr class=\"wp-block-separator has-alpha-channel-opacity\" \/>\n\n\n\n<h2 class=\"wp-block-heading\"><\/h2>\n\n\n\n<div class=\"wp-block-group is-nowrap is-layout-flex wp-container-core-group-is-layout-ad2f72ca wp-block-group-is-layout-flex\">\n<figure class=\"wp-block-image size-large is-resized\"><img loading=\"lazy\" decoding=\"async\" width=\"683\" height=\"1024\" src=\"https:\/\/sites.temple.edu\/ikslab\/files\/2025\/09\/Pasteris-1-683x1024.jpg\" alt=\"\" class=\"wp-image-159\" style=\"width:350px\" srcset=\"https:\/\/sites.temple.edu\/ikslab\/files\/2025\/09\/Pasteris-1-683x1024.jpg 683w, https:\/\/sites.temple.edu\/ikslab\/files\/2025\/09\/Pasteris-1-200x300.jpg 200w, https:\/\/sites.temple.edu\/ikslab\/files\/2025\/09\/Pasteris-1-768x1152.jpg 768w, https:\/\/sites.temple.edu\/ikslab\/files\/2025\/09\/Pasteris-1-1024x1536.jpg 1024w, https:\/\/sites.temple.edu\/ikslab\/files\/2025\/09\/Pasteris-1-1365x2048.jpg 1365w, https:\/\/sites.temple.edu\/ikslab\/files\/2025\/09\/Pasteris-1-800x1200.jpg 800w, https:\/\/sites.temple.edu\/ikslab\/files\/2025\/09\/Pasteris-1-67x100.jpg 67w, https:\/\/sites.temple.edu\/ikslab\/files\/2025\/09\/Pasteris-1-scaled.jpg 1707w\" sizes=\"auto, (max-width: 683px) 100vw, 683px\" \/><\/figure>\n\n\n\n<p><a href=\"https:\/\/sites.temple.edu\/ikslab\/people\/\" target=\"_blank\" rel=\"noreferrer noopener\"><\/a><\/p>\n<\/div>\n\n\n\n<h2 class=\"wp-block-heading\">Matthew Pasteris<\/h2>\n\n\n\n<p>Graduate Student<\/p>\n\n\n\n<hr class=\"wp-block-separator has-alpha-channel-opacity\" \/>\n\n\n\n<h2 class=\"wp-block-heading\"><\/h2>\n\n\n\n<figure class=\"wp-block-image size-large is-resized\"><img loading=\"lazy\" decoding=\"async\" width=\"683\" height=\"1024\" src=\"https:\/\/sites.temple.edu\/ikslab\/files\/2025\/09\/Tasdemir_3-683x1024.jpg\" alt=\"\" class=\"wp-image-177\" style=\"width:350px\" srcset=\"https:\/\/sites.temple.edu\/ikslab\/files\/2025\/09\/Tasdemir_3-683x1024.jpg 683w, https:\/\/sites.temple.edu\/ikslab\/files\/2025\/09\/Tasdemir_3-200x300.jpg 200w, https:\/\/sites.temple.edu\/ikslab\/files\/2025\/09\/Tasdemir_3-768x1151.jpg 768w, https:\/\/sites.temple.edu\/ikslab\/files\/2025\/09\/Tasdemir_3-1025x1536.jpg 1025w, https:\/\/sites.temple.edu\/ikslab\/files\/2025\/09\/Tasdemir_3-1366x2048.jpg 1366w, https:\/\/sites.temple.edu\/ikslab\/files\/2025\/09\/Tasdemir_3-800x1200.jpg 800w, https:\/\/sites.temple.edu\/ikslab\/files\/2025\/09\/Tasdemir_3-67x100.jpg 67w, https:\/\/sites.temple.edu\/ikslab\/files\/2025\/09\/Tasdemir_3-scaled.jpg 1708w\" sizes=\"auto, (max-width: 683px) 100vw, 683px\" \/><\/figure>\n\n\n\n<h2 class=\"wp-block-heading\">Do\u011fa Ta\u015fdemir<\/h2>\n\n\n\n<p>Graduate Student<\/p>\n\n\n\n<p><\/p>\n","protected":false},"excerpt":{"rendered":"<p>Ilker K. Sariyer, DVM, PhD Principal Investigator Martina Donadoni, PhD Research Scientist Anna Bellizzi, PhD Research Scientist Senem \u00c7ak\u0131r Research Associate Michael J. Swingler Graduate Student Matthew Pasteris Graduate Student Do\u011fa Ta\u015fdemir Graduate Student<\/p>\n","protected":false},"author":37320,"featured_media":54,"parent":0,"menu_order":0,"comment_status":"closed","ping_status":"closed","template":"","meta":{"_monsterinsights_skip_tracking":false,"_monsterinsights_sitenote_active":false,"_monsterinsights_sitenote_note":"","_monsterinsights_sitenote_category":0,"footnotes":""},"class_list":["post-24","page","type-page","status-publish","has-post-thumbnail","hentry"],"_links":{"self":[{"href":"https:\/\/sites.temple.edu\/ikslab\/wp-json\/wp\/v2\/pages\/24","targetHints":{"allow":["GET"]}}],"collection":[{"href":"https:\/\/sites.temple.edu\/ikslab\/wp-json\/wp\/v2\/pages"}],"about":[{"href":"https:\/\/sites.temple.edu\/ikslab\/wp-json\/wp\/v2\/types\/page"}],"author":[{"embeddable":true,"href":"https:\/\/sites.temple.edu\/ikslab\/wp-json\/wp\/v2\/users\/37320"}],"replies":[{"embeddable":true,"href":"https:\/\/sites.temple.edu\/ikslab\/wp-json\/wp\/v2\/comments?post=24"}],"version-history":[{"count":13,"href":"https:\/\/sites.temple.edu\/ikslab\/wp-json\/wp\/v2\/pages\/24\/revisions"}],"predecessor-version":[{"id":178,"href":"https:\/\/sites.temple.edu\/ikslab\/wp-json\/wp\/v2\/pages\/24\/revisions\/178"}],"wp:featuredmedia":[{"embeddable":true,"href":"https:\/\/sites.temple.edu\/ikslab\/wp-json\/wp\/v2\/media\/54"}],"wp:attachment":[{"href":"https:\/\/sites.temple.edu\/ikslab\/wp-json\/wp\/v2\/media?parent=24"}],"curies":[{"name":"wp","href":"https:\/\/api.w.org\/{rel}","templated":true}]}}