

{"id":100,"date":"2025-02-11T10:29:44","date_gmt":"2025-02-11T15:29:44","guid":{"rendered":"https:\/\/sites.temple.edu\/efaire\/?page_id=100"},"modified":"2026-02-27T14:00:07","modified_gmt":"2026-02-27T19:00:07","slug":"repair","status":"publish","type":"page","link":"https:\/\/sites.temple.edu\/efaire\/repair\/","title":{"rendered":"Repair"},"content":{"rendered":"\n<h2 class=\"wp-block-heading has-custom-pink-color has-text-color has-link-color has-medium-font-size wp-elements-ba2399924e26727885400071cff7c72a\"><\/h2>\n\n\n\n<p>The Open Call for the 2026 Electronics Faire is now open!<\/p>\n\n\n\n<p><a href=\"https:\/\/airtable.com\/appVncyffpzmqjBYc\/pag90mKsm2MHntDXR\/form\">Click Here for the Application Link<\/a><\/p>\n\n\n\n<p><strong>Call for Proposals: Repair Electronics Faire<\/strong><\/p>\n\n\n\n<p>Temple University Libraries Loretta C Duckworth Digital Scholars Studio, in collaboration with the Tyler School of Art and Architecture, and the Boyer College of Music and Dance invite submissions for organizations to table, individual or group paper presentations, workshops, performances, and artworks for the <em>Repair Electronics Faire<\/em> on April 9 and 10, 2026.<\/p>\n\n\n\n<p><strong>This Year\u2019s Theme, <\/strong><em><strong>Repair<\/strong><\/em><\/p>\n\n\n\n<p>This year\u2019s theme follows the Electronics Faire founding principle that while the history of electronics is entangled with violence, manifold traditions of marginalized communities using electronics as a form of social relating, intimacy, and resistance continue to flourish. Following mending movements and care cultures, we invite scholars, artists, practitioners, and organizations to propose works that engage with repair as a maintenance protocol, cultural practice, and queer and abolitionist methodology. Our definition of repair follows Eve Kosofsky Sedgwick\u2019s analytic approach that<\/p>\n\n\n\n<blockquote class=\"wp-block-quote is-layout-flow wp-block-quote-is-layout-flow\">\n<p>The desire of a reparative impulse, on the other hand, is additive and accretive. Its fear, a realistic one, is that the culture surrounding it is inadequate or inimical to its nurture; it wants to assemble and confer plenitude on an object that will then have resources to offer to an inchoate self.<\/p>\n<\/blockquote>\n\n\n\n<p>We invite submissions that focus on the technical aspects of repairing electronic media and objects and\/or radically imagine the myriad ways that electronic media can contribute to community, collective, and interpersonal repair. We welcome myriad interpretations and meditations on this theme. Proposals may engage with the following questions, or ask their own:&nbsp;<\/p>\n\n\n\n<ul class=\"wp-block-list\">\n<li>What does a reparative impulse applied to electronic objects look like?<\/li>\n\n\n\n<li>How can we design, invent, mend, and imagine electronic objects within a reparative politic?<\/li>\n\n\n\n<li>In what ways can we use, misuse, and reuse electronic objects to keep ourselves and our communities safe?<\/li>\n\n\n\n<li>In what ways do electronics facilitate community care?<\/li>\n<\/ul>\n\n\n\n<p><strong>Event Information:&nbsp;<\/strong><\/p>\n\n\n\n<p>This is an in-person event taking place on April 9th and 10th at Temple University\u2019s Charles Library in Philadelphia, PA. Paper presentations will be recorded for online viewing after the event.<\/p>\n\n\n\n<p><strong>Keynote Series: TBA<\/strong><\/p>\n\n\n\n<p><strong>Workshops<\/strong><\/p>\n\n\n\n<p>Workshop Instructors will be compensated with a $350 honorarium per workshop. Each workshop will be granted a budget of up to $150 for materials. Workshop sessions must be at least ninety minutes long and can be a maximum of four hours long. To preserve the intimacy and spirit of the event and our classroom sizes, some workshops will be capped at 8 participants each and some at 15. If your workshop requires a larger group, please indicate that on your application so we know what classroom size you will need. Keep in mind that a larger group will result in the same $150 materials budget.<\/p>\n\n\n\n<p><strong>Lo-dB Restorative Performances (curated by Sandra James and Michelle Temple)<\/strong><\/p>\n\n\n\n<p>We are looking for performers and instrument makers to play in our Low Decibel, restorative ensemble showcasing performances centered around this year\u2019s theme,&nbsp;<em>Repair<\/em>. We are personally interested in repair as a way to acknowledge our music and music technology histories that are exclusive by nature; we welcome performances that work to repair social and political injustices. Repair can also refer to repurposed and reconfigured materials, works that specifically engage with reparative or healing work. Performances will close out the Electronics Faire on Friday, April 10th in the afternoon through the early evening on the library\u2019s roof terrace. Open to groups or solo artists.<\/p>\n\n\n\n<p><strong>Art Exhibition (curated by Ollie Goss and Hannah Tardie):<\/strong><\/p>\n\n\n\n<p>The Electronics Faire affiliated exhibition is open to artists, crafts people, and practitioners working in a variety of mediums that specifically engage with this year\u2019s theme, <em>Repair<\/em>. Repair can refer to repurposed and reconfigured materials, works that specifically engage with reparative or healing work, or other interpretations on the theme. This year\u2019s exhibition will be held at Ulises Bookstore and will feature an accompanying publication.<\/p>\n\n\n\n<p>All&nbsp;submissions are due by <strong>March 1st, 2026, at 11:59 PM<\/strong><em>. <\/em>Please read about this year\u2019s theme and browse the bibliography before completing your submission.<\/p>\n\n\n\n<p><strong>&nbsp;Submission Requirements:<\/strong><\/p>\n\n\n\n<p><strong>Talk\/ Paper Presentation Submission:<\/strong> Abstract of 400-800 words. Paper Presentations should be 15 minutes in length.<\/p>\n\n\n\n<p><strong>Workshop Submission: <\/strong>Workshop Description of 200-400 words + accompanying media (photo, video, audio) demonstrating what will be done in the workshop or past iterations of the workshop, technical requirements (outlet access and equipment needs) and a Bill of Materials draft.&nbsp;<\/p>\n\n\n\n<p><strong>Organization Tabling Submission: <\/strong>Website, Mission Statement, Table Needs (size, outlet access, and any other requirements)<\/p>\n\n\n\n<p><strong>Art Submission:\u00a0<\/strong>\u00a0Title, Medium, Size, and Date of work. Installation requirements. Up to 300-word Artist Statement and up to a 150-word statement about the work. If your work has specific technical requirements please reach out to <a href=\"mailto:hanna.tardie@temple.edu\" target=\"_blank\" rel=\"noreferrer noopener\">hannah.tardie@temple.edu<\/a> to see if we can accommodate your piece. All works must be shipped to Philadelphia, PA by March 15th, 2026. \u00a0The exhibition will take place at Ulises Bookstore in Philadelphia.\u00a0Further exhibition\u00a0details will be provided upon acceptance.\u00a0You may submit up to 3 works for consideration. Please submit only one image or video per work being submitted.<\/p>\n\n\n\n<p><strong>Performance Submission: Lo-dB Restorative <\/strong>asks for submissions for live performance, audio, or multimedia. Fixed media will be looped on large monitors and a small sound system. Live performances will be held outdoors on the terrace, weather permitting. Lo-dB, for this call, means keeping performances subtle and quiet as a complement to the library environment. Please submit a 300 word Artist Statement and up to 150-word statement about the work. Additionally, include any tech needs, supplemental links to current work, or a clip of the piece you wish to submit. Group submissions are permitted. Performance durations should not exceed 20 minutes, multimedia pieces should be under 7 minutes. Artists may submit one piece.<\/p>\n\n\n\n<p><strong>If submitting to more than one category:<\/strong><\/p>\n\n\n\n<p>Please upload&nbsp;<strong>one pdf\/doc per submission<\/strong>&nbsp;that includes the materials required (abstract, images, statements, links to video, etc). If you are applying for multiple categories, make sure each category submission has a separate pdf\/doc. <strong>If applicable, please link to video. Do not upload video files. If you have any issues with your submission, including uploading attachments, please reach out to Hannah at hannah.tardie@temple.edu<\/strong><\/p>\n\n\n\n<p><strong>&#8230;<\/strong><\/p>\n\n\n\n<p><strong>Repair Bibliography and Inspiration:<\/strong><\/p>\n\n\n\n<p><a href=\"https:\/\/whitney.org\/exhibitions\/kevin-beasley#exhibition-videos\" target=\"_blank\" rel=\"noreferrer noopener\"><em>A View of&nbsp;a Landscape<\/em><\/a><a href=\"https:\/\/whitney.org\/exhibitions\/kevin-beasley#exhibition-videos\" target=\"_blank\" rel=\"noreferrer noopener\">,<\/a> Kevin Beasley<\/p>\n\n\n\n<p><a href=\"https:\/\/alt-text-as-poetry.net\/\" target=\"_blank\" rel=\"noreferrer noopener\">Alt-Text as Poetry<\/a> Finnegan and Bojana<\/p>\n\n\n\n<p><a href=\"https:\/\/www.canalprojects.org\/fernando-palma-rodriguez\" target=\"_blank\" rel=\"noreferrer noopener\"><em>\u0100mant\u0113cay\u014dtl: And When it Disappears, it is Said, the Moon has Died<\/em><\/a><a href=\"https:\/\/www.canalprojects.org\/fernando-palma-rodriguez\" target=\"_blank\" rel=\"noreferrer noopener\">,<\/a> Fernando Palma Rodr\u00edguez<\/p>\n\n\n\n<p><a href=\"https:\/\/kristofkintera.com\/pages-work\/astra-urbanocena.htm\" target=\"_blank\" rel=\"noreferrer noopener\"><em>Astra Urbanocena, <\/em><\/a>Kristof Kintera<\/p>\n\n\n\n<p><a href=\"https:\/\/www.ivanadama.com\/audiblesilence\" target=\"_blank\" rel=\"noreferrer noopener\"><em>Audible Silence<\/em><\/a><a href=\"https:\/\/www.ivanadama.com\/audiblesilence\" target=\"_blank\" rel=\"noreferrer noopener\">,<\/a> Ivana Dama<\/p>\n\n\n\n<p><a href=\"https:\/\/ccam.world\/projects\/bads-lab\/\" target=\"_blank\" rel=\"noreferrer noopener\"><em>BADs Lab<\/em><\/a><a href=\"https:\/\/ccam.world\/projects\/bads-lab\/\" target=\"_blank\" rel=\"noreferrer noopener\">, <\/a>CCAM Chicago<\/p>\n\n\n\n<p><a href=\"https:\/\/thekitchen.org\/on-view\/code-switch-distributing-blackness-reprogramming-internet-art\/?utm_campaign=feed&amp;utm_medium=referral&amp;utm_source=later-linkinbio\" target=\"_blank\" rel=\"noreferrer noopener\">Code Switch: Distributing Blackness, Reprogramming Internet Art<\/a> Organized by Legacy Russell<\/p>\n\n\n\n<p><a href=\"https:\/\/www.instagram.com\/p\/DRBCKhwjG9h\/?igsh=enBqbTNjYnEzYW8x\" target=\"_blank\" rel=\"noreferrer noopener\"><em>Dermasonic Grief<\/em><\/a> by Chrissy Brimmage<\/p>\n\n\n\n<p><a href=\"https:\/\/www.fondazionebonotto.org\/en\/collection\/fluxus\/vostellwolf\/3518.html\" target=\"_blank\" rel=\"noreferrer noopener\"><em>Endogene Depression<\/em><\/a><a href=\"https:\/\/www.fondazionebonotto.org\/en\/collection\/fluxus\/vostellwolf\/3518.html\" target=\"_blank\" rel=\"noreferrer noopener\">,<\/a> David Vostell<\/p>\n\n\n\n<p><a href=\"https:\/\/sfpc.study\/blog\/gluemaking-and-reconnecting\" target=\"_blank\" rel=\"noreferrer noopener\"><em>Glue-making and re-connecting<\/em><\/a><a href=\"https:\/\/sfpc.study\/blog\/gluemaking-and-reconnecting\" target=\"_blank\" rel=\"noreferrer noopener\"> <\/a>by Dri Chiu Tattersfield<em>,<\/em>&nbsp;Jeffrey Yoo Warren<\/p>\n\n\n\n<p><a href=\"https:\/\/artsoftheworkingclass.org\/text\/guerrilla-frequencies\" target=\"_blank\" rel=\"noreferrer noopener\">Guerrilla Frequencies<\/a>, Jordan Deal<\/p>\n\n\n\n<p><a href=\"https:\/\/refresh.zhdk.ch\/refresh-3\/masterclasses\/tabita-rezaire\/\" target=\"_blank\" rel=\"noreferrer noopener\">Lubricate Coil Engine<\/a> Tabita Rezaire<\/p>\n\n\n\n<p><a href=\"https:\/\/www.homieshelpinghomies.com\/\" target=\"_blank\" rel=\"noreferrer noopener\"><em>Homies Helping Homies<\/em><\/a>, Philadelphia<\/p>\n\n\n\n<p><a href=\"https:\/\/clarekoury.com\/If-You-Can-Read-This-Thank-The-Phoenicians\" target=\"_blank\" rel=\"noreferrer noopener\"><em>If You Can Read This, Thank the Phoenicians<\/em><\/a><a href=\"https:\/\/clarekoury.com\/If-You-Can-Read-This-Thank-The-Phoenicians\" target=\"_blank\" rel=\"noreferrer noopener\">,<\/a> Clare Koury<\/p>\n\n\n\n<p><a href=\"https:\/\/www.automatcollective.com\/past-exhibitions\/williamtoney_inmotion_automat\" target=\"_blank\" rel=\"noreferrer noopener\"><em>In Motion<\/em><\/a><a href=\"https:\/\/www.automatcollective.com\/past-exhibitions\/williamtoney_inmotion_automat\" target=\"_blank\" rel=\"noreferrer noopener\">,<\/a> Will Toney<\/p>\n\n\n\n<p><a href=\"https:\/\/ifixit.com\/\" target=\"_blank\" rel=\"noreferrer noopener\">I fix It <\/a>Hardware Repair Resource<\/p>\n\n\n\n<p><a href=\"https:\/\/librarysearch.temple.edu\/catalog\/991006515529703811\" target=\"_blank\" rel=\"noreferrer noopener\"><em>Love, guilt and reparation, and other works, 1921-1945<\/em><\/a> by Melanie Klein<\/p>\n\n\n\n<p><a href=\"blank\" target=\"_blank\" rel=\"noreferrer noopener\"><em>Maintenance and Care<\/em><\/a> by Shannon Mattern<\/p>\n\n\n\n<p><a href=\"https:\/\/carlcraig.bandcamp.com\/track\/my-machines\" target=\"_blank\" rel=\"noreferrer noopener\"><em>My Machines<\/em><\/a><a href=\"https:\/\/carlcraig.bandcamp.com\/track\/my-machines\" target=\"_blank\" rel=\"noreferrer noopener\">,<\/a> Carl Craig<\/p>\n\n\n\n<p><a href=\"https:\/\/librarysearch.temple.edu\/catalog\/991038604508803811\" target=\"_blank\" rel=\"noreferrer noopener\"><em>Raving<\/em><\/a><a href=\"https:\/\/librarysearch.temple.edu\/catalog\/991038604508803811\" target=\"_blank\" rel=\"noreferrer noopener\"> <\/a>by McKenzie Wark<\/p>\n\n\n\n<p><a href=\"https:\/\/sfpc.study\/blog\/mystical-machines\" target=\"_blank\" rel=\"noreferrer noopener\"><em>Reimagining and Revealing Our Relationship with Machines through Mystical Practice<\/em><\/a><a href=\"https:\/\/sfpc.study\/blog\/mystical-machines\" target=\"_blank\" rel=\"noreferrer noopener\"> <\/a>by Aarati Akkapeddi<em>,<\/em>&nbsp;Erica Kermani<\/p>\n\n\n\n<p><a href=\"https:\/\/jackieis.online\/projects\/relational-dance-dance\" target=\"_blank\" rel=\"noreferrer noopener\"><em>Relational Dance Dance<\/em><\/a> by Jackie Liu<\/p>\n\n\n\n<p><a href=\"https:\/\/miguelcintarobles.com\/prototipo-1-0_a\" target=\"_blank\" rel=\"noreferrer noopener\"><em>Prototipo 1.0_A (Tecnolog\u00edas de visi\u00f3n forestal)<\/em><\/a><em>, <\/em>miguel cinta robles<\/p>\n\n\n\n<p><a href=\"https:\/\/www.ioanavrememoser.com\/screaming-minerals\" target=\"_blank\" rel=\"noreferrer noopener\"><em>Screaming Minerals,<\/em><\/a><a href=\"https:\/\/www.ioanavrememoser.com\/screaming-minerals\" target=\"_blank\" rel=\"noreferrer noopener\"> <\/a>Ioana Vreme Moser<\/p>\n\n\n\n<p><a href=\"https:\/\/www.tanyabonakdargallery.com\/exhibitions\/382-susan-philipsz-sleep-close-and-fast-tanya-bonakdar-gallery-los-angeles\/\" target=\"_blank\" rel=\"noreferrer noopener\"><em>Sleep Close and Fast<\/em><\/a><a href=\"https:\/\/www.tanyabonakdargallery.com\/exhibitions\/382-susan-philipsz-sleep-close-and-fast-tanya-bonakdar-gallery-los-angeles\/\" target=\"_blank\" rel=\"noreferrer noopener\">,<\/a> Susan Philipsz<\/p>\n\n\n\n<p><a href=\"https:\/\/sonicliberationdevices.com\/\" target=\"_blank\" rel=\"noreferrer noopener\"><em>Sonic Liberation Devices,<\/em><\/a> by DJ LITA and collaborators<\/p>\n\n\n\n<p><a href=\"https:\/\/art21.org\/watch\/extended-play\/nick-cave-thick-skin-short\/\" target=\"_blank\" rel=\"noreferrer noopener\"><em>Sound Suits,<\/em><\/a> Nick Cave<\/p>\n\n\n\n<p><a href=\"https:\/\/www.mori.art.museum\/english\/contents\/leebul\/introduction\/01.html\" target=\"_blank\" rel=\"noreferrer noopener\"><em>Sorry for Suffering,<\/em><\/a><a href=\"https:\/\/www.mori.art.museum\/english\/contents\/leebul\/introduction\/01.html\" target=\"_blank\" rel=\"noreferrer noopener\"> <\/a>Lee Bul<\/p>\n\n\n\n<p><a href=\"https:\/\/www.inquirer.com\/news\/philadelphia\/street-artists-septa-bus-arrival-tracker-south-philadelphia-20251215.html\" target=\"_blank\" rel=\"noreferrer noopener\">Street Artists\u2019 Realtime Bus Tracker,<\/a> Make It Weird and collaborator Bird<\/p>\n\n\n\n<p><a href=\"https:\/\/www.solarpowerforartists.com\/\" target=\"_blank\" rel=\"noreferrer noopener\"><em>Solar Power for Artists<\/em><\/a><\/p>\n\n\n\n<p><a href=\"https:\/\/www.guggenheim.org\/exhibition\/sarah-sze-timelapse\" target=\"_blank\" rel=\"noreferrer noopener\"><em>Timelapse<\/em><\/a><a href=\"https:\/\/www.guggenheim.org\/exhibition\/sarah-sze-timelapse\" target=\"_blank\" rel=\"noreferrer noopener\">,<\/a> Sarah Sze<\/p>\n\n\n\n<p><a href=\"https:\/\/templeos.org\/\" target=\"_blank\" rel=\"noreferrer noopener\"><em>Temple OS<\/em><\/a> by Terry Davis<\/p>\n\n\n\n<p><a href=\"https:\/\/zalikaazim.com\/selected-works\" target=\"_blank\" rel=\"noreferrer noopener\"><em>The Future is Present, The Harbinger is Home, Prospect,<\/em><\/a> by Zalika Azim,<em> <\/em>rafa Esparza, Dewey Tofoya, and curated by Miranda Lash and Ebony G<\/p>\n\n\n\n<p><a href=\"https:\/\/whitney.org\/collection\/works\/8922\" target=\"_blank\" rel=\"noreferrer noopener\"><em>Transfer,<\/em><\/a><em> William Anastasi<\/em><\/p>\n\n\n\n<p><a href=\"https:\/\/thekitchen.org\/on-view\/two-person-operating-system-type-2\/\" target=\"_blank\" rel=\"noreferrer noopener\">Two Person Operating System Type 2<\/a> Martha Friedman and Susan Marshall<\/p>\n\n\n\n<p><a href=\"https:\/\/www.artsy.net\/artwork\/juliana-huxtable-untitled-casual-power-1\" target=\"_blank\" rel=\"noreferrer noopener\"><em>Untitled (Casual Power),<\/em><\/a> Julianna Huxtable<\/p>\n\n\n\n<p><a href=\"https:\/\/mohrizm.net\/works\/3-musics\/\" target=\"_blank\" rel=\"noreferrer noopener\"><em>3 Musics<\/em><\/a><a href=\"https:\/\/mohrizm.net\/works\/3-musics\/\" target=\"_blank\" rel=\"noreferrer noopener\">,<\/a> Yuko Mohri<\/p>\n\n\n\n<p><a href=\"https:\/\/library.temple.edu\/categories\/360-deg-virtual-exhibits\" target=\"_blank\" rel=\"noreferrer noopener\"><em>360 Virtual Exhibit of the Charles L. Blockson Collection<\/em><\/a><a href=\"https:\/\/library.temple.edu\/categories\/360-deg-virtual-exhibits\" target=\"_blank\" rel=\"noreferrer noopener\"> <\/a>by Jasmine Clark and collaborators<\/p>\n\n\n\n<p><\/p>\n","protected":false},"excerpt":{"rendered":"<p>The Open Call for the 2026 Electronics Faire is now open! Click Here for the Application Link Call for Proposals: Repair Electronics Faire Temple University Libraries Loretta C Duckworth Digital Scholars Studio, in collaboration with the Tyler School of Art and Architecture, and the Boyer College of Music and Dance invite submissions for organizations to [&hellip;]<\/p>\n","protected":false},"author":35723,"featured_media":0,"parent":0,"menu_order":0,"comment_status":"closed","ping_status":"closed","template":"","meta":{"_monsterinsights_skip_tracking":false,"_monsterinsights_sitenote_active":false,"_monsterinsights_sitenote_note":"","_monsterinsights_sitenote_category":0,"footnotes":""},"class_list":["post-100","page","type-page","status-publish","hentry"],"_links":{"self":[{"href":"https:\/\/sites.temple.edu\/efaire\/wp-json\/wp\/v2\/pages\/100","targetHints":{"allow":["GET"]}}],"collection":[{"href":"https:\/\/sites.temple.edu\/efaire\/wp-json\/wp\/v2\/pages"}],"about":[{"href":"https:\/\/sites.temple.edu\/efaire\/wp-json\/wp\/v2\/types\/page"}],"author":[{"embeddable":true,"href":"https:\/\/sites.temple.edu\/efaire\/wp-json\/wp\/v2\/users\/35723"}],"replies":[{"embeddable":true,"href":"https:\/\/sites.temple.edu\/efaire\/wp-json\/wp\/v2\/comments?post=100"}],"version-history":[{"count":13,"href":"https:\/\/sites.temple.edu\/efaire\/wp-json\/wp\/v2\/pages\/100\/revisions"}],"predecessor-version":[{"id":566,"href":"https:\/\/sites.temple.edu\/efaire\/wp-json\/wp\/v2\/pages\/100\/revisions\/566"}],"wp:attachment":[{"href":"https:\/\/sites.temple.edu\/efaire\/wp-json\/wp\/v2\/media?parent=100"}],"curies":[{"name":"wp","href":"https:\/\/api.w.org\/{rel}","templated":true}]}}