

{"id":315,"date":"2018-04-11T10:46:47","date_gmt":"2018-04-11T14:46:47","guid":{"rendered":"https:\/\/sites.temple.edu\/csarts\/?page_id=315"},"modified":"2020-11-11T09:40:58","modified_gmt":"2020-11-11T14:40:58","slug":"festival-2018","status":"publish","type":"page","link":"https:\/\/sites.temple.edu\/csarts\/test\/festival-2018\/","title":{"rendered":"2018"},"content":{"rendered":"\t\t<div data-elementor-type=\"wp-page\" data-elementor-id=\"315\" class=\"elementor elementor-315\" data-elementor-post-type=\"page\">\n\t\t\t\t\t\t<section class=\"elementor-section elementor-top-section elementor-element elementor-element-36d912ef elementor-section-boxed elementor-section-height-default elementor-section-height-default\" data-id=\"36d912ef\" data-element_type=\"section\" data-e-type=\"section\">\n\t\t\t\t\t\t<div class=\"elementor-container elementor-column-gap-default\">\n\t\t\t\t\t<div class=\"elementor-column elementor-col-100 elementor-top-column elementor-element elementor-element-6db1f67e\" data-id=\"6db1f67e\" data-element_type=\"column\" data-e-type=\"column\">\n\t\t\t<div class=\"elementor-widget-wrap elementor-element-populated\">\n\t\t\t\t\t\t<div class=\"elementor-element elementor-element-7223eb45 elementor-widget elementor-widget-text-editor\" data-id=\"7223eb45\" data-element_type=\"widget\" data-e-type=\"widget\" data-widget_type=\"text-editor.default\">\n\t\t\t\t<div class=\"elementor-widget-container\">\n\t\t\t\t\t\t\t\t\t<img fetchpriority=\"high\" decoding=\"async\" class=\"aligncenter size-medium wp-image-516\" src=\"https:\/\/sites.temple.edu\/csarts\/files\/2020\/03\/3-1000x275.jpg\" alt=\"\" width=\"1000\" height=\"275\" srcset=\"https:\/\/sites.temple.edu\/csarts\/files\/2020\/03\/3-1000x275.jpg 1000w, https:\/\/sites.temple.edu\/csarts\/files\/2020\/03\/3-768x211.jpg 768w, https:\/\/sites.temple.edu\/csarts\/files\/2020\/03\/3-624x171.jpg 624w, https:\/\/sites.temple.edu\/csarts\/files\/2020\/03\/3.jpg 1412w\" sizes=\"(max-width: 1000px) 100vw, 1000px\" \/>\n<p style=\"text-align: center\"><span style=\"font-weight: 400\"><strong>CSArts<\/strong> interdisciplinary working group at Temple University presents <\/span><span style=\"font-weight: 400\">an Earth Week international video festival, April 16-20<\/span><i><\/i><b><\/b><\/p>\n<p style=\"text-align: center\">April 16<span style=\"font-weight: 400\"> \u00a0Opening events<\/span> <span style=\"font-weight: 400\">Temple Science Education and Research Center\u00a0<\/span><span style=\"font-weight: 400\">1925 N 12th Street<\/span><span style=\"font-weight: 400\">\n\n<br>Program I: <\/span><span style=\"font-weight: 400\">5:30 pm \u00a0SERC video wall installation ( daily to Apr 20, 5 -10pm )\n<\/span><\/p>\n<p style=\"text-align: center\"><strong><a style=\"color: #008000\" href=\"https:\/\/sites.temple.edu\/csarts\/2020\/02\/11\/test\/\">[ IMAGES ]<\/a><\/strong><\/p>\n<p style=\"text-align: center\"><b>World-Wide-Walks \/ between earth &amp; water \/ DESERTS\n<\/b><span style=\"font-weight: 400\">Peter d\u2019Agostino <\/span><b><br>Everyday Brilliance: Flow and Reflection in Wissahickon Creek\n<\/b><span style=\"font-weight: 400\">Meri\u00e1n Soto<\/span><\/p>\n<p style=\"text-align: left\"><i style=\"font-size: 1rem\">\u00a0\u00a0<\/i><img decoding=\"async\" class=\"aligncenter size-medium wp-image-518\" src=\"https:\/\/sites.temple.edu\/csarts\/files\/2020\/03\/4-1000x272.jpg\" alt=\"\" width=\"1000\" height=\"272\" srcset=\"https:\/\/sites.temple.edu\/csarts\/files\/2020\/03\/4-1000x272.jpg 1000w, https:\/\/sites.temple.edu\/csarts\/files\/2020\/03\/4-768x209.jpg 768w, https:\/\/sites.temple.edu\/csarts\/files\/2020\/03\/4-624x170.jpg 624w, https:\/\/sites.temple.edu\/csarts\/files\/2020\/03\/4.jpg 1414w\" sizes=\"(max-width: 1000px) 100vw, 1000px\" \/><\/p>\n<p style=\"text-align: center\"><span style=\"font-weight: 400\">Program II<\/span><span style=\"font-weight: 400\">: \u00a06:00 pm \u00a0SERC 110B \u00a0Media Arts, Dance &amp; Science<\/span> <span style=\"font-weight: 400\">projects <\/span><span style=\"font-weight: 400\">\n<\/span><b>\n<br>Our Health, Our City \u00a0<\/b><span style=\"font-weight: 400\">Plastic Commune \/ Michael Kuetemeyer\n<\/span><b>\n<br>Mi Nombre es Olive Ridley<\/b><span style=\"font-weight: 400\"> \u00a0<\/span><span style=\"font-weight: 400\">Deirdre Maitre\n<\/span><b>\n<br>Where \u00a0<\/b><span style=\"font-weight: 400\">Ying\u00a0Yu<\/span><b><br>Source \u00a0<\/b><span style=\"font-weight: 400\">Prudence Amsden, Teressa Barr, Alissa Elegant <\/span><span style=\"font-weight: 400\">\n<\/span><span style=\"font-weight: 400\">Tyra Jones-Blains, Enya-Kalia Jordan, Kalila Kingsford Smith<\/span><span style=\"font-weight: 400\">\n<\/span><span style=\"font-weight: 400\">Dawn States, Avi Wold-Bou<\/span><span style=\"font-size: 1rem\">rochoff<\/span><b><br>Through the Eyes of<\/b><b style=\"font-size: 1rem\">\u00a0Integ<\/b><b style=\"font-size: 1rem\">rative Ecologists\n<\/b><span style=\"font-weight: 400\">Jocelyn Behm, Matthew Helmus \u00a0Integrative Ecology Lab ( iEcoLab )\n<\/span><i style=\"font-size: 1rem\"><\/i><\/p>\n<img decoding=\"async\" class=\"aligncenter size-medium wp-image-520\" src=\"https:\/\/sites.temple.edu\/csarts\/files\/2020\/03\/5-1000x276.jpg\" alt=\"\" width=\"1000\" height=\"276\" srcset=\"https:\/\/sites.temple.edu\/csarts\/files\/2020\/03\/5-1000x276.jpg 1000w, https:\/\/sites.temple.edu\/csarts\/files\/2020\/03\/5-768x212.jpg 768w, https:\/\/sites.temple.edu\/csarts\/files\/2020\/03\/5-624x172.jpg 624w, https:\/\/sites.temple.edu\/csarts\/files\/2020\/03\/5.jpg 1415w\" sizes=\"(max-width: 1000px) 100vw, 1000px\" \/>\n<p style=\"text-align: center\"><b>CSArts<\/b><span style=\"font-weight: 400\"> is supported by the Film &amp; Media Art<\/span><span style=\"font-size: 1rem\">s Sustainability Fund<\/span><\/p>\n<p style=\"text-align: center\"><a style=\"color: #008000\" href=\"https:\/\/sites.temple.edu\/csarts\/files\/2018\/04\/2018-CSArts-program.pdf\"><b>[ FULL PROGRAM ATTACHED ]<\/b><\/a><\/p>\n<p style=\"text-align: center\"><b>Apr 18<\/b><span style=\"font-weight: 400\"> \u00a0\u00a0Program III:<\/span><span style=\"font-weight: 400\"> \u00a05:30pm \u00a0Tuttleman Learning Center Room 400<\/span><\/p>\n<p style=\"text-align: center\"><b>Inner Nature: Against the Tide <\/b><span style=\"font-weight: 400\">\n<\/span><span style=\"font-weight: 400\">Curated by: Estela L\u00f3pez De Frutos, Lorena Rodr\u00edguez Mattal\u00eda <\/span><span style=\"font-weight: 400\">\n<\/span><span style=\"font-weight: 400\">Chiara Sgaramella \u00a0Polytechnic University of Valencia, Spain<\/span><\/p>\n<p style=\"text-align: center\"><img loading=\"lazy\" decoding=\"async\" class=\"size-medium wp-image-323 aligncenter\" style=\"font-size: 1rem\" src=\"https:\/\/sites.temple.edu\/csarts\/files\/2018\/04\/1-INNER-N--824x500.jpg\" alt=\"\" width=\"824\" height=\"500\" srcset=\"https:\/\/sites.temple.edu\/csarts\/files\/2018\/04\/1-INNER-N--824x500.jpg 824w, https:\/\/sites.temple.edu\/csarts\/files\/2018\/04\/1-INNER-N--768x466.jpg 768w, https:\/\/sites.temple.edu\/csarts\/files\/2018\/04\/1-INNER-N--1688x1024.jpg 1688w, https:\/\/sites.temple.edu\/csarts\/files\/2018\/04\/1-INNER-N--624x379.jpg 624w, https:\/\/sites.temple.edu\/csarts\/files\/2018\/04\/1-INNER-N-.jpg 1800w\" sizes=\"(max-width: 824px) 100vw, 824px\" \/><\/p>\t\t\t\t\t\t\t\t<\/div>\n\t\t\t\t<\/div>\n\t\t\t\t\t<\/div>\n\t\t<\/div>\n\t\t\t\t\t<\/div>\n\t\t<\/section>\n\t\t\t\t<\/div>\n\t\t","protected":false},"excerpt":{"rendered":"<p>CSArts interdisciplinary working group at Temple University presents an Earth Week international video festival, April 16-20 April 16 \u00a0Opening events Temple Science Education and Research Center\u00a01925 N 12th Street Program I: 5:30 pm \u00a0SERC video wall installation ( daily to Apr 20, 5 -10pm ) [ IMAGES ] World-Wide-Walks \/ between earth &amp; water \/ [&hellip;]<\/p>\n","protected":false},"author":13499,"featured_media":0,"parent":127,"menu_order":6,"comment_status":"closed","ping_status":"closed","template":"","meta":{"footnotes":""},"class_list":["post-315","page","type-page","status-publish","hentry"],"_links":{"self":[{"href":"https:\/\/sites.temple.edu\/csarts\/wp-json\/wp\/v2\/pages\/315","targetHints":{"allow":["GET"]}}],"collection":[{"href":"https:\/\/sites.temple.edu\/csarts\/wp-json\/wp\/v2\/pages"}],"about":[{"href":"https:\/\/sites.temple.edu\/csarts\/wp-json\/wp\/v2\/types\/page"}],"author":[{"embeddable":true,"href":"https:\/\/sites.temple.edu\/csarts\/wp-json\/wp\/v2\/users\/13499"}],"replies":[{"embeddable":true,"href":"https:\/\/sites.temple.edu\/csarts\/wp-json\/wp\/v2\/comments?post=315"}],"version-history":[{"count":0,"href":"https:\/\/sites.temple.edu\/csarts\/wp-json\/wp\/v2\/pages\/315\/revisions"}],"up":[{"embeddable":true,"href":"https:\/\/sites.temple.edu\/csarts\/wp-json\/wp\/v2\/pages\/127"}],"wp:attachment":[{"href":"https:\/\/sites.temple.edu\/csarts\/wp-json\/wp\/v2\/media?parent=315"}],"curies":[{"name":"wp","href":"https:\/\/api.w.org\/{rel}","templated":true}]}}