

{"id":24,"date":"2022-01-27T16:15:56","date_gmt":"2022-01-27T21:15:56","guid":{"rendered":"https:\/\/sites.temple.edu\/carceralgeographies\/?page_id=24"},"modified":"2022-04-19T13:40:31","modified_gmt":"2022-04-19T17:40:31","slug":"guantanamo-bay","status":"publish","type":"page","link":"https:\/\/sites.temple.edu\/carceralgeographies\/guantanamo-bay\/","title":{"rendered":"Guantanamo Bay and Restorative Justice"},"content":{"rendered":"\n<p>By Josh Palackal<\/p>\n\n\n\n<p>Guantanamo Bay, one of the most well-known military prisons in the world, acts as a great case study for examining the intersection of carceral geographies and environmental injustices on an international scale. <\/p>\n\n\n\n<h2 class=\"has-text-align-center has-background has-large-font-size wp-block-heading\" style=\"background-color:#d8eefb\">A Brief History of the Guantanamo Bay Detention Camp <\/h2>\n\n\n\n<p>While the Guantanamo Bay naval base has existed since 1903, the associated military prison has been in use since January 11th of 2002. It was built to detain Muslim people suspected of terrorism as part of the &#8220;War on Terror.&#8221; Former President Bush chose to locate the prison in this area specifically due to the fact that it was not on U.S. soil. Because it is located in Cuba and not the United States, the U.S. government was able to argue that those contained within the prison walls were not entitled to rights under U.S. law. Specifically, habeas corpus rights which protect individuals against unlawful detention. <\/p>\n\n\n\n<figure class=\"wp-block-image size-large\"><img loading=\"lazy\" decoding=\"async\" width=\"1024\" height=\"534\" src=\"https:\/\/sites.temple.edu\/carceralgeographies\/files\/2022\/04\/entrance-internment-facility-Camp-Delta-Cuba-Guantanamo-1-1024x534.jpeg\" alt=\"\" class=\"wp-image-83\" srcset=\"https:\/\/sites.temple.edu\/carceralgeographies\/files\/2022\/04\/entrance-internment-facility-Camp-Delta-Cuba-Guantanamo-1-1024x534.jpeg 1024w, https:\/\/sites.temple.edu\/carceralgeographies\/files\/2022\/04\/entrance-internment-facility-Camp-Delta-Cuba-Guantanamo-1-300x156.jpeg 300w, https:\/\/sites.temple.edu\/carceralgeographies\/files\/2022\/04\/entrance-internment-facility-Camp-Delta-Cuba-Guantanamo-1-768x400.jpeg 768w, https:\/\/sites.temple.edu\/carceralgeographies\/files\/2022\/04\/entrance-internment-facility-Camp-Delta-Cuba-Guantanamo-1-1536x801.jpeg 1536w, https:\/\/sites.temple.edu\/carceralgeographies\/files\/2022\/04\/entrance-internment-facility-Camp-Delta-Cuba-Guantanamo-1.jpeg 1600w\" sizes=\"auto, (max-width: 1024px) 100vw, 1024px\" \/><\/figure>\n\n\n\n<p>Today, there are approximately 39 inmates residing in Guantanamo Bay, with almost 800 people in total having been imprisoned since the military prison&#8217;s opening (nearly all without charge or trial). Despite numerous calls to close this facility, former President Trump pledged to expand the prison, and current President Biden has yet to take substantial action toward Guantanamo&#8217;s closure despite campaigning on closing the prison.<\/p>\n\n\n\n<h2 class=\"has-text-align-center has-background has-large-font-size wp-block-heading\" style=\"background-color:#deecf4\">Guantanamo Bay as a Carceral Geography<\/h2>\n\n\n\n<p>Unsurprisingly, Guantanamo detainees are notoriously mistreated and subjected to human rights violations. This, in conjunction with efforts to quell resistance, solidifies Guantanamo Bay as a carceral geography.<\/p>\n\n\n\n<figure class=\"wp-block-image size-large\"><img loading=\"lazy\" decoding=\"async\" width=\"1024\" height=\"576\" src=\"https:\/\/sites.temple.edu\/carceralgeographies\/files\/2022\/04\/GB-cell-1024x576.jpeg\" alt=\"\" class=\"wp-image-86\" srcset=\"https:\/\/sites.temple.edu\/carceralgeographies\/files\/2022\/04\/GB-cell-1024x576.jpeg 1024w, https:\/\/sites.temple.edu\/carceralgeographies\/files\/2022\/04\/GB-cell-300x169.jpeg 300w, https:\/\/sites.temple.edu\/carceralgeographies\/files\/2022\/04\/GB-cell-768x432.jpeg 768w, https:\/\/sites.temple.edu\/carceralgeographies\/files\/2022\/04\/GB-cell.jpeg 1280w\" sizes=\"auto, (max-width: 1024px) 100vw, 1024px\" \/><figcaption>A cell in Guantanamo Bay<\/figcaption><\/figure>\n\n\n\n<h2 class=\"has-text-align-center has-cyan-bluish-gray-background-color has-background wp-block-heading\" style=\"font-size:20px\">Torture<\/h2>\n\n\n\n<p>There are a plethora of ways in which Guantanamo detainees are systematically tortured. This includes, but is not limited to<\/p>\n\n\n\n<ul class=\"wp-block-list\"><li>Isolation (sometimes for up to 30 days)<\/li><li>Up to 20 hours of non-stop interrogation<\/li><li>Exposure to extreme temperatures<\/li><li>Light and auditory deprivation<\/li><li>Withholding of clothes and hygiene products<\/li><li>Physical abuse by Initial Reaction Forces (IRF)<\/li><\/ul>\n\n\n\n<p>The use of torture has not only contributed to worsening physical conditions of detainees, but also the degradation of their mental health, as torture is associated with higher rates and vulnerabilities to stress disorders. <\/p>\n\n\n\n<h2 class=\"has-text-align-center has-cyan-bluish-gray-background-color has-background wp-block-heading\" style=\"font-size:20px\">Improper Medical Care<\/h2>\n\n\n\n<p>According to various human rights experts, access to medical care in Guantanamo Bay is abysmal. There is a severe lack of medical resources in this institution. For example, coronary artery disease patients have been left untreated due to a lack of cardiovascular health resources in the prison. Torture rehabilitation is also non-existent. <\/p>\n\n\n\n<figure class=\"wp-block-image size-full\"><img loading=\"lazy\" decoding=\"async\" width=\"1024\" height=\"683\" src=\"https:\/\/sites.temple.edu\/carceralgeographies\/files\/2022\/04\/GB-Hospital.jpeg\" alt=\"\" class=\"wp-image-84\" srcset=\"https:\/\/sites.temple.edu\/carceralgeographies\/files\/2022\/04\/GB-Hospital.jpeg 1024w, https:\/\/sites.temple.edu\/carceralgeographies\/files\/2022\/04\/GB-Hospital-300x200.jpeg 300w, https:\/\/sites.temple.edu\/carceralgeographies\/files\/2022\/04\/GB-Hospital-768x512.jpeg 768w\" sizes=\"auto, (max-width: 1024px) 100vw, 1024px\" \/><figcaption>A hospital room in Guantanamo Bay<\/figcaption><\/figure>\n\n\n\n<p>Prisoners are also subject to physical restraints during medical examinations. Abdul Latif Nasser, a Guantanamo detainee, has said that during his monthly medical appointments, he is forced to wear ankle restraints as well as a stomach brace with handcuffs attached to the waist. These inhumane practices and lack of proper resources greatly affect ill individuals within Guantanamo Bay, as well as the elderly population within this space, as elderly people are generally in need of more medical care and attention that they are not guaranteed in this prison environment. <\/p>\n\n\n\n<h2 class=\"has-text-align-center has-cyan-bluish-gray-background-color has-background wp-block-heading\" style=\"font-size:20px\">Unjustified Incarceration &amp; Court Date Delays<\/h2>\n\n\n\n<p>As mentioned previously, very few Guantanamo detainees are facing charges or have undergone trial. Since the prison&#8217;s opening in 2002, only 12 individuals have been charged with crimes, and only 2 have ever been convicted by Military Commissions. This is once again, out of nearly 800 total detainees over the course of 2 decades. Severe court delays are also prevalent. The trial of 5 individuals accused of having a part in the September 11th attacks has still not begun. <\/p>\n\n\n\n<h2 class=\"has-text-align-center has-cyan-bluish-gray-background-color has-background wp-block-heading\" style=\"font-size:20px\">Force-Feeding<\/h2>\n\n\n\n<p>One of the most common forms of prisoner resistance and protest within Guantanamo Bay&#8217;s walls is hunger strikes. To combat this resistance, Guantanamo officials have taken to force-feeding as a means of silencing the prisoners. To perpetuate this, &#8220;feeding chairs&#8221; equipped with restraints have been created and utilized in the force-feeding process. Rather than listen to the prisoners and acknowledge their humanity, military officials have decided to commit more violence against them. <\/p>\n\n\n\n<figure class=\"wp-block-image size-full is-resized\"><img loading=\"lazy\" decoding=\"async\" src=\"https:\/\/sites.temple.edu\/carceralgeographies\/files\/2022\/04\/Feeding-Chair.jpg\" alt=\"\" class=\"wp-image-85\" width=\"700\" height=\"437\" srcset=\"https:\/\/sites.temple.edu\/carceralgeographies\/files\/2022\/04\/Feeding-Chair.jpg 960w, https:\/\/sites.temple.edu\/carceralgeographies\/files\/2022\/04\/Feeding-Chair-300x188.jpg 300w, https:\/\/sites.temple.edu\/carceralgeographies\/files\/2022\/04\/Feeding-Chair-768x480.jpg 768w\" sizes=\"auto, (max-width: 700px) 100vw, 700px\" \/><figcaption>Moath al-Alwi, a hunger striker at Guantanamo Bay, is pictured on the left. On the right is a feeding chair at the Guantanamo Bay<\/figcaption><\/figure>\n\n\n\n<p>The use of torture, inadequate healthcare, over-incarceration, severe court delays for detainees, and committing violence against protesters all add substance to the fact that this site is a carceral geography by showcasing Guantanamo Bay as a space of confinement and state-sanctioned violence. <\/p>\n\n\n\n<h2 class=\"has-text-align-center has-black-color has-text-color has-background has-large-font-size wp-block-heading\" style=\"background-color:#d9eaf5\">Guantanamo Bay as a Polluter<\/h2>\n\n\n\n<p>Guantanamo Bay acts as a polluting force in a variety of ways. This facility has perpetuated harm and damaged the well-being of the surrounding natural environment and nearby townspeople.<\/p>\n\n\n\n<h2 class=\"has-text-align-center has-cyan-bluish-gray-background-color has-background wp-block-heading\" style=\"font-size:20px\">Carcinogens and Chemicals<\/h2>\n\n\n\n<p>In the court case <em>Seeger Et Al v. U.S. Department of Defense Et Al<\/em>, a group of lawyers filed a lawsuit against the Department of Defense because of the high presence of dangerous chemicals at Camp Justice, the area in which Guantanamo Bay military commissions are held. Among the list of chemicals that were found were airborne formaldehyde and other known carcinogens, or cancer-causing substances. They connected the presence of these substances to nine known cases of cancer within Camp personnel and alleged that the U.S. Navy&#8217;s investigation of the environmental hazards within the area was flawed. The prevalence of chemicals within Camp Justice has also been associated with cases of Thyroid issues and unusual body growths. Therefore, it is safe to say that Guantanamo Bay is a site of severe air pollution. <\/p>\n\n\n\n<h2 class=\"has-text-align-center has-cyan-bluish-gray-background-color has-background wp-block-heading\" style=\"font-size:20px\">The Caimanera People<\/h2>\n\n\n\n<p>Caimanera is a Cuban town that is also the nearest town to the Guantanamo Bay military base. Because of the forced military occupation of Guantanamo, the people of Caimanera have been forcefully displaced. Many people have lost their jobs, homes, and general livelihoods because of the establishment of the Guantanamo Bay naval base. As a result, The Caimanera people have formed revolutionary groups that seek the closure of the naval base and have been engaging in anti-imperialist praxis and organizing for decades. This highlights Guantanamo Bay as a social polluter due to the harms perpetuated against the Cuban people, which span beyond the prison walls. Since this issue predates the building of the military prison, it goes to show the negative environmental impacts associated with military bases in general as opposed to just military prisons. The problem is the military itself, not just military prisons.<\/p>\n\n\n\n<figure class=\"wp-block-image size-large\"><img loading=\"lazy\" decoding=\"async\" width=\"1024\" height=\"768\" src=\"https:\/\/sites.temple.edu\/carceralgeographies\/files\/2022\/04\/Cuban-protesters-1024x768.jpeg\" alt=\"\" class=\"wp-image-89\" srcset=\"https:\/\/sites.temple.edu\/carceralgeographies\/files\/2022\/04\/Cuban-protesters-1024x768.jpeg 1024w, https:\/\/sites.temple.edu\/carceralgeographies\/files\/2022\/04\/Cuban-protesters-300x225.jpeg 300w, https:\/\/sites.temple.edu\/carceralgeographies\/files\/2022\/04\/Cuban-protesters-768x576.jpeg 768w, https:\/\/sites.temple.edu\/carceralgeographies\/files\/2022\/04\/Cuban-protesters-1536x1152.jpeg 1536w, https:\/\/sites.temple.edu\/carceralgeographies\/files\/2022\/04\/Cuban-protesters-2048x1536.jpeg 2048w\" sizes=\"auto, (max-width: 1024px) 100vw, 1024px\" \/><figcaption>An anti-imperialist protest conducted by the Caimanera people<\/figcaption><\/figure>\n\n\n\n<h2 class=\"has-text-align-center has-cyan-bluish-gray-background-color has-background wp-block-heading\" style=\"font-size:20px\">Coral Reefs<\/h2>\n\n\n\n<p>The natural pollution associated with Guantanamo Bay is not limited to the air. It also affects the surrounding land and water. Researchers have found that the nearby coral reefs have undergone severe stress due to influxes of sedimentation and land-based pollution perpetrated by the Base. The corals have also been harmed by direct sewage originating from the naval base.  <\/p>\n\n\n\n<figure class=\"wp-block-image size-full\"><img loading=\"lazy\" decoding=\"async\" width=\"720\" height=\"480\" src=\"https:\/\/sites.temple.edu\/carceralgeographies\/files\/2022\/04\/coral.jpeg\" alt=\"\" class=\"wp-image-90\" srcset=\"https:\/\/sites.temple.edu\/carceralgeographies\/files\/2022\/04\/coral.jpeg 720w, https:\/\/sites.temple.edu\/carceralgeographies\/files\/2022\/04\/coral-300x200.jpeg 300w\" sizes=\"auto, (max-width: 720px) 100vw, 720px\" \/><figcaption>Coral Reefs in the actual Guantanamo Bay<\/figcaption><\/figure>\n\n\n\n<p>Looking at Guantanamo Bay from a humanitarian and environmental justice perspective, it is clear that this facility is a site of violence and environmental injustice. Therefore, it needs to be permanently closed, and the detainees safely returned home.<\/p>\n\n\n\n<h2 class=\"has-text-align-center has-background has-large-font-size wp-block-heading\" style=\"background-color:#d7efff\">Abolitionist and Environmentally Just Counter-Terrorism<\/h2>\n\n\n\n<p>In order to move toward an abolitionist and environmental justice framework for dealing with terrorism, we must identify the roots of terrorism, establish policies that attack those roots, and what restorative justice looks like in situations of terrorism. <\/p>\n\n\n\n<h2 class=\"has-text-align-center has-cyan-bluish-gray-background-color has-background wp-block-heading\" style=\"font-size:20px\">Roots of Terrorism<\/h2>\n\n\n\n<p>Capitalist imperialism is directly linked to instances of transnational terrorism. The violent taking of resources, such as oil, from global south countries that the United States military has committed directly, contributes to growing anger amongst the people of that nation. This is also perpetuated by growing American military presence in these countries, which has led to the murders of thousands of civilians across the globe. Imperialism has also created deteriorating socio-economic conditions within afflicted nations, which leaders of transitional terrorist groups have used as a basis for gaining field support. It is important to note that the vast majority of those labeled as &#8220;terrorists&#8221; are younger men from poor economies who are often unemployed or underemployed. Therefore, any efforts to combat transnational terrorism must come from anti-capitalist and anti-imperialist perspectives.<\/p>\n\n\n\n<h2 class=\"has-text-align-center has-cyan-bluish-gray-background-color has-background wp-block-heading\" style=\"font-size:20px\">Humane, Substantive, Counter-Terrorism Policies <\/h2>\n\n\n\n<ul class=\"wp-block-list\"><li>Defunding and eventually abolishing the military-industrial-complex, thus lowering military presence in foreign countries and stunting capabilities for military violence<\/li><li>Eliminating foreign and domestic military bases and prisons, such as Guantanamo Bay, and returning detainees home<\/li><li>Financial reparations and humanitarian aid toward countries affected by U.S. imperialism<\/li><li>A just transition to renewable and clean energy sources and phasing out the use of oil<\/li><\/ul>\n\n\n\n<figure class=\"wp-block-image size-full is-style-default\"><img loading=\"lazy\" decoding=\"async\" width=\"800\" height=\"782\" src=\"https:\/\/sites.temple.edu\/carceralgeographies\/files\/2022\/04\/Anti-war-protest.jpeg\" alt=\"\" class=\"wp-image-91\" srcset=\"https:\/\/sites.temple.edu\/carceralgeographies\/files\/2022\/04\/Anti-war-protest.jpeg 800w, https:\/\/sites.temple.edu\/carceralgeographies\/files\/2022\/04\/Anti-war-protest-300x293.jpeg 300w, https:\/\/sites.temple.edu\/carceralgeographies\/files\/2022\/04\/Anti-war-protest-768x751.jpeg 768w\" sizes=\"auto, (max-width: 800px) 100vw, 800px\" \/><\/figure>\n\n\n\n<h2 class=\"has-text-align-center has-cyan-bluish-gray-background-color has-background wp-block-heading\" style=\"font-size:20px\">Restorative Justice Praxis <\/h2>\n\n\n\n<p>What does restorative justice look like when applied to terrorist attacks? Examples of this type of restorative justice are limited to domestic terror attacks, as it is easier to facilitate restorative justice practices with domestic offenders and because domestic terrorism occurs more frequently than transnational terrorism, which is an exaggerated threat. <\/p>\n\n\n\n<p>In March of 2004, 3 train stations in Madrid, Spain were bombed by an al-Quaeda terrorist cell. 2 years later, a Spanish miner who sold the explosives, Emilio Su\u00e1rez Trashorras, later had a voluntary restorative justice encounter met with a victim named Jes\u00fas Ram\u00edrez. Trashorras had been reflecting on his actions in prison, and Ram\u00edrez sought answers to questions that no one else in his life could answer. After gaining consent from both parties to have a mediation meeting, two restorative justice facilitators brought Ram\u00edrez to a private room within El Dueso prison. Five chairs were positioned in a circle, with the victim and perpetrator sitting opposite of one another. At the meeting, Trashorras explained that he wanted to take responsibility for his actions, sincerely apologized for the harm he caused, and was able to tell his side of the story. Ram\u00edrez talked about the pain he experienced, both physical and emotional, as a result of the attacks. The conversation lasted around 3 hours, and by the end, each party was able to recognize each other&#8217;s suffering. In the end, Ram\u00edrez felt that &#8220;he had obtained a recognition that removed him definitively from the role of victim and connected him, again, with life.&#8221; He had closure.<\/p>\n\n\n\n<p>Restorative justice in terrorism cases is possible. Rather than respond to domestic or international violence through increased policing of minority populations and military presence in foreign countries, we should acknowledge the role that the U.S. has played in the international terrorist efforts and advocate for policies that seek to diminish the power of the military. Only then can we create a world that is safer, not just for those affected directly by imperialist efforts, but for all who inhabit it.<\/p>\n","protected":false},"excerpt":{"rendered":"<p>By Josh Palackal Guantanamo Bay, one of the most well-known military prisons in the world, acts as a great case study for examining the intersection&#8230;<\/p>\n<div class=\"more-link-wrapper\"><a class=\"more-link\" href=\"https:\/\/sites.temple.edu\/carceralgeographies\/guantanamo-bay\/\">Continue reading<span class=\"screen-reader-text\">Guantanamo Bay and Restorative Justice<\/span><\/a><\/div>\n","protected":false},"author":31352,"featured_media":0,"parent":0,"menu_order":0,"comment_status":"closed","ping_status":"closed","template":"","meta":{"footnotes":""},"class_list":["post-24","page","type-page","status-publish","hentry","entry"],"_links":{"self":[{"href":"https:\/\/sites.temple.edu\/carceralgeographies\/wp-json\/wp\/v2\/pages\/24","targetHints":{"allow":["GET"]}}],"collection":[{"href":"https:\/\/sites.temple.edu\/carceralgeographies\/wp-json\/wp\/v2\/pages"}],"about":[{"href":"https:\/\/sites.temple.edu\/carceralgeographies\/wp-json\/wp\/v2\/types\/page"}],"author":[{"embeddable":true,"href":"https:\/\/sites.temple.edu\/carceralgeographies\/wp-json\/wp\/v2\/users\/31352"}],"replies":[{"embeddable":true,"href":"https:\/\/sites.temple.edu\/carceralgeographies\/wp-json\/wp\/v2\/comments?post=24"}],"version-history":[{"count":0,"href":"https:\/\/sites.temple.edu\/carceralgeographies\/wp-json\/wp\/v2\/pages\/24\/revisions"}],"wp:attachment":[{"href":"https:\/\/sites.temple.edu\/carceralgeographies\/wp-json\/wp\/v2\/media?parent=24"}],"curies":[{"name":"wp","href":"https:\/\/api.w.org\/{rel}","templated":true}]}}