

{"id":11446,"date":"2026-04-22T09:47:01","date_gmt":"2026-04-22T13:47:01","guid":{"rendered":"https:\/\/sites.temple.edu\/borguet\/?page_id=11446"},"modified":"2026-04-23T21:28:51","modified_gmt":"2026-04-24T01:28:51","slug":"kevin-malecamp","status":"publish","type":"page","link":"https:\/\/sites.temple.edu\/borguet\/kevin-malecamp\/","title":{"rendered":"K\u00e9vin Malecamp"},"content":{"rendered":"\t\t<div data-elementor-type=\"wp-page\" data-elementor-id=\"11446\" class=\"elementor elementor-11446\" data-elementor-post-type=\"page\">\n\t\t\t\t\t\t<section class=\"elementor-section elementor-top-section elementor-element elementor-element-1d61055f elementor-section-boxed elementor-section-height-default elementor-section-height-default\" data-id=\"1d61055f\" data-element_type=\"section\" data-e-type=\"section\">\n\t\t\t\t\t\t<div class=\"elementor-container elementor-column-gap-default\">\n\t\t\t\t\t<div class=\"elementor-column elementor-col-100 elementor-top-column elementor-element elementor-element-57b62ff7\" data-id=\"57b62ff7\" data-element_type=\"column\" data-e-type=\"column\">\n\t\t\t<div class=\"elementor-widget-wrap elementor-element-populated\">\n\t\t\t\t\t\t<div class=\"elementor-element elementor-element-6a707efd elementor-widget elementor-widget-text-editor\" data-id=\"6a707efd\" data-element_type=\"widget\" data-e-type=\"widget\" data-widget_type=\"text-editor.default\">\n\t\t\t\t<div class=\"elementor-widget-container\">\n\t\t\t\t\t\t\t\t\t<p>K\u00e9vin Malecamp, <a href=\"mailto:kevin.malecamp@enscl.centralelille.fr\">kevin.malecamp@enscl.centralelille.fr<\/a><\/p><p><img decoding=\"async\" class=\"wp-image-10998 size-medium alignright\" src=\"https:\/\/sites.temple.edu\/borguet\/files\/2026\/04\/Kevin-Malecamp-1.jpg\" alt=\"\" width=\"180\" height=\"199\" \/><\/p><div class=\"elementToProof\"><p>I was born in Paris, France, and I am currently an engineering student at \u00c9cole Nationale Sup\u00e9rieure de Chimie de Lille (Centrale Lille &#8211; ENSCL), where I am pursuing a degree in chemistry, with a particular focus on polymer and organic chemistry, analytical techniques, and materials science.<\/p><\/div><div data-ogsc=\"\">As part of my international experience, I joined the group of Dr. Eric Borguet in April 2026 to work on metal-organic frameworks (MOFs). Through this experience, I am developing practical skills in experimental research, data interpretation, and scientific communication, while deepening my interest in interfacial adsorption chemistry. My long-term goal is to deepen my understanding of these mechanisms in order to effectively apply them in my future career.<\/div><div>\u00a0<\/div><p><a href=\"https:\/\/sites.temple.edu\/borguet\/files\/2026\/04\/Resume-Kevin-Malecamp.pdf\">K\u00e9vin&#8217;s R\u00e9sum\u00e9<\/a><\/p><p><a style=\"font-size: 1rem\" href=\"https:\/\/sites.temple.edu\/borguet\/members\/\">Return to Current Members page<\/a><\/p><p><a href=\"http:\/\/sites.temple.edu\/borguet\">Return to Home Page<\/a><\/p>\t\t\t\t\t\t\t\t<\/div>\n\t\t\t\t<\/div>\n\t\t\t\t\t<\/div>\n\t\t<\/div>\n\t\t\t\t\t<\/div>\n\t\t<\/section>\n\t\t\t\t<\/div>\n\t\t","protected":false},"excerpt":{"rendered":"<p>K\u00e9vin Malecamp, kevin.malecamp@enscl.centralelille.fr I was born in Paris, France, and I am currently an engineering student at \u00c9cole Nationale Sup\u00e9rieure de Chimie de Lille (Centrale Lille &#8211; ENSCL), where I am pursuing a degree in chemistry, with a particular focus on polymer and organic chemistry, analytical techniques, and materials science. As part of my international &hellip; <\/p>\n<p class=\"link-more\"><a href=\"https:\/\/sites.temple.edu\/borguet\/kevin-malecamp\/\" class=\"more-link\">Continue reading<span class=\"screen-reader-text\"> &#8220;K\u00e9vin Malecamp&#8221;<\/span><\/a><\/p>\n","protected":false},"author":37900,"featured_media":0,"parent":0,"menu_order":0,"comment_status":"closed","ping_status":"closed","template":"","meta":{"_coblocks_attr":"","_coblocks_dimensions":"","_coblocks_responsive_height":"","_coblocks_accordion_ie_support":"","footnotes":""},"class_list":["post-11446","page","type-page","status-publish","hentry"],"yoast_head":"<!-- This site is optimized with the Yoast SEO plugin v27.1.1 - https:\/\/yoast.com\/product\/yoast-seo-wordpress\/ -->\n<title>K\u00e9vin Malecamp - The Borguet Group<\/title>\n<meta name=\"robots\" content=\"index, follow, max-snippet:-1, max-image-preview:large, max-video-preview:-1\" \/>\n<link rel=\"canonical\" href=\"https:\/\/sites.temple.edu\/borguet\/kevin-malecamp\/\" \/>\n<meta property=\"og:locale\" content=\"en_US\" \/>\n<meta property=\"og:type\" content=\"article\" \/>\n<meta property=\"og:title\" content=\"K\u00e9vin Malecamp - The Borguet Group\" \/>\n<meta property=\"og:description\" content=\"K\u00e9vin Malecamp, kevin.malecamp@enscl.centralelille.fr I was born in Paris, France, and I am currently an engineering student at \u00c9cole Nationale Sup\u00e9rieure de Chimie de Lille (Centrale Lille &#8211; ENSCL), where I am pursuing a degree in chemistry, with a particular focus on polymer and organic chemistry, analytical techniques, and materials science. As part of my international &hellip; Continue reading &quot;K\u00e9vin Malecamp&quot;\" \/>\n<meta property=\"og:url\" content=\"https:\/\/sites.temple.edu\/borguet\/kevin-malecamp\/\" \/>\n<meta property=\"og:site_name\" content=\"The Borguet Group\" \/>\n<meta property=\"article:modified_time\" content=\"2026-04-24T01:28:51+00:00\" \/>\n<meta property=\"og:image\" content=\"https:\/\/sites.temple.edu\/borguet\/files\/2025\/02\/Adrian-Mykhnych-pic.jpg\" \/>\n\t<meta property=\"og:image:width\" content=\"682\" \/>\n\t<meta property=\"og:image:height\" content=\"452\" \/>\n\t<meta property=\"og:image:type\" content=\"image\/jpeg\" \/>\n<meta name=\"twitter:card\" content=\"summary_large_image\" \/>\n<meta name=\"twitter:label1\" content=\"Est. reading time\" \/>\n\t<meta name=\"twitter:data1\" content=\"1 minute\" \/>\n<script type=\"application\/ld+json\" class=\"yoast-schema-graph\">{\"@context\":\"https:\/\/schema.org\",\"@graph\":[{\"@type\":\"WebPage\",\"@id\":\"https:\/\/sites.temple.edu\/borguet\/kevin-malecamp\/\",\"url\":\"https:\/\/sites.temple.edu\/borguet\/kevin-malecamp\/\",\"name\":\"K\u00e9vin Malecamp - The Borguet Group\",\"isPartOf\":{\"@id\":\"https:\/\/sites.temple.edu\/borguet\/#website\"},\"primaryImageOfPage\":{\"@id\":\"https:\/\/sites.temple.edu\/borguet\/kevin-malecamp\/#primaryimage\"},\"image\":{\"@id\":\"https:\/\/sites.temple.edu\/borguet\/kevin-malecamp\/#primaryimage\"},\"thumbnailUrl\":\"https:\/\/sites.temple.edu\/borguet\/files\/2026\/04\/Kevin-Malecamp-1.jpg\",\"datePublished\":\"2026-04-22T13:47:01+00:00\",\"dateModified\":\"2026-04-24T01:28:51+00:00\",\"breadcrumb\":{\"@id\":\"https:\/\/sites.temple.edu\/borguet\/kevin-malecamp\/#breadcrumb\"},\"inLanguage\":\"en-US\",\"potentialAction\":[{\"@type\":\"ReadAction\",\"target\":[\"https:\/\/sites.temple.edu\/borguet\/kevin-malecamp\/\"]}]},{\"@type\":\"ImageObject\",\"inLanguage\":\"en-US\",\"@id\":\"https:\/\/sites.temple.edu\/borguet\/kevin-malecamp\/#primaryimage\",\"url\":\"https:\/\/sites.temple.edu\/borguet\/files\/2025\/02\/Adrian-Mykhnych-pic.jpg\",\"contentUrl\":\"https:\/\/sites.temple.edu\/borguet\/files\/2025\/02\/Adrian-Mykhnych-pic.jpg\",\"width\":682,\"height\":452},{\"@type\":\"BreadcrumbList\",\"@id\":\"https:\/\/sites.temple.edu\/borguet\/kevin-malecamp\/#breadcrumb\",\"itemListElement\":[{\"@type\":\"ListItem\",\"position\":1,\"name\":\"Home\",\"item\":\"https:\/\/sites.temple.edu\/borguet\/\"},{\"@type\":\"ListItem\",\"position\":2,\"name\":\"K\u00e9vin Malecamp\"}]},{\"@type\":\"WebSite\",\"@id\":\"https:\/\/sites.temple.edu\/borguet\/#website\",\"url\":\"https:\/\/sites.temple.edu\/borguet\/\",\"name\":\"The Borguet Group\",\"description\":\"\",\"potentialAction\":[{\"@type\":\"SearchAction\",\"target\":{\"@type\":\"EntryPoint\",\"urlTemplate\":\"https:\/\/sites.temple.edu\/borguet\/?s={search_term_string}\"},\"query-input\":{\"@type\":\"PropertyValueSpecification\",\"valueRequired\":true,\"valueName\":\"search_term_string\"}}],\"inLanguage\":\"en-US\"}]}<\/script>\n<!-- \/ Yoast SEO plugin. -->","yoast_head_json":{"title":"K\u00e9vin Malecamp - The Borguet Group","robots":{"index":"index","follow":"follow","max-snippet":"max-snippet:-1","max-image-preview":"max-image-preview:large","max-video-preview":"max-video-preview:-1"},"canonical":"https:\/\/sites.temple.edu\/borguet\/kevin-malecamp\/","og_locale":"en_US","og_type":"article","og_title":"K\u00e9vin Malecamp - The Borguet Group","og_description":"K\u00e9vin Malecamp, kevin.malecamp@enscl.centralelille.fr I was born in Paris, France, and I am currently an engineering student at \u00c9cole Nationale Sup\u00e9rieure de Chimie de Lille (Centrale Lille &#8211; ENSCL), where I am pursuing a degree in chemistry, with a particular focus on polymer and organic chemistry, analytical techniques, and materials science. As part of my international &hellip; Continue reading \"K\u00e9vin Malecamp\"","og_url":"https:\/\/sites.temple.edu\/borguet\/kevin-malecamp\/","og_site_name":"The Borguet Group","article_modified_time":"2026-04-24T01:28:51+00:00","og_image":[{"width":682,"height":452,"url":"https:\/\/sites.temple.edu\/borguet\/files\/2025\/02\/Adrian-Mykhnych-pic.jpg","type":"image\/jpeg"}],"twitter_card":"summary_large_image","twitter_misc":{"Est. reading time":"1 minute"},"schema":{"@context":"https:\/\/schema.org","@graph":[{"@type":"WebPage","@id":"https:\/\/sites.temple.edu\/borguet\/kevin-malecamp\/","url":"https:\/\/sites.temple.edu\/borguet\/kevin-malecamp\/","name":"K\u00e9vin Malecamp - The Borguet Group","isPartOf":{"@id":"https:\/\/sites.temple.edu\/borguet\/#website"},"primaryImageOfPage":{"@id":"https:\/\/sites.temple.edu\/borguet\/kevin-malecamp\/#primaryimage"},"image":{"@id":"https:\/\/sites.temple.edu\/borguet\/kevin-malecamp\/#primaryimage"},"thumbnailUrl":"https:\/\/sites.temple.edu\/borguet\/files\/2026\/04\/Kevin-Malecamp-1.jpg","datePublished":"2026-04-22T13:47:01+00:00","dateModified":"2026-04-24T01:28:51+00:00","breadcrumb":{"@id":"https:\/\/sites.temple.edu\/borguet\/kevin-malecamp\/#breadcrumb"},"inLanguage":"en-US","potentialAction":[{"@type":"ReadAction","target":["https:\/\/sites.temple.edu\/borguet\/kevin-malecamp\/"]}]},{"@type":"ImageObject","inLanguage":"en-US","@id":"https:\/\/sites.temple.edu\/borguet\/kevin-malecamp\/#primaryimage","url":"https:\/\/sites.temple.edu\/borguet\/files\/2025\/02\/Adrian-Mykhnych-pic.jpg","contentUrl":"https:\/\/sites.temple.edu\/borguet\/files\/2025\/02\/Adrian-Mykhnych-pic.jpg","width":682,"height":452},{"@type":"BreadcrumbList","@id":"https:\/\/sites.temple.edu\/borguet\/kevin-malecamp\/#breadcrumb","itemListElement":[{"@type":"ListItem","position":1,"name":"Home","item":"https:\/\/sites.temple.edu\/borguet\/"},{"@type":"ListItem","position":2,"name":"K\u00e9vin Malecamp"}]},{"@type":"WebSite","@id":"https:\/\/sites.temple.edu\/borguet\/#website","url":"https:\/\/sites.temple.edu\/borguet\/","name":"The Borguet Group","description":"","potentialAction":[{"@type":"SearchAction","target":{"@type":"EntryPoint","urlTemplate":"https:\/\/sites.temple.edu\/borguet\/?s={search_term_string}"},"query-input":{"@type":"PropertyValueSpecification","valueRequired":true,"valueName":"search_term_string"}}],"inLanguage":"en-US"}]}},"_links":{"self":[{"href":"https:\/\/sites.temple.edu\/borguet\/wp-json\/wp\/v2\/pages\/11446","targetHints":{"allow":["GET"]}}],"collection":[{"href":"https:\/\/sites.temple.edu\/borguet\/wp-json\/wp\/v2\/pages"}],"about":[{"href":"https:\/\/sites.temple.edu\/borguet\/wp-json\/wp\/v2\/types\/page"}],"author":[{"embeddable":true,"href":"https:\/\/sites.temple.edu\/borguet\/wp-json\/wp\/v2\/users\/37900"}],"replies":[{"embeddable":true,"href":"https:\/\/sites.temple.edu\/borguet\/wp-json\/wp\/v2\/comments?post=11446"}],"version-history":[{"count":13,"href":"https:\/\/sites.temple.edu\/borguet\/wp-json\/wp\/v2\/pages\/11446\/revisions"}],"predecessor-version":[{"id":11521,"href":"https:\/\/sites.temple.edu\/borguet\/wp-json\/wp\/v2\/pages\/11446\/revisions\/11521"}],"wp:attachment":[{"href":"https:\/\/sites.temple.edu\/borguet\/wp-json\/wp\/v2\/media?parent=11446"}],"curies":[{"name":"wp","href":"https:\/\/api.w.org\/{rel}","templated":true}]}}