

{"id":10435,"date":"2025-02-01T13:47:24","date_gmt":"2025-02-01T18:47:24","guid":{"rendered":"https:\/\/sites.temple.edu\/borguet\/?page_id=10435"},"modified":"2025-02-01T13:47:51","modified_gmt":"2025-02-01T18:47:51","slug":"aurelie-chenel","status":"publish","type":"page","link":"https:\/\/sites.temple.edu\/borguet\/aurelie-chenel\/","title":{"rendered":"Aurelie Chenel"},"content":{"rendered":"\t\t<div data-elementor-type=\"wp-page\" data-elementor-id=\"10435\" class=\"elementor elementor-10435\" data-elementor-post-type=\"page\">\n\t\t\t\t\t\t<section class=\"elementor-section elementor-top-section elementor-element elementor-element-3c570f4a elementor-section-boxed elementor-section-height-default elementor-section-height-default\" data-id=\"3c570f4a\" data-element_type=\"section\" data-e-type=\"section\">\n\t\t\t\t\t\t<div class=\"elementor-container elementor-column-gap-default\">\n\t\t\t\t\t<div class=\"elementor-column elementor-col-100 elementor-top-column elementor-element elementor-element-3609acc3\" data-id=\"3609acc3\" data-element_type=\"column\" data-e-type=\"column\">\n\t\t\t<div class=\"elementor-widget-wrap elementor-element-populated\">\n\t\t\t\t\t\t<div class=\"elementor-element elementor-element-1c62124a elementor-widget elementor-widget-text-editor\" data-id=\"1c62124a\" data-element_type=\"widget\" data-e-type=\"widget\" data-widget_type=\"text-editor.default\">\n\t\t\t\t<div class=\"elementor-widget-container\">\n\t\t\t\t\t\t\t\t\t<p><span class=\"blklrgtxt\">Aur\u00e9lie Chenel<\/span><\/p><p><img decoding=\"async\" class=\"size-full wp-image-3214 alignright lazyloaded\" src=\"https:\/\/web.archive.org\/web\/20240723154349im_\/https:\/\/sites.temple.edu\/borguet\/files\/2020\/02\/aurelie-chenel.jpg\" alt=\"\" width=\"165\" height=\"214\" data-src=\"https:\/\/web.archive.org\/web\/20240723154349\/https:\/\/sites.temple.edu\/borguet\/files\/2020\/02\/aurelie-chenel.jpg\" \/><\/p><p>Aurelie was a visiting student from Paris, France. After high school, she studied in CPGE (classes pr\u00e9paratoires aux grandes \u00e9coles), which is a 2-3 year class preparing for highly competitive national entrance examination to French \u2018grandes \u00e9coles.\u2019 She studied in the ENS de Cachan (Ecole Normale Sup\u00e9rieure de Cachan), one of only three institutes of higher education training students to become professors and researchers. In France, her major was chemistry.<\/p><p>She is really interested in physical chemistry. Before coming to the Borguet Group, she spent 4 months working in a theoretical research laboratory on coherent control of the photodissociation of the HeH+ system. She came to Philadelphia to get some experience about experimental research with lasers.<\/p><p><a href=\"https:\/\/sites.temple.edu\/borguet\/former-members\/\">Return to Former Members page<\/a><\/p><p><a href=\"https:\/\/sites.temple.edu\/borguet\/\">Return to Home Page<\/a><\/p>\t\t\t\t\t\t\t\t<\/div>\n\t\t\t\t<\/div>\n\t\t\t\t\t<\/div>\n\t\t<\/div>\n\t\t\t\t\t<\/div>\n\t\t<\/section>\n\t\t\t\t<\/div>\n\t\t","protected":false},"excerpt":{"rendered":"<p>Aur\u00e9lie Chenel Aurelie was a visiting student from Paris, France. After high school, she studied in CPGE (classes pr\u00e9paratoires aux grandes \u00e9coles), which is a 2-3 year class preparing for highly competitive national entrance examination to French \u2018grandes \u00e9coles.\u2019 She studied in the ENS de Cachan (Ecole Normale Sup\u00e9rieure de Cachan), one of only three &hellip; <\/p>\n<p class=\"link-more\"><a href=\"https:\/\/sites.temple.edu\/borguet\/aurelie-chenel\/\" class=\"more-link\">Continue reading<span class=\"screen-reader-text\"> &#8220;Aurelie Chenel&#8221;<\/span><\/a><\/p>\n","protected":false},"author":36620,"featured_media":0,"parent":0,"menu_order":0,"comment_status":"closed","ping_status":"closed","template":"","meta":{"_coblocks_attr":"","_coblocks_dimensions":"","_coblocks_responsive_height":"","_coblocks_accordion_ie_support":"","footnotes":""},"class_list":["post-10435","page","type-page","status-publish","hentry"],"yoast_head":"<!-- This site is optimized with the Yoast SEO plugin v27.1.1 - https:\/\/yoast.com\/product\/yoast-seo-wordpress\/ -->\n<title>Aurelie Chenel - The Borguet Group<\/title>\n<meta name=\"robots\" content=\"index, follow, max-snippet:-1, max-image-preview:large, max-video-preview:-1\" \/>\n<link rel=\"canonical\" href=\"https:\/\/sites.temple.edu\/borguet\/aurelie-chenel\/\" \/>\n<meta property=\"og:locale\" content=\"en_US\" \/>\n<meta property=\"og:type\" content=\"article\" \/>\n<meta property=\"og:title\" content=\"Aurelie Chenel - The Borguet Group\" \/>\n<meta property=\"og:description\" content=\"Aur\u00e9lie Chenel Aurelie was a visiting student from Paris, France. After high school, she studied in CPGE (classes pr\u00e9paratoires aux grandes \u00e9coles), which is a 2-3 year class preparing for highly competitive national entrance examination to French \u2018grandes \u00e9coles.\u2019 She studied in the ENS de Cachan (Ecole Normale Sup\u00e9rieure de Cachan), one of only three &hellip; Continue reading &quot;Aurelie Chenel&quot;\" \/>\n<meta property=\"og:url\" content=\"https:\/\/sites.temple.edu\/borguet\/aurelie-chenel\/\" \/>\n<meta property=\"og:site_name\" content=\"The Borguet Group\" \/>\n<meta property=\"article:modified_time\" content=\"2025-02-01T18:47:51+00:00\" \/>\n<meta name=\"twitter:card\" content=\"summary_large_image\" \/>\n<meta name=\"twitter:label1\" content=\"Est. reading time\" \/>\n\t<meta name=\"twitter:data1\" content=\"1 minute\" \/>\n<script type=\"application\/ld+json\" class=\"yoast-schema-graph\">{\"@context\":\"https:\/\/schema.org\",\"@graph\":[{\"@type\":\"WebPage\",\"@id\":\"https:\/\/sites.temple.edu\/borguet\/aurelie-chenel\/\",\"url\":\"https:\/\/sites.temple.edu\/borguet\/aurelie-chenel\/\",\"name\":\"Aurelie Chenel - The Borguet Group\",\"isPartOf\":{\"@id\":\"https:\/\/sites.temple.edu\/borguet\/#website\"},\"primaryImageOfPage\":{\"@id\":\"https:\/\/sites.temple.edu\/borguet\/aurelie-chenel\/#primaryimage\"},\"image\":{\"@id\":\"https:\/\/sites.temple.edu\/borguet\/aurelie-chenel\/#primaryimage\"},\"thumbnailUrl\":\"https:\/\/web.archive.org\/web\/20240723154349im_\/https:\/\/sites.temple.edu\/borguet\/files\/2020\/02\/aurelie-chenel.jpg\",\"datePublished\":\"2025-02-01T18:47:24+00:00\",\"dateModified\":\"2025-02-01T18:47:51+00:00\",\"breadcrumb\":{\"@id\":\"https:\/\/sites.temple.edu\/borguet\/aurelie-chenel\/#breadcrumb\"},\"inLanguage\":\"en-US\",\"potentialAction\":[{\"@type\":\"ReadAction\",\"target\":[\"https:\/\/sites.temple.edu\/borguet\/aurelie-chenel\/\"]}]},{\"@type\":\"ImageObject\",\"inLanguage\":\"en-US\",\"@id\":\"https:\/\/sites.temple.edu\/borguet\/aurelie-chenel\/#primaryimage\",\"url\":\"https:\/\/web.archive.org\/web\/20240723154349im_\/https:\/\/sites.temple.edu\/borguet\/files\/2020\/02\/aurelie-chenel.jpg\",\"contentUrl\":\"https:\/\/web.archive.org\/web\/20240723154349im_\/https:\/\/sites.temple.edu\/borguet\/files\/2020\/02\/aurelie-chenel.jpg\"},{\"@type\":\"BreadcrumbList\",\"@id\":\"https:\/\/sites.temple.edu\/borguet\/aurelie-chenel\/#breadcrumb\",\"itemListElement\":[{\"@type\":\"ListItem\",\"position\":1,\"name\":\"Home\",\"item\":\"https:\/\/sites.temple.edu\/borguet\/\"},{\"@type\":\"ListItem\",\"position\":2,\"name\":\"Aurelie Chenel\"}]},{\"@type\":\"WebSite\",\"@id\":\"https:\/\/sites.temple.edu\/borguet\/#website\",\"url\":\"https:\/\/sites.temple.edu\/borguet\/\",\"name\":\"The Borguet Group\",\"description\":\"\",\"potentialAction\":[{\"@type\":\"SearchAction\",\"target\":{\"@type\":\"EntryPoint\",\"urlTemplate\":\"https:\/\/sites.temple.edu\/borguet\/?s={search_term_string}\"},\"query-input\":{\"@type\":\"PropertyValueSpecification\",\"valueRequired\":true,\"valueName\":\"search_term_string\"}}],\"inLanguage\":\"en-US\"}]}<\/script>\n<!-- \/ Yoast SEO plugin. -->","yoast_head_json":{"title":"Aurelie Chenel - The Borguet Group","robots":{"index":"index","follow":"follow","max-snippet":"max-snippet:-1","max-image-preview":"max-image-preview:large","max-video-preview":"max-video-preview:-1"},"canonical":"https:\/\/sites.temple.edu\/borguet\/aurelie-chenel\/","og_locale":"en_US","og_type":"article","og_title":"Aurelie Chenel - The Borguet Group","og_description":"Aur\u00e9lie Chenel Aurelie was a visiting student from Paris, France. After high school, she studied in CPGE (classes pr\u00e9paratoires aux grandes \u00e9coles), which is a 2-3 year class preparing for highly competitive national entrance examination to French \u2018grandes \u00e9coles.\u2019 She studied in the ENS de Cachan (Ecole Normale Sup\u00e9rieure de Cachan), one of only three &hellip; Continue reading \"Aurelie Chenel\"","og_url":"https:\/\/sites.temple.edu\/borguet\/aurelie-chenel\/","og_site_name":"The Borguet Group","article_modified_time":"2025-02-01T18:47:51+00:00","twitter_card":"summary_large_image","twitter_misc":{"Est. reading time":"1 minute"},"schema":{"@context":"https:\/\/schema.org","@graph":[{"@type":"WebPage","@id":"https:\/\/sites.temple.edu\/borguet\/aurelie-chenel\/","url":"https:\/\/sites.temple.edu\/borguet\/aurelie-chenel\/","name":"Aurelie Chenel - The Borguet Group","isPartOf":{"@id":"https:\/\/sites.temple.edu\/borguet\/#website"},"primaryImageOfPage":{"@id":"https:\/\/sites.temple.edu\/borguet\/aurelie-chenel\/#primaryimage"},"image":{"@id":"https:\/\/sites.temple.edu\/borguet\/aurelie-chenel\/#primaryimage"},"thumbnailUrl":"https:\/\/web.archive.org\/web\/20240723154349im_\/https:\/\/sites.temple.edu\/borguet\/files\/2020\/02\/aurelie-chenel.jpg","datePublished":"2025-02-01T18:47:24+00:00","dateModified":"2025-02-01T18:47:51+00:00","breadcrumb":{"@id":"https:\/\/sites.temple.edu\/borguet\/aurelie-chenel\/#breadcrumb"},"inLanguage":"en-US","potentialAction":[{"@type":"ReadAction","target":["https:\/\/sites.temple.edu\/borguet\/aurelie-chenel\/"]}]},{"@type":"ImageObject","inLanguage":"en-US","@id":"https:\/\/sites.temple.edu\/borguet\/aurelie-chenel\/#primaryimage","url":"https:\/\/web.archive.org\/web\/20240723154349im_\/https:\/\/sites.temple.edu\/borguet\/files\/2020\/02\/aurelie-chenel.jpg","contentUrl":"https:\/\/web.archive.org\/web\/20240723154349im_\/https:\/\/sites.temple.edu\/borguet\/files\/2020\/02\/aurelie-chenel.jpg"},{"@type":"BreadcrumbList","@id":"https:\/\/sites.temple.edu\/borguet\/aurelie-chenel\/#breadcrumb","itemListElement":[{"@type":"ListItem","position":1,"name":"Home","item":"https:\/\/sites.temple.edu\/borguet\/"},{"@type":"ListItem","position":2,"name":"Aurelie Chenel"}]},{"@type":"WebSite","@id":"https:\/\/sites.temple.edu\/borguet\/#website","url":"https:\/\/sites.temple.edu\/borguet\/","name":"The Borguet Group","description":"","potentialAction":[{"@type":"SearchAction","target":{"@type":"EntryPoint","urlTemplate":"https:\/\/sites.temple.edu\/borguet\/?s={search_term_string}"},"query-input":{"@type":"PropertyValueSpecification","valueRequired":true,"valueName":"search_term_string"}}],"inLanguage":"en-US"}]}},"_links":{"self":[{"href":"https:\/\/sites.temple.edu\/borguet\/wp-json\/wp\/v2\/pages\/10435","targetHints":{"allow":["GET"]}}],"collection":[{"href":"https:\/\/sites.temple.edu\/borguet\/wp-json\/wp\/v2\/pages"}],"about":[{"href":"https:\/\/sites.temple.edu\/borguet\/wp-json\/wp\/v2\/types\/page"}],"author":[{"embeddable":true,"href":"https:\/\/sites.temple.edu\/borguet\/wp-json\/wp\/v2\/users\/36620"}],"replies":[{"embeddable":true,"href":"https:\/\/sites.temple.edu\/borguet\/wp-json\/wp\/v2\/comments?post=10435"}],"version-history":[{"count":4,"href":"https:\/\/sites.temple.edu\/borguet\/wp-json\/wp\/v2\/pages\/10435\/revisions"}],"predecessor-version":[{"id":10439,"href":"https:\/\/sites.temple.edu\/borguet\/wp-json\/wp\/v2\/pages\/10435\/revisions\/10439"}],"wp:attachment":[{"href":"https:\/\/sites.temple.edu\/borguet\/wp-json\/wp\/v2\/media?parent=10435"}],"curies":[{"name":"wp","href":"https:\/\/api.w.org\/{rel}","templated":true}]}}